{"id":11044,"date":"2025-07-21T17:14:13","date_gmt":"2025-07-21T15:14:13","guid":{"rendered":"https:\/\/legrenierdelatour.be\/brocante\/?post_type=product&#038;p=11044"},"modified":"2025-07-21T17:14:13","modified_gmt":"2025-07-21T15:14:13","slug":"assiette-en-ceramique-ernest-bernardy","status":"publish","type":"product","link":"https:\/\/legrenierdelatour.be\/brocante\/produit\/assiette-en-ceramique-ernest-bernardy\/","title":{"rendered":"Assiette en c\u00e9ramique, Ernest Bernardy"},"content":{"rendered":"<p>Belle assiette en c\u00e9ramique \u00e9maill\u00e9e (24 cm de diam\u00e8tre) sign\u00e9e dessous E. Bernardy. elle a \u00e9t\u00e9 offert au 2\u00e8 Double Messieurs du tennis Club de Virton. L\u2019ann\u00e9e n\u2019est pas connue. Ernest Bernardy (Athus 1923-2000), est un artiste athusien, attach\u00e9 \u00e0 la Gaume. Ernest Bernardy, apr\u00e8s avoir fait l\u2019Acad\u00e9mie des Beaux Arts notamment \u00e0 Arlon, travaillera d\u00e8s 1947 comme professeur de dessin puis de c\u00e9ramique \u00e0 l\u2019Ath\u00e9n\u00e9e Royal de Virton. Install\u00e9 \u00e0 Saint Mard, il enseignera jusqu\u2019en 1986.<\/p>\n<div>R\u00e9f 44.54<\/div>\n","protected":false},"excerpt":{"rendered":"<p>Belle assiette en c\u00e9ramique \u00e9maill\u00e9e (24 cm de diam\u00e8tre) sign\u00e9e dessous E. Bernardy. elle a \u00e9t\u00e9 offert au 2\u00e8 Double Messieurs du tennis Club de Virton. L\u2019ann\u00e9e n\u2019est pas connue. Ernest Bernardy (Athus 1923-2000), est un artiste athusien, attach\u00e9 \u00e0 la Gaume. Ernest Bernardy, apr\u00e8s avoir fait l\u2019Acad\u00e9mie des Beaux Arts notamment \u00e0 Arlon, travaillera&hellip;&nbsp;<a href=\"https:\/\/legrenierdelatour.be\/brocante\/produit\/assiette-en-ceramique-ernest-bernardy\/\" class=\"\" rel=\"bookmark\">Lire la suite &raquo;<span class=\"screen-reader-text\">Assiette en c\u00e9ramique, Ernest Bernardy<\/span><\/a><\/p>\n","protected":false},"featured_media":11036,"comment_status":"open","ping_status":"closed","template":"","meta":{"neve_meta_sidebar":"","neve_meta_container":"","neve_meta_enable_content_width":"off","neve_meta_content_width":100,"neve_meta_title_alignment":"","neve_meta_author_avatar":"","neve_post_elements_order":"","neve_meta_disable_header":"","neve_meta_disable_footer":"","neve_meta_disable_title":""},"product_brand":[],"product_cat":[37,16,31,167],"product_tag":[],"class_list":{"0":"post-11044","1":"product","2":"type-product","3":"status-publish","4":"has-post-thumbnail","6":"product_cat-belgique","7":"product_cat-ceramique","8":"product_cat-pays-darlon","9":"product_cat-peintures-et-sculptures","11":"first","12":"instock","13":"shipping-taxable","14":"purchasable","15":"product-type-simple"},"_links":{"self":[{"href":"https:\/\/legrenierdelatour.be\/brocante\/wp-json\/wp\/v2\/product\/11044","targetHints":{"allow":["GET"]}}],"collection":[{"href":"https:\/\/legrenierdelatour.be\/brocante\/wp-json\/wp\/v2\/product"}],"about":[{"href":"https:\/\/legrenierdelatour.be\/brocante\/wp-json\/wp\/v2\/types\/product"}],"replies":[{"embeddable":true,"href":"https:\/\/legrenierdelatour.be\/brocante\/wp-json\/wp\/v2\/comments?post=11044"}],"wp:featuredmedia":[{"embeddable":true,"href":"https:\/\/legrenierdelatour.be\/brocante\/wp-json\/wp\/v2\/media\/11036"}],"wp:attachment":[{"href":"https:\/\/legrenierdelatour.be\/brocante\/wp-json\/wp\/v2\/media?parent=11044"}],"wp:term":[{"taxonomy":"product_brand","embeddable":true,"href":"https:\/\/legrenierdelatour.be\/brocante\/wp-json\/wp\/v2\/product_brand?post=11044"},{"taxonomy":"product_cat","embeddable":true,"href":"https:\/\/legrenierdelatour.be\/brocante\/wp-json\/wp\/v2\/product_cat?post=11044"},{"taxonomy":"product_tag","embeddable":true,"href":"https:\/\/legrenierdelatour.be\/brocante\/wp-json\/wp\/v2\/product_tag?post=11044"}],"curies":[{"name":"wp","href":"https:\/\/api.w.org\/{rel}","templated":true}]}}