{"id":11035,"date":"2025-07-20T14:36:53","date_gmt":"2025-07-20T12:36:53","guid":{"rendered":"https:\/\/legrenierdelatour.be\/brocante\/?post_type=product&#038;p=11035"},"modified":"2025-07-20T14:36:54","modified_gmt":"2025-07-20T12:36:54","slug":"aquarelle-tournesols-marie-josee-semes","status":"publish","type":"product","link":"https:\/\/legrenierdelatour.be\/brocante\/produit\/aquarelle-tournesols-marie-josee-semes\/","title":{"rendered":"Aquarelle \u00ab\u00a0Tournesols\u00a0\u00bb, Marie-Jos\u00e9e Semes"},"content":{"rendered":"<p>Belle aquarelle (33&#215;43 xm cadre compris) d\u2019un bouquet de tournesols, sign\u00e9e en bas \u00e0 droite MJ Semes et dat\u00e9e 2006. Marie-Jos\u00e9e Semes (Battincourt en 1949- Saint Mard 2018) est une artiste ayant fait les Beaux Arts d\u2019Arlon et diff\u00e9rentes foramtions au Grand Duch\u00e9 de Luxembourg. Elle est titulaire de diff\u00e9rents prix pour ses aquarelles, sa techniques de pr\u00e9dilection.<\/p>\n<div>R\u00e9f 44.52<\/div>\n","protected":false},"excerpt":{"rendered":"<p>Belle aquarelle (33&#215;43 xm cadre compris) d\u2019un bouquet de tournesols, sign\u00e9e en bas \u00e0 droite MJ Semes et dat\u00e9e 2006. Marie-Jos\u00e9e Semes (Battincourt en 1949- Saint Mard 2018) est une artiste ayant fait les Beaux Arts d\u2019Arlon et diff\u00e9rentes foramtions au Grand Duch\u00e9 de Luxembourg. Elle est titulaire de diff\u00e9rents prix pour ses aquarelles, sa&hellip;&nbsp;<a href=\"https:\/\/legrenierdelatour.be\/brocante\/produit\/aquarelle-tournesols-marie-josee-semes\/\" class=\"\" rel=\"bookmark\">Lire la suite &raquo;<span class=\"screen-reader-text\">Aquarelle \u00ab\u00a0Tournesols\u00a0\u00bb, Marie-Jos\u00e9e Semes<\/span><\/a><\/p>\n","protected":false},"featured_media":11038,"comment_status":"open","ping_status":"closed","template":"","meta":{"neve_meta_sidebar":"","neve_meta_container":"","neve_meta_enable_content_width":"off","neve_meta_content_width":100,"neve_meta_title_alignment":"","neve_meta_author_avatar":"","neve_post_elements_order":"","neve_meta_disable_header":"","neve_meta_disable_footer":"","neve_meta_disable_title":""},"product_brand":[],"product_cat":[31,167],"product_tag":[],"class_list":{"0":"post-11035","1":"product","2":"type-product","3":"status-publish","4":"has-post-thumbnail","6":"product_cat-pays-darlon","7":"product_cat-peintures-et-sculptures","9":"first","10":"instock","11":"shipping-taxable","12":"purchasable","13":"product-type-simple"},"_links":{"self":[{"href":"https:\/\/legrenierdelatour.be\/brocante\/wp-json\/wp\/v2\/product\/11035","targetHints":{"allow":["GET"]}}],"collection":[{"href":"https:\/\/legrenierdelatour.be\/brocante\/wp-json\/wp\/v2\/product"}],"about":[{"href":"https:\/\/legrenierdelatour.be\/brocante\/wp-json\/wp\/v2\/types\/product"}],"replies":[{"embeddable":true,"href":"https:\/\/legrenierdelatour.be\/brocante\/wp-json\/wp\/v2\/comments?post=11035"}],"wp:featuredmedia":[{"embeddable":true,"href":"https:\/\/legrenierdelatour.be\/brocante\/wp-json\/wp\/v2\/media\/11038"}],"wp:attachment":[{"href":"https:\/\/legrenierdelatour.be\/brocante\/wp-json\/wp\/v2\/media?parent=11035"}],"wp:term":[{"taxonomy":"product_brand","embeddable":true,"href":"https:\/\/legrenierdelatour.be\/brocante\/wp-json\/wp\/v2\/product_brand?post=11035"},{"taxonomy":"product_cat","embeddable":true,"href":"https:\/\/legrenierdelatour.be\/brocante\/wp-json\/wp\/v2\/product_cat?post=11035"},{"taxonomy":"product_tag","embeddable":true,"href":"https:\/\/legrenierdelatour.be\/brocante\/wp-json\/wp\/v2\/product_tag?post=11035"}],"curies":[{"name":"wp","href":"https:\/\/api.w.org\/{rel}","templated":true}]}}