{"id":11029,"date":"2025-07-19T15:57:31","date_gmt":"2025-07-19T13:57:31","guid":{"rendered":"https:\/\/legrenierdelatour.be\/brocante\/?post_type=product&#038;p=11029"},"modified":"2025-07-19T15:58:01","modified_gmt":"2025-07-19T13:58:01","slug":"assiette-commemorative-de-1985-pape-jean-paul-ii-villeroy-boch","status":"publish","type":"product","link":"https:\/\/legrenierdelatour.be\/brocante\/produit\/assiette-commemorative-de-1985-pape-jean-paul-ii-villeroy-boch\/","title":{"rendered":"Assiette comm\u00e9morative de 1985, Pape Jean-Paul II, Villeroy &#038; Boch"},"content":{"rendered":"<p>Assiette (23 cm de diam\u00e8tre) \u00e9dit\u00e9e pour la venur de Jean-Paul II au Luxembourg en 1985. Elle a \u00e9t\u00e9 produite par \u00a0Villeroy &amp; Boch Luxembourg ; En \u00e9dition limit\u00e9e, elle porte le num\u00e9ro 518. Elle est dans sa bo\u00eete d&rsquo;origine.<\/p>\n<div>R\u00e9f 44.49<\/div>\n","protected":false},"excerpt":{"rendered":"<p>Assiette (23 cm de diam\u00e8tre) \u00e9dit\u00e9e pour la venur de Jean-Paul II au Luxembourg en 1985. Elle a \u00e9t\u00e9 produite par \u00a0Villeroy &amp; Boch Luxembourg ; En \u00e9dition limit\u00e9e, elle porte le num\u00e9ro 518. Elle est dans sa bo\u00eete d&rsquo;origine. R\u00e9f 44.49<\/p>\n","protected":false},"featured_media":11026,"comment_status":"open","ping_status":"closed","template":"","meta":{"neve_meta_sidebar":"","neve_meta_container":"","neve_meta_enable_content_width":"off","neve_meta_content_width":100,"neve_meta_title_alignment":"","neve_meta_author_avatar":"","neve_post_elements_order":"","neve_meta_disable_header":"","neve_meta_disable_footer":"","neve_meta_disable_title":""},"product_brand":[],"product_cat":[16,165,166,34,29],"product_tag":[],"class_list":{"0":"post-11029","1":"product","2":"type-product","3":"status-publish","4":"has-post-thumbnail","6":"product_cat-ceramique","7":"product_cat-luxembourg","8":"product_cat-luxemburgensia-luxemburgensia","9":"product_cat-religiosa","10":"product_cat-villeroy-boch","12":"first","13":"instock","14":"shipping-taxable","15":"purchasable","16":"product-type-simple"},"_links":{"self":[{"href":"https:\/\/legrenierdelatour.be\/brocante\/wp-json\/wp\/v2\/product\/11029","targetHints":{"allow":["GET"]}}],"collection":[{"href":"https:\/\/legrenierdelatour.be\/brocante\/wp-json\/wp\/v2\/product"}],"about":[{"href":"https:\/\/legrenierdelatour.be\/brocante\/wp-json\/wp\/v2\/types\/product"}],"replies":[{"embeddable":true,"href":"https:\/\/legrenierdelatour.be\/brocante\/wp-json\/wp\/v2\/comments?post=11029"}],"wp:featuredmedia":[{"embeddable":true,"href":"https:\/\/legrenierdelatour.be\/brocante\/wp-json\/wp\/v2\/media\/11026"}],"wp:attachment":[{"href":"https:\/\/legrenierdelatour.be\/brocante\/wp-json\/wp\/v2\/media?parent=11029"}],"wp:term":[{"taxonomy":"product_brand","embeddable":true,"href":"https:\/\/legrenierdelatour.be\/brocante\/wp-json\/wp\/v2\/product_brand?post=11029"},{"taxonomy":"product_cat","embeddable":true,"href":"https:\/\/legrenierdelatour.be\/brocante\/wp-json\/wp\/v2\/product_cat?post=11029"},{"taxonomy":"product_tag","embeddable":true,"href":"https:\/\/legrenierdelatour.be\/brocante\/wp-json\/wp\/v2\/product_tag?post=11029"}],"curies":[{"name":"wp","href":"https:\/\/api.w.org\/{rel}","templated":true}]}}