{"id":11020,"date":"2025-07-19T15:28:57","date_gmt":"2025-07-19T13:28:57","guid":{"rendered":"https:\/\/legrenierdelatour.be\/brocante\/?post_type=product&#038;p=11020"},"modified":"2025-07-19T15:28:58","modified_gmt":"2025-07-19T13:28:58","slug":"album-photo-en-cuir-epoque-victorienne-19e-siecle","status":"publish","type":"product","link":"https:\/\/legrenierdelatour.be\/brocante\/produit\/album-photo-en-cuir-epoque-victorienne-19e-siecle\/","title":{"rendered":"Album photo en cuir, \u00e9poque victorienne, 19\u00e8 si\u00e8cle"},"content":{"rendered":"<p>Album photo (13&#215;16 cm ferm\u00e9) pour photographies cartonn\u00e9es. Il a une belle couverture structur\u00e9e en cuir et un fermoir en laiton. Il date probablement de l\u2019Epoque victorienne, deuxi\u00e8me moiti\u00e9 du 19\u00e8 si\u00e8cle.<\/p>\n<div>R\u00e9f 44.44<\/div>\n","protected":false},"excerpt":{"rendered":"<p>Album photo (13&#215;16 cm ferm\u00e9) pour photographies cartonn\u00e9es. Il a une belle couverture structur\u00e9e en cuir et un fermoir en laiton. Il date probablement de l\u2019Epoque victorienne, deuxi\u00e8me moiti\u00e9 du 19\u00e8 si\u00e8cle. R\u00e9f 44.44<\/p>\n","protected":false},"featured_media":11016,"comment_status":"open","ping_status":"closed","template":"","meta":{"neve_meta_sidebar":"","neve_meta_container":"","neve_meta_enable_content_width":"off","neve_meta_content_width":100,"neve_meta_title_alignment":"","neve_meta_author_avatar":"","neve_post_elements_order":"","neve_meta_disable_header":"","neve_meta_disable_footer":"","neve_meta_disable_title":""},"product_brand":[],"product_cat":[15],"product_tag":[],"class_list":{"0":"post-11020","1":"product","2":"type-product","3":"status-publish","4":"has-post-thumbnail","6":"product_cat-non-classe","8":"first","9":"instock","10":"shipping-taxable","11":"purchasable","12":"product-type-simple"},"_links":{"self":[{"href":"https:\/\/legrenierdelatour.be\/brocante\/wp-json\/wp\/v2\/product\/11020","targetHints":{"allow":["GET"]}}],"collection":[{"href":"https:\/\/legrenierdelatour.be\/brocante\/wp-json\/wp\/v2\/product"}],"about":[{"href":"https:\/\/legrenierdelatour.be\/brocante\/wp-json\/wp\/v2\/types\/product"}],"replies":[{"embeddable":true,"href":"https:\/\/legrenierdelatour.be\/brocante\/wp-json\/wp\/v2\/comments?post=11020"}],"wp:featuredmedia":[{"embeddable":true,"href":"https:\/\/legrenierdelatour.be\/brocante\/wp-json\/wp\/v2\/media\/11016"}],"wp:attachment":[{"href":"https:\/\/legrenierdelatour.be\/brocante\/wp-json\/wp\/v2\/media?parent=11020"}],"wp:term":[{"taxonomy":"product_brand","embeddable":true,"href":"https:\/\/legrenierdelatour.be\/brocante\/wp-json\/wp\/v2\/product_brand?post=11020"},{"taxonomy":"product_cat","embeddable":true,"href":"https:\/\/legrenierdelatour.be\/brocante\/wp-json\/wp\/v2\/product_cat?post=11020"},{"taxonomy":"product_tag","embeddable":true,"href":"https:\/\/legrenierdelatour.be\/brocante\/wp-json\/wp\/v2\/product_tag?post=11020"}],"curies":[{"name":"wp","href":"https:\/\/api.w.org\/{rel}","templated":true}]}}