{"id":11013,"date":"2025-07-19T14:38:55","date_gmt":"2025-07-19T12:38:55","guid":{"rendered":"https:\/\/legrenierdelatour.be\/brocante\/?post_type=product&#038;p=11013"},"modified":"2025-07-19T14:38:55","modified_gmt":"2025-07-19T12:38:55","slug":"collection-de-feves-les-chateaux-du-luxembourg-fischer-luxembourg","status":"publish","type":"product","link":"https:\/\/legrenierdelatour.be\/brocante\/produit\/collection-de-feves-les-chateaux-du-luxembourg-fischer-luxembourg\/","title":{"rendered":"Collection de f\u00e8ves, Les ch\u00e2teaux du Luxembourg, Fischer Luxembourg"},"content":{"rendered":"<p>Collection de f\u00e8ves dans une bo\u00eete cadeau en bois (16&#215;22 cm ferm\u00e9e) \u00e9dit\u00e9es par la Fischer au Luxembourg en 2005. Les f\u00e8ves repr\u00e9sentent 12 ch\u00e2teaux luxembourgeois qui, mis ensemble, forment la silhouette du Grand Duch\u00e9 de Luxembourg. Elles sont peintes \u00e0 la main et \u00e9dit\u00e9es en s\u00e9rie limit\u00e9e.<\/p>\n<div>R\u00e9f 44.41<\/div>\n","protected":false},"excerpt":{"rendered":"<p>Collection de f\u00e8ves dans une bo\u00eete cadeau en bois (16&#215;22 cm ferm\u00e9e) \u00e9dit\u00e9es par la Fischer au Luxembourg en 2005. Les f\u00e8ves repr\u00e9sentent 12 ch\u00e2teaux luxembourgeois qui, mis ensemble, forment la silhouette du Grand Duch\u00e9 de Luxembourg. Elles sont peintes \u00e0 la main et \u00e9dit\u00e9es en s\u00e9rie limit\u00e9e. R\u00e9f 44.41<\/p>\n","protected":false},"featured_media":11011,"comment_status":"open","ping_status":"closed","template":"","meta":{"neve_meta_sidebar":"","neve_meta_container":"","neve_meta_enable_content_width":"off","neve_meta_content_width":100,"neve_meta_title_alignment":"","neve_meta_author_avatar":"","neve_post_elements_order":"","neve_meta_disable_header":"","neve_meta_disable_footer":"","neve_meta_disable_title":""},"product_brand":[],"product_cat":[161,166,173,34],"product_tag":[],"class_list":{"0":"post-11013","1":"product","2":"type-product","3":"status-publish","4":"has-post-thumbnail","6":"product_cat-les-collections","7":"product_cat-luxemburgensia-luxemburgensia","8":"product_cat-objets-de-publicite","9":"product_cat-religiosa","11":"first","12":"instock","13":"shipping-taxable","14":"purchasable","15":"product-type-simple"},"_links":{"self":[{"href":"https:\/\/legrenierdelatour.be\/brocante\/wp-json\/wp\/v2\/product\/11013","targetHints":{"allow":["GET"]}}],"collection":[{"href":"https:\/\/legrenierdelatour.be\/brocante\/wp-json\/wp\/v2\/product"}],"about":[{"href":"https:\/\/legrenierdelatour.be\/brocante\/wp-json\/wp\/v2\/types\/product"}],"replies":[{"embeddable":true,"href":"https:\/\/legrenierdelatour.be\/brocante\/wp-json\/wp\/v2\/comments?post=11013"}],"wp:featuredmedia":[{"embeddable":true,"href":"https:\/\/legrenierdelatour.be\/brocante\/wp-json\/wp\/v2\/media\/11011"}],"wp:attachment":[{"href":"https:\/\/legrenierdelatour.be\/brocante\/wp-json\/wp\/v2\/media?parent=11013"}],"wp:term":[{"taxonomy":"product_brand","embeddable":true,"href":"https:\/\/legrenierdelatour.be\/brocante\/wp-json\/wp\/v2\/product_brand?post=11013"},{"taxonomy":"product_cat","embeddable":true,"href":"https:\/\/legrenierdelatour.be\/brocante\/wp-json\/wp\/v2\/product_cat?post=11013"},{"taxonomy":"product_tag","embeddable":true,"href":"https:\/\/legrenierdelatour.be\/brocante\/wp-json\/wp\/v2\/product_tag?post=11013"}],"curies":[{"name":"wp","href":"https:\/\/api.w.org\/{rel}","templated":true}]}}