{"id":11012,"date":"2025-07-19T14:33:23","date_gmt":"2025-07-19T12:33:23","guid":{"rendered":"https:\/\/legrenierdelatour.be\/brocante\/?post_type=product&#038;p=11012"},"modified":"2025-07-19T14:33:23","modified_gmt":"2025-07-19T12:33:23","slug":"collection-de-feves-de-la-patisserie-schumacher-walferdange","status":"publish","type":"product","link":"https:\/\/legrenierdelatour.be\/brocante\/produit\/collection-de-feves-de-la-patisserie-schumacher-walferdange\/","title":{"rendered":"Collection de f\u00e8ves de la P\u00e2tisserie Schumacher, Walferdange"},"content":{"rendered":"<p>Collection de f\u00e8ves sous cadre (22&#215;30 cm) \u00e9dit\u00e9es par la P\u00e2tisserie Schumacher \u00e0 Walferdange. Les f\u00e8ves repr\u00e9sentent les blasons de 10 communes luxembourgeoises.<\/p>\n<div>R\u00e9f 44.40<\/div>\n","protected":false},"excerpt":{"rendered":"<p>Collection de f\u00e8ves sous cadre (22&#215;30 cm) \u00e9dit\u00e9es par la P\u00e2tisserie Schumacher \u00e0 Walferdange. Les f\u00e8ves repr\u00e9sentent les blasons de 10 communes luxembourgeoises. R\u00e9f 44.40<\/p>\n","protected":false},"featured_media":11010,"comment_status":"open","ping_status":"closed","template":"","meta":{"neve_meta_sidebar":"","neve_meta_container":"","neve_meta_enable_content_width":"off","neve_meta_content_width":100,"neve_meta_title_alignment":"","neve_meta_author_avatar":"","neve_post_elements_order":"","neve_meta_disable_header":"","neve_meta_disable_footer":"","neve_meta_disable_title":""},"product_brand":[],"product_cat":[16,166,173,34],"product_tag":[],"class_list":{"0":"post-11012","1":"product","2":"type-product","3":"status-publish","4":"has-post-thumbnail","6":"product_cat-ceramique","7":"product_cat-luxemburgensia-luxemburgensia","8":"product_cat-objets-de-publicite","9":"product_cat-religiosa","11":"first","12":"instock","13":"shipping-taxable","14":"purchasable","15":"product-type-simple"},"_links":{"self":[{"href":"https:\/\/legrenierdelatour.be\/brocante\/wp-json\/wp\/v2\/product\/11012","targetHints":{"allow":["GET"]}}],"collection":[{"href":"https:\/\/legrenierdelatour.be\/brocante\/wp-json\/wp\/v2\/product"}],"about":[{"href":"https:\/\/legrenierdelatour.be\/brocante\/wp-json\/wp\/v2\/types\/product"}],"replies":[{"embeddable":true,"href":"https:\/\/legrenierdelatour.be\/brocante\/wp-json\/wp\/v2\/comments?post=11012"}],"wp:featuredmedia":[{"embeddable":true,"href":"https:\/\/legrenierdelatour.be\/brocante\/wp-json\/wp\/v2\/media\/11010"}],"wp:attachment":[{"href":"https:\/\/legrenierdelatour.be\/brocante\/wp-json\/wp\/v2\/media?parent=11012"}],"wp:term":[{"taxonomy":"product_brand","embeddable":true,"href":"https:\/\/legrenierdelatour.be\/brocante\/wp-json\/wp\/v2\/product_brand?post=11012"},{"taxonomy":"product_cat","embeddable":true,"href":"https:\/\/legrenierdelatour.be\/brocante\/wp-json\/wp\/v2\/product_cat?post=11012"},{"taxonomy":"product_tag","embeddable":true,"href":"https:\/\/legrenierdelatour.be\/brocante\/wp-json\/wp\/v2\/product_tag?post=11012"}],"curies":[{"name":"wp","href":"https:\/\/api.w.org\/{rel}","templated":true}]}}