{"id":110,"date":"2022-02-09T19:04:59","date_gmt":"2022-02-09T18:04:59","guid":{"rendered":"https:\/\/legrenierdelatour.be\/brocante\/?post_type=product&#038;p=110"},"modified":"2022-05-19T17:46:39","modified_gmt":"2022-05-19T15:46:39","slug":"plat-ovale-meissen-boch-la-louviere","status":"publish","type":"product","link":"https:\/\/legrenierdelatour.be\/brocante\/produit\/plat-ovale-meissen-boch-la-louviere\/","title":{"rendered":"Plat ovale \u00ab\u00a0Meissen\u00a0\u00bb Boch La Louvi\u00e8re"},"content":{"rendered":"<p>Beau plat ovale avec d\u00e9cor \u00ab\u00a0Meissen\u00a0\u00bb produit par Boch La Louvi\u00e8re. Ce c\u00e9l\u00e8bre motif aux immortelles de Saxe fut produit par Boch Fr\u00e8res d\u00e8s le d\u00e9but du XX\u00e8me si\u00e8cle. C&rsquo;\u00e9tait un des grands classiques bleu et blanc qui fut pr\u00e9curseur du non moins c\u00e9l\u00e8bre motif \u00ab\u00a0Copenhague\u00a0\u00bb. 32 sur 22 cm, tr\u00e8s bon \u00e9tat. Cachet bleu habituel. Dans les ann\u00e9es 1920.<\/p>\n<p>R\u00e9f 7.56<\/p>\n","protected":false},"excerpt":{"rendered":"<p>Beau plat ovale avec d\u00e9cor \u00ab\u00a0Meissen\u00a0\u00bb produit par Boch La Louvi\u00e8re. Ce c\u00e9l\u00e8bre motif aux immortelles de Saxe fut produit par Boch Fr\u00e8res d\u00e8s le d\u00e9but du XX\u00e8me si\u00e8cle. C&rsquo;\u00e9tait un des grands classiques bleu et blanc qui fut pr\u00e9curseur du non moins c\u00e9l\u00e8bre motif \u00ab\u00a0Copenhague\u00a0\u00bb. 32 sur 22 cm, tr\u00e8s bon \u00e9tat. Cachet bleu&hellip;&nbsp;<a href=\"https:\/\/legrenierdelatour.be\/brocante\/produit\/plat-ovale-meissen-boch-la-louviere\/\" class=\"\" rel=\"bookmark\">Lire la suite &raquo;<span class=\"screen-reader-text\">Plat ovale \u00ab\u00a0Meissen\u00a0\u00bb Boch La Louvi\u00e8re<\/span><\/a><\/p>\n","protected":false},"featured_media":111,"comment_status":"open","ping_status":"closed","template":"","meta":{"neve_meta_sidebar":"","neve_meta_container":"","neve_meta_enable_content_width":"off","neve_meta_content_width":100,"neve_meta_title_alignment":"","neve_meta_author_avatar":"","neve_post_elements_order":"","neve_meta_disable_header":"","neve_meta_disable_footer":"","neve_meta_disable_title":""},"product_brand":[],"product_cat":[15,37,175,172,16],"product_tag":[20,19],"class_list":{"0":"post-110","1":"product","2":"type-product","3":"status-publish","4":"has-post-thumbnail","6":"product_cat-non-classe","7":"product_cat-belgique","8":"product_cat-boch","9":"product_cat-en-cuisine","10":"product_cat-ceramique","11":"product_tag-boch","12":"product_tag-faience","14":"first","15":"instock","16":"shipping-taxable","17":"purchasable","18":"product-type-simple"},"_links":{"self":[{"href":"https:\/\/legrenierdelatour.be\/brocante\/wp-json\/wp\/v2\/product\/110","targetHints":{"allow":["GET"]}}],"collection":[{"href":"https:\/\/legrenierdelatour.be\/brocante\/wp-json\/wp\/v2\/product"}],"about":[{"href":"https:\/\/legrenierdelatour.be\/brocante\/wp-json\/wp\/v2\/types\/product"}],"replies":[{"embeddable":true,"href":"https:\/\/legrenierdelatour.be\/brocante\/wp-json\/wp\/v2\/comments?post=110"}],"wp:featuredmedia":[{"embeddable":true,"href":"https:\/\/legrenierdelatour.be\/brocante\/wp-json\/wp\/v2\/media\/111"}],"wp:attachment":[{"href":"https:\/\/legrenierdelatour.be\/brocante\/wp-json\/wp\/v2\/media?parent=110"}],"wp:term":[{"taxonomy":"product_brand","embeddable":true,"href":"https:\/\/legrenierdelatour.be\/brocante\/wp-json\/wp\/v2\/product_brand?post=110"},{"taxonomy":"product_cat","embeddable":true,"href":"https:\/\/legrenierdelatour.be\/brocante\/wp-json\/wp\/v2\/product_cat?post=110"},{"taxonomy":"product_tag","embeddable":true,"href":"https:\/\/legrenierdelatour.be\/brocante\/wp-json\/wp\/v2\/product_tag?post=110"}],"curies":[{"name":"wp","href":"https:\/\/api.w.org\/{rel}","templated":true}]}}