{"id":10998,"date":"2025-07-19T13:51:04","date_gmt":"2025-07-19T11:51:04","guid":{"rendered":"https:\/\/legrenierdelatour.be\/brocante\/?post_type=product&#038;p=10998"},"modified":"2025-07-19T13:51:04","modified_gmt":"2025-07-19T11:51:04","slug":"assiette-souvenir-1914-2014-longwy","status":"publish","type":"product","link":"https:\/\/legrenierdelatour.be\/brocante\/produit\/assiette-souvenir-1914-2014-longwy\/","title":{"rendered":"Assiette souvenir 1914-2014, Longwy"},"content":{"rendered":"<p>Petite assiette en \u00e9maux de Longwy (14,5 cm de diam\u00e8tre) \u00e9dit\u00e9e \u00e0 l\u2019occasion du centenaire de la Bataille des Fronti\u00e8res en 2014 et produite par les Atleirs d\u2019Emaux d\u2019Art de Santignon. Elle porte le num\u00e9ro de s\u00e9rie 2. Elle est neuve et encore dans sa bo\u00eete d\u2019origine avec Cerificat d\u2019origine.<\/p>\n<div>R\u00e9f 44.34<\/div>\n","protected":false},"excerpt":{"rendered":"<p>Petite assiette en \u00e9maux de Longwy (14,5 cm de diam\u00e8tre) \u00e9dit\u00e9e \u00e0 l\u2019occasion du centenaire de la Bataille des Fronti\u00e8res en 2014 et produite par les Atleirs d\u2019Emaux d\u2019Art de Santignon. Elle porte le num\u00e9ro de s\u00e9rie 2. Elle est neuve et encore dans sa bo\u00eete d\u2019origine avec Cerificat d\u2019origine. R\u00e9f 44.34<\/p>\n","protected":false},"featured_media":10992,"comment_status":"open","ping_status":"closed","template":"","meta":{"neve_meta_sidebar":"","neve_meta_container":"","neve_meta_enable_content_width":"off","neve_meta_content_width":100,"neve_meta_title_alignment":"","neve_meta_author_avatar":"","neve_post_elements_order":"","neve_meta_disable_header":"","neve_meta_disable_footer":"","neve_meta_disable_title":""},"product_brand":[],"product_cat":[16,59,66],"product_tag":[],"class_list":{"0":"post-10998","1":"product","2":"type-product","3":"status-publish","4":"has-post-thumbnail","6":"product_cat-ceramique","7":"product_cat-france","8":"product_cat-longwy","10":"first","11":"instock","12":"shipping-taxable","13":"purchasable","14":"product-type-simple"},"_links":{"self":[{"href":"https:\/\/legrenierdelatour.be\/brocante\/wp-json\/wp\/v2\/product\/10998","targetHints":{"allow":["GET"]}}],"collection":[{"href":"https:\/\/legrenierdelatour.be\/brocante\/wp-json\/wp\/v2\/product"}],"about":[{"href":"https:\/\/legrenierdelatour.be\/brocante\/wp-json\/wp\/v2\/types\/product"}],"replies":[{"embeddable":true,"href":"https:\/\/legrenierdelatour.be\/brocante\/wp-json\/wp\/v2\/comments?post=10998"}],"wp:featuredmedia":[{"embeddable":true,"href":"https:\/\/legrenierdelatour.be\/brocante\/wp-json\/wp\/v2\/media\/10992"}],"wp:attachment":[{"href":"https:\/\/legrenierdelatour.be\/brocante\/wp-json\/wp\/v2\/media?parent=10998"}],"wp:term":[{"taxonomy":"product_brand","embeddable":true,"href":"https:\/\/legrenierdelatour.be\/brocante\/wp-json\/wp\/v2\/product_brand?post=10998"},{"taxonomy":"product_cat","embeddable":true,"href":"https:\/\/legrenierdelatour.be\/brocante\/wp-json\/wp\/v2\/product_cat?post=10998"},{"taxonomy":"product_tag","embeddable":true,"href":"https:\/\/legrenierdelatour.be\/brocante\/wp-json\/wp\/v2\/product_tag?post=10998"}],"curies":[{"name":"wp","href":"https:\/\/api.w.org\/{rel}","templated":true}]}}