{"id":10988,"date":"2025-07-19T12:02:02","date_gmt":"2025-07-19T10:02:02","guid":{"rendered":"https:\/\/legrenierdelatour.be\/brocante\/?post_type=product&#038;p=10988"},"modified":"2025-07-19T12:02:02","modified_gmt":"2025-07-19T10:02:02","slug":"assiette-exposition-universelle-1900-sarreguemines-2","status":"publish","type":"product","link":"https:\/\/legrenierdelatour.be\/brocante\/produit\/assiette-exposition-universelle-1900-sarreguemines-2\/","title":{"rendered":"Assiette Exposition Universelle 1900, Sarreguemines"},"content":{"rendered":"<p>Assiette en fa\u00efence (21 cm de diam\u00e8tre) \u00e9dit\u00e9e lors de l\u2019Exposition Universelle de 1900 par la manufacture de Sarreguemines (1790-2007). Cette assiette porte le titre \u00ab\u00a0G\u00e9nie civil\u00bb. Elle est en parfait \u00e9tat.<\/p>\n<div>R\u00e9f 44.31<\/div>\n","protected":false},"excerpt":{"rendered":"<p>Assiette en fa\u00efence (21 cm de diam\u00e8tre) \u00e9dit\u00e9e lors de l\u2019Exposition Universelle de 1900 par la manufacture de Sarreguemines (1790-2007). Cette assiette porte le titre \u00ab\u00a0G\u00e9nie civil\u00bb. Elle est en parfait \u00e9tat. R\u00e9f 44.31<\/p>\n","protected":false},"featured_media":10984,"comment_status":"open","ping_status":"closed","template":"","meta":{"neve_meta_sidebar":"","neve_meta_container":"","neve_meta_enable_content_width":"off","neve_meta_content_width":100,"neve_meta_title_alignment":"","neve_meta_author_avatar":"","neve_post_elements_order":"","neve_meta_disable_header":"","neve_meta_disable_footer":"","neve_meta_disable_title":""},"product_brand":[],"product_cat":[16,59,198],"product_tag":[],"class_list":{"0":"post-10988","1":"product","2":"type-product","3":"status-publish","4":"has-post-thumbnail","6":"product_cat-ceramique","7":"product_cat-france","8":"product_cat-sarreguemines","10":"first","11":"instock","12":"shipping-taxable","13":"purchasable","14":"product-type-simple"},"_links":{"self":[{"href":"https:\/\/legrenierdelatour.be\/brocante\/wp-json\/wp\/v2\/product\/10988","targetHints":{"allow":["GET"]}}],"collection":[{"href":"https:\/\/legrenierdelatour.be\/brocante\/wp-json\/wp\/v2\/product"}],"about":[{"href":"https:\/\/legrenierdelatour.be\/brocante\/wp-json\/wp\/v2\/types\/product"}],"replies":[{"embeddable":true,"href":"https:\/\/legrenierdelatour.be\/brocante\/wp-json\/wp\/v2\/comments?post=10988"}],"wp:featuredmedia":[{"embeddable":true,"href":"https:\/\/legrenierdelatour.be\/brocante\/wp-json\/wp\/v2\/media\/10984"}],"wp:attachment":[{"href":"https:\/\/legrenierdelatour.be\/brocante\/wp-json\/wp\/v2\/media?parent=10988"}],"wp:term":[{"taxonomy":"product_brand","embeddable":true,"href":"https:\/\/legrenierdelatour.be\/brocante\/wp-json\/wp\/v2\/product_brand?post=10988"},{"taxonomy":"product_cat","embeddable":true,"href":"https:\/\/legrenierdelatour.be\/brocante\/wp-json\/wp\/v2\/product_cat?post=10988"},{"taxonomy":"product_tag","embeddable":true,"href":"https:\/\/legrenierdelatour.be\/brocante\/wp-json\/wp\/v2\/product_tag?post=10988"}],"curies":[{"name":"wp","href":"https:\/\/api.w.org\/{rel}","templated":true}]}}