{"id":1098,"date":"2022-03-28T13:36:55","date_gmt":"2022-03-28T11:36:55","guid":{"rendered":"https:\/\/legrenierdelatour.be\/brocante\/?post_type=product&#038;p=1098"},"modified":"2022-05-19T15:57:48","modified_gmt":"2022-05-19T13:57:48","slug":"vase-porcelaine-augarten-vienne","status":"publish","type":"product","link":"https:\/\/legrenierdelatour.be\/brocante\/produit\/vase-porcelaine-augarten-vienne\/","title":{"rendered":"Vase porcelaine Augarten Vienne"},"content":{"rendered":"<p>Beau petit vase (15,5 cm de haut) en procelaine vintage avec d\u00e9corde fleurs, produit par Augarten \u00e0 Vienne en Autriche (fond\u00e9e en 1718, ferm\u00e9e en 1864 et r\u00e9ouverte en 1923). Une s\u00e9rie de chiffres sont inscrites \u00e0 main lev\u00e9e : \u00ab\u00a0103\/1 1\/2; 5849 (correspond au d\u00e9cor); 9\u00a0\u00bb. Ce vase date plus ou moins des ann\u00e9es 1990.<\/p>\n<div>R\u00e9f 10.34<\/div>\n","protected":false},"excerpt":{"rendered":"<p>Beau petit vase (15,5 cm de haut) en procelaine vintage avec d\u00e9corde fleurs, produit par Augarten \u00e0 Vienne en Autriche (fond\u00e9e en 1718, ferm\u00e9e en 1864 et r\u00e9ouverte en 1923). Une s\u00e9rie de chiffres sont inscrites \u00e0 main lev\u00e9e : \u00ab\u00a0103\/1 1\/2; 5849 (correspond au d\u00e9cor); 9\u00a0\u00bb. Ce vase date plus ou moins des ann\u00e9es&hellip;&nbsp;<a href=\"https:\/\/legrenierdelatour.be\/brocante\/produit\/vase-porcelaine-augarten-vienne\/\" class=\"\" rel=\"bookmark\">Lire la suite &raquo;<span class=\"screen-reader-text\">Vase porcelaine Augarten Vienne<\/span><\/a><\/p>\n","protected":false},"featured_media":1063,"comment_status":"open","ping_status":"closed","template":"","meta":{"neve_meta_sidebar":"","neve_meta_container":"","neve_meta_enable_content_width":"off","neve_meta_content_width":100,"neve_meta_title_alignment":"","neve_meta_author_avatar":"","neve_post_elements_order":"","neve_meta_disable_header":"","neve_meta_disable_footer":"","neve_meta_disable_title":""},"product_brand":[],"product_cat":[159,16],"product_tag":[98,74,28],"class_list":{"0":"post-1098","1":"product","2":"type-product","3":"status-publish","4":"has-post-thumbnail","6":"product_cat-autres-pays","7":"product_cat-ceramique","8":"product_tag-augarten","9":"product_tag-porcelaine","10":"product_tag-vintage","12":"first","13":"instock","14":"shipping-taxable","15":"purchasable","16":"product-type-simple"},"_links":{"self":[{"href":"https:\/\/legrenierdelatour.be\/brocante\/wp-json\/wp\/v2\/product\/1098","targetHints":{"allow":["GET"]}}],"collection":[{"href":"https:\/\/legrenierdelatour.be\/brocante\/wp-json\/wp\/v2\/product"}],"about":[{"href":"https:\/\/legrenierdelatour.be\/brocante\/wp-json\/wp\/v2\/types\/product"}],"replies":[{"embeddable":true,"href":"https:\/\/legrenierdelatour.be\/brocante\/wp-json\/wp\/v2\/comments?post=1098"}],"wp:featuredmedia":[{"embeddable":true,"href":"https:\/\/legrenierdelatour.be\/brocante\/wp-json\/wp\/v2\/media\/1063"}],"wp:attachment":[{"href":"https:\/\/legrenierdelatour.be\/brocante\/wp-json\/wp\/v2\/media?parent=1098"}],"wp:term":[{"taxonomy":"product_brand","embeddable":true,"href":"https:\/\/legrenierdelatour.be\/brocante\/wp-json\/wp\/v2\/product_brand?post=1098"},{"taxonomy":"product_cat","embeddable":true,"href":"https:\/\/legrenierdelatour.be\/brocante\/wp-json\/wp\/v2\/product_cat?post=1098"},{"taxonomy":"product_tag","embeddable":true,"href":"https:\/\/legrenierdelatour.be\/brocante\/wp-json\/wp\/v2\/product_tag?post=1098"}],"curies":[{"name":"wp","href":"https:\/\/api.w.org\/{rel}","templated":true}]}}