{"id":1097,"date":"2022-03-28T13:06:20","date_gmt":"2022-03-28T11:06:20","guid":{"rendered":"https:\/\/legrenierdelatour.be\/brocante\/?post_type=product&#038;p=1097"},"modified":"2022-05-19T15:58:00","modified_gmt":"2022-05-19T13:58:00","slug":"bonbonniere-west-germany-40-jasba","status":"publish","type":"product","link":"https:\/\/legrenierdelatour.be\/brocante\/produit\/bonbonniere-west-germany-40-jasba\/","title":{"rendered":"Bonbonni\u00e8re West Germany 40 Jasba"},"content":{"rendered":"<p>Bonbonni\u00e8re en fa\u00efence (15 cm long) West Germany\u00e0 d\u00e9cor flamm\u00e9, produit par Jasba\u00a0(cr\u00e9\u00e9e en 1926 par Jakob Schwaderlapp \u00e0 Ransbach-Baumbach &#8211; 1975 pour la production de c\u00e9ramique d\u00e9corative). En tr\u00e8s bon \u00e9tat, elle date sans doute des ann\u00e9es 1950-60.<\/p>\n<div>R\u00e9f 10.46<\/div>\n","protected":false},"excerpt":{"rendered":"<p>Bonbonni\u00e8re en fa\u00efence (15 cm long) West Germany\u00e0 d\u00e9cor flamm\u00e9, produit par Jasba\u00a0(cr\u00e9\u00e9e en 1926 par Jakob Schwaderlapp \u00e0 Ransbach-Baumbach &#8211; 1975 pour la production de c\u00e9ramique d\u00e9corative). En tr\u00e8s bon \u00e9tat, elle date sans doute des ann\u00e9es 1950-60. R\u00e9f 10.46<\/p>\n","protected":false},"featured_media":1089,"comment_status":"open","ping_status":"closed","template":"","meta":{"neve_meta_sidebar":"","neve_meta_container":"","neve_meta_enable_content_width":"off","neve_meta_content_width":100,"neve_meta_title_alignment":"","neve_meta_author_avatar":"","neve_post_elements_order":"","neve_meta_disable_header":"","neve_meta_disable_footer":"","neve_meta_disable_title":""},"product_brand":[],"product_cat":[48,170,16,47],"product_tag":[19,75,49],"class_list":{"0":"post-1097","1":"product","2":"type-product","3":"status-publish","4":"has-post-thumbnail","6":"product_cat-allemagne","7":"product_cat-autres-producteurs","8":"product_cat-ceramique","9":"product_cat-west-germany","10":"product_tag-faience","11":"product_tag-jasba","12":"product_tag-west-germany","14":"first","15":"instock","16":"shipping-taxable","17":"purchasable","18":"product-type-simple"},"_links":{"self":[{"href":"https:\/\/legrenierdelatour.be\/brocante\/wp-json\/wp\/v2\/product\/1097","targetHints":{"allow":["GET"]}}],"collection":[{"href":"https:\/\/legrenierdelatour.be\/brocante\/wp-json\/wp\/v2\/product"}],"about":[{"href":"https:\/\/legrenierdelatour.be\/brocante\/wp-json\/wp\/v2\/types\/product"}],"replies":[{"embeddable":true,"href":"https:\/\/legrenierdelatour.be\/brocante\/wp-json\/wp\/v2\/comments?post=1097"}],"wp:featuredmedia":[{"embeddable":true,"href":"https:\/\/legrenierdelatour.be\/brocante\/wp-json\/wp\/v2\/media\/1089"}],"wp:attachment":[{"href":"https:\/\/legrenierdelatour.be\/brocante\/wp-json\/wp\/v2\/media?parent=1097"}],"wp:term":[{"taxonomy":"product_brand","embeddable":true,"href":"https:\/\/legrenierdelatour.be\/brocante\/wp-json\/wp\/v2\/product_brand?post=1097"},{"taxonomy":"product_cat","embeddable":true,"href":"https:\/\/legrenierdelatour.be\/brocante\/wp-json\/wp\/v2\/product_cat?post=1097"},{"taxonomy":"product_tag","embeddable":true,"href":"https:\/\/legrenierdelatour.be\/brocante\/wp-json\/wp\/v2\/product_tag?post=1097"}],"curies":[{"name":"wp","href":"https:\/\/api.w.org\/{rel}","templated":true}]}}