{"id":10969,"date":"2025-07-19T11:10:21","date_gmt":"2025-07-19T09:10:21","guid":{"rendered":"https:\/\/legrenierdelatour.be\/brocante\/?post_type=product&#038;p=10969"},"modified":"2025-07-19T11:10:21","modified_gmt":"2025-07-19T09:10:21","slug":"gravure-durbuy-joseph-kinot-1954","status":"publish","type":"product","link":"https:\/\/legrenierdelatour.be\/brocante\/produit\/gravure-durbuy-joseph-kinot-1954\/","title":{"rendered":"Gravure, Durbuy, Joseph Kinot, 1954"},"content":{"rendered":"<p>Gravure (28&#215;36 cm cadre compris) d\u2019une vue de Durbuy, sign\u00e9e dans la plancheen bas \u00e0 droite J.Kinot. Cette gravure porte la d\u00e9dicace \u00ab\u00a0Durbuy J. Kinot, Hommage du peintre \u00e0 Madame Berckmans-Coulon, le 3-9-54, J. Kinot\u00a0\u00bb, au crayon avec signature de l\u2019artiste.\u00a0Joseph Kinot (1903 Marche &#8211; 1968 Li\u00e8ge), peintre qui fait partie de l&rsquo;Ecole li\u00e9geoise du Paysage. Sa principale source d\u2019inspiration se situe en Ardenne, mais l\u2019influence des impressionnistes fran\u00e7ais fut d\u00e9terminante.<\/p>\n<div>R\u00e9f 44.23<\/div>\n","protected":false},"excerpt":{"rendered":"<p>Gravure (28&#215;36 cm cadre compris) d\u2019une vue de Durbuy, sign\u00e9e dans la plancheen bas \u00e0 droite J.Kinot. Cette gravure porte la d\u00e9dicace \u00ab\u00a0Durbuy J. Kinot, Hommage du peintre \u00e0 Madame Berckmans-Coulon, le 3-9-54, J. Kinot\u00a0\u00bb, au crayon avec signature de l\u2019artiste.\u00a0Joseph Kinot (1903 Marche &#8211; 1968 Li\u00e8ge), peintre qui fait partie de l&rsquo;Ecole li\u00e9geoise du&hellip;&nbsp;<a href=\"https:\/\/legrenierdelatour.be\/brocante\/produit\/gravure-durbuy-joseph-kinot-1954\/\" class=\"\" rel=\"bookmark\">Lire la suite &raquo;<span class=\"screen-reader-text\">Gravure, Durbuy, Joseph Kinot, 1954<\/span><\/a><\/p>\n","protected":false},"featured_media":10973,"comment_status":"open","ping_status":"closed","template":"","meta":{"neve_meta_sidebar":"","neve_meta_container":"","neve_meta_enable_content_width":"off","neve_meta_content_width":100,"neve_meta_title_alignment":"","neve_meta_author_avatar":"","neve_post_elements_order":"","neve_meta_disable_header":"","neve_meta_disable_footer":"","neve_meta_disable_title":""},"product_brand":[],"product_cat":[31,167],"product_tag":[],"class_list":{"0":"post-10969","1":"product","2":"type-product","3":"status-publish","4":"has-post-thumbnail","6":"product_cat-pays-darlon","7":"product_cat-peintures-et-sculptures","9":"first","10":"instock","11":"shipping-taxable","12":"purchasable","13":"product-type-simple"},"_links":{"self":[{"href":"https:\/\/legrenierdelatour.be\/brocante\/wp-json\/wp\/v2\/product\/10969","targetHints":{"allow":["GET"]}}],"collection":[{"href":"https:\/\/legrenierdelatour.be\/brocante\/wp-json\/wp\/v2\/product"}],"about":[{"href":"https:\/\/legrenierdelatour.be\/brocante\/wp-json\/wp\/v2\/types\/product"}],"replies":[{"embeddable":true,"href":"https:\/\/legrenierdelatour.be\/brocante\/wp-json\/wp\/v2\/comments?post=10969"}],"wp:featuredmedia":[{"embeddable":true,"href":"https:\/\/legrenierdelatour.be\/brocante\/wp-json\/wp\/v2\/media\/10973"}],"wp:attachment":[{"href":"https:\/\/legrenierdelatour.be\/brocante\/wp-json\/wp\/v2\/media?parent=10969"}],"wp:term":[{"taxonomy":"product_brand","embeddable":true,"href":"https:\/\/legrenierdelatour.be\/brocante\/wp-json\/wp\/v2\/product_brand?post=10969"},{"taxonomy":"product_cat","embeddable":true,"href":"https:\/\/legrenierdelatour.be\/brocante\/wp-json\/wp\/v2\/product_cat?post=10969"},{"taxonomy":"product_tag","embeddable":true,"href":"https:\/\/legrenierdelatour.be\/brocante\/wp-json\/wp\/v2\/product_tag?post=10969"}],"curies":[{"name":"wp","href":"https:\/\/api.w.org\/{rel}","templated":true}]}}