{"id":10967,"date":"2025-07-17T17:21:28","date_gmt":"2025-07-17T15:21:28","guid":{"rendered":"https:\/\/legrenierdelatour.be\/brocante\/?post_type=product&#038;p=10967"},"modified":"2025-07-17T17:21:28","modified_gmt":"2025-07-17T15:21:28","slug":"aquarelle-paysage-nestor-outer-1909","status":"publish","type":"product","link":"https:\/\/legrenierdelatour.be\/brocante\/produit\/aquarelle-paysage-nestor-outer-1909\/","title":{"rendered":"Aquarelle, Paysage, Nestor Outer 1909"},"content":{"rendered":"<p>Aquarelle (60&#215;78 cm cadre compris), repr\u00e9sentant un paysage. Elle est sign\u00e9e \u00ab\u00a0Nestor Outer\u00a0\u00bb en bas \u00e0 droite et dat\u00e9e 1909. Charles Martel Nestor Outer, n\u00e9 \u00e0 Virton le 2 avril 1865 et mort le 30 avril 1930 dans la m\u00eame ville, est un \u00e9crivain, journaliste et peintre belge, sp\u00e9cialis\u00e9 dans les peintures \u00e0 l&rsquo;aquarelle. Il peint des paysages impressionnistes, se penchant parfois vers le pointillisme. Entre 1884 et 1887, il fr\u00e9quente l&rsquo;Acad\u00e9mie royale des beaux-arts de Bruxelles et prend des cours particuliers chez Jean-Fran\u00e7ois Portaels. Apr\u00e8s ses \u00e9tudes, il se rend \u00e0 Paris et en Alg\u00e9rie. En 1890, il commence sa carri\u00e8re en tant que professeur de dessin \u00e0 l&rsquo;\u00e9cole municipale de Virton. \u00c0 partir de 1920, sa sant\u00e9 se d\u00e9t\u00e9riore fortement et il doit abandonner son poste de professeur. Il se lance alors dans la peinture \u00e0 l&rsquo;huile et produit de nouvelles pi\u00e8ces avec la technique bas\u00e9e sur des aquarelles ant\u00e9rieures.<\/p>\n<div>R\u00e9f 44.21<\/div>\n","protected":false},"excerpt":{"rendered":"<p>Aquarelle (60&#215;78 cm cadre compris), repr\u00e9sentant un paysage. Elle est sign\u00e9e \u00ab\u00a0Nestor Outer\u00a0\u00bb en bas \u00e0 droite et dat\u00e9e 1909. Charles Martel Nestor Outer, n\u00e9 \u00e0 Virton le 2 avril 1865 et mort le 30 avril 1930 dans la m\u00eame ville, est un \u00e9crivain, journaliste et peintre belge, sp\u00e9cialis\u00e9 dans les peintures \u00e0 l&rsquo;aquarelle. Il&hellip;&nbsp;<a href=\"https:\/\/legrenierdelatour.be\/brocante\/produit\/aquarelle-paysage-nestor-outer-1909\/\" class=\"\" rel=\"bookmark\">Lire la suite &raquo;<span class=\"screen-reader-text\">Aquarelle, Paysage, Nestor Outer 1909<\/span><\/a><\/p>\n","protected":false},"featured_media":10964,"comment_status":"open","ping_status":"closed","template":"","meta":{"neve_meta_sidebar":"","neve_meta_container":"","neve_meta_enable_content_width":"off","neve_meta_content_width":100,"neve_meta_title_alignment":"","neve_meta_author_avatar":"","neve_post_elements_order":"","neve_meta_disable_header":"","neve_meta_disable_footer":"","neve_meta_disable_title":""},"product_brand":[],"product_cat":[31,167],"product_tag":[],"class_list":{"0":"post-10967","1":"product","2":"type-product","3":"status-publish","4":"has-post-thumbnail","6":"product_cat-pays-darlon","7":"product_cat-peintures-et-sculptures","9":"first","10":"instock","11":"shipping-taxable","12":"purchasable","13":"product-type-simple"},"_links":{"self":[{"href":"https:\/\/legrenierdelatour.be\/brocante\/wp-json\/wp\/v2\/product\/10967","targetHints":{"allow":["GET"]}}],"collection":[{"href":"https:\/\/legrenierdelatour.be\/brocante\/wp-json\/wp\/v2\/product"}],"about":[{"href":"https:\/\/legrenierdelatour.be\/brocante\/wp-json\/wp\/v2\/types\/product"}],"replies":[{"embeddable":true,"href":"https:\/\/legrenierdelatour.be\/brocante\/wp-json\/wp\/v2\/comments?post=10967"}],"wp:featuredmedia":[{"embeddable":true,"href":"https:\/\/legrenierdelatour.be\/brocante\/wp-json\/wp\/v2\/media\/10964"}],"wp:attachment":[{"href":"https:\/\/legrenierdelatour.be\/brocante\/wp-json\/wp\/v2\/media?parent=10967"}],"wp:term":[{"taxonomy":"product_brand","embeddable":true,"href":"https:\/\/legrenierdelatour.be\/brocante\/wp-json\/wp\/v2\/product_brand?post=10967"},{"taxonomy":"product_cat","embeddable":true,"href":"https:\/\/legrenierdelatour.be\/brocante\/wp-json\/wp\/v2\/product_cat?post=10967"},{"taxonomy":"product_tag","embeddable":true,"href":"https:\/\/legrenierdelatour.be\/brocante\/wp-json\/wp\/v2\/product_tag?post=10967"}],"curies":[{"name":"wp","href":"https:\/\/api.w.org\/{rel}","templated":true}]}}