{"id":10954,"date":"2025-07-16T16:22:40","date_gmt":"2025-07-16T14:22:40","guid":{"rendered":"https:\/\/legrenierdelatour.be\/brocante\/?post_type=product&#038;p=10954"},"modified":"2025-07-16T16:22:40","modified_gmt":"2025-07-16T14:22:40","slug":"mini-statuettes-de-devotion","status":"publish","type":"product","link":"https:\/\/legrenierdelatour.be\/brocante\/produit\/mini-statuettes-de-devotion\/","title":{"rendered":"Mini statuettes de d\u00e9votion"},"content":{"rendered":"<p>Minis statuettes de pri\u00e8re (2,8 cm) repr\u00e9senant d\u2019une part une Vierge et de l\u2019autre sans doute Saint Joseph portant l\u2019Enfant. Elles sont en plomb probablement et servaient d\u2019objet de d\u00e9votion et de pri\u00e8re \u00e0 emporter avec soi.<\/p>\n<div>Elles sont vendues \u00e0 la pi\u00e8ce au prix de 15\u20ac<\/div>\n<div>R\u00e9f 44.19<\/div>\n","protected":false},"excerpt":{"rendered":"<p>Minis statuettes de pri\u00e8re (2,8 cm) repr\u00e9senant d\u2019une part une Vierge et de l\u2019autre sans doute Saint Joseph portant l\u2019Enfant. Elles sont en plomb probablement et servaient d\u2019objet de d\u00e9votion et de pri\u00e8re \u00e0 emporter avec soi. Elles sont vendues \u00e0 la pi\u00e8ce au prix de 15\u20ac R\u00e9f 44.19<\/p>\n","protected":false},"featured_media":10955,"comment_status":"open","ping_status":"closed","template":"","meta":{"neve_meta_sidebar":"","neve_meta_container":"","neve_meta_enable_content_width":"off","neve_meta_content_width":100,"neve_meta_title_alignment":"","neve_meta_author_avatar":"","neve_post_elements_order":"","neve_meta_disable_header":"","neve_meta_disable_footer":"","neve_meta_disable_title":""},"product_brand":[],"product_cat":[34],"product_tag":[],"class_list":{"0":"post-10954","1":"product","2":"type-product","3":"status-publish","4":"has-post-thumbnail","6":"product_cat-religiosa","8":"first","9":"instock","10":"shipping-taxable","11":"purchasable","12":"product-type-simple"},"_links":{"self":[{"href":"https:\/\/legrenierdelatour.be\/brocante\/wp-json\/wp\/v2\/product\/10954","targetHints":{"allow":["GET"]}}],"collection":[{"href":"https:\/\/legrenierdelatour.be\/brocante\/wp-json\/wp\/v2\/product"}],"about":[{"href":"https:\/\/legrenierdelatour.be\/brocante\/wp-json\/wp\/v2\/types\/product"}],"replies":[{"embeddable":true,"href":"https:\/\/legrenierdelatour.be\/brocante\/wp-json\/wp\/v2\/comments?post=10954"}],"wp:featuredmedia":[{"embeddable":true,"href":"https:\/\/legrenierdelatour.be\/brocante\/wp-json\/wp\/v2\/media\/10955"}],"wp:attachment":[{"href":"https:\/\/legrenierdelatour.be\/brocante\/wp-json\/wp\/v2\/media?parent=10954"}],"wp:term":[{"taxonomy":"product_brand","embeddable":true,"href":"https:\/\/legrenierdelatour.be\/brocante\/wp-json\/wp\/v2\/product_brand?post=10954"},{"taxonomy":"product_cat","embeddable":true,"href":"https:\/\/legrenierdelatour.be\/brocante\/wp-json\/wp\/v2\/product_cat?post=10954"},{"taxonomy":"product_tag","embeddable":true,"href":"https:\/\/legrenierdelatour.be\/brocante\/wp-json\/wp\/v2\/product_tag?post=10954"}],"curies":[{"name":"wp","href":"https:\/\/api.w.org\/{rel}","templated":true}]}}