{"id":1095,"date":"2022-03-28T12:39:41","date_gmt":"2022-03-28T10:39:41","guid":{"rendered":"https:\/\/legrenierdelatour.be\/brocante\/?post_type=product&#038;p=1095"},"modified":"2022-05-19T15:58:25","modified_gmt":"2022-05-19T13:58:25","slug":"vase-west-germany-n90210-25-jasba","status":"publish","type":"product","link":"https:\/\/legrenierdelatour.be\/brocante\/produit\/vase-west-germany-n90210-25-jasba\/","title":{"rendered":"Vase West Germany N90210 25 Jasba"},"content":{"rendered":"<p>Beau vase amphore (25 cm haut) produit par la manufacture Jasba (cr\u00e9\u00e9e en 1926 par Jakob Schwaderlapp \u00e0 Ransbach-Baumbach &#8211; 1975 pour la production de vases). Ce vase a sans doute \u00e9t\u00e9 produit au d\u00e9bur des ann\u00e9es 1970, et est en tr\u00e8s bon \u00e9tat.<\/p>\n<div>R\u00e9f 10.47<\/div>\n","protected":false},"excerpt":{"rendered":"<p>Beau vase amphore (25 cm haut) produit par la manufacture Jasba (cr\u00e9\u00e9e en 1926 par Jakob Schwaderlapp \u00e0 Ransbach-Baumbach &#8211; 1975 pour la production de vases). Ce vase a sans doute \u00e9t\u00e9 produit au d\u00e9bur des ann\u00e9es 1970, et est en tr\u00e8s bon \u00e9tat. R\u00e9f 10.47<\/p>\n","protected":false},"featured_media":1092,"comment_status":"open","ping_status":"closed","template":"","meta":{"neve_meta_sidebar":"","neve_meta_container":"","neve_meta_enable_content_width":"off","neve_meta_content_width":100,"neve_meta_title_alignment":"","neve_meta_author_avatar":"","neve_post_elements_order":"","neve_meta_disable_header":"","neve_meta_disable_footer":"","neve_meta_disable_title":""},"product_brand":[],"product_cat":[48,170,16,47],"product_tag":[19,50,75,28,49],"class_list":{"0":"post-1095","1":"product","2":"type-product","3":"status-publish","4":"has-post-thumbnail","6":"product_cat-allemagne","7":"product_cat-autres-producteurs","8":"product_cat-ceramique","9":"product_cat-west-germany","10":"product_tag-faience","11":"product_tag-fat-lava","12":"product_tag-jasba","13":"product_tag-vintage","14":"product_tag-west-germany","16":"first","17":"instock","18":"shipping-taxable","19":"purchasable","20":"product-type-simple"},"_links":{"self":[{"href":"https:\/\/legrenierdelatour.be\/brocante\/wp-json\/wp\/v2\/product\/1095","targetHints":{"allow":["GET"]}}],"collection":[{"href":"https:\/\/legrenierdelatour.be\/brocante\/wp-json\/wp\/v2\/product"}],"about":[{"href":"https:\/\/legrenierdelatour.be\/brocante\/wp-json\/wp\/v2\/types\/product"}],"replies":[{"embeddable":true,"href":"https:\/\/legrenierdelatour.be\/brocante\/wp-json\/wp\/v2\/comments?post=1095"}],"wp:featuredmedia":[{"embeddable":true,"href":"https:\/\/legrenierdelatour.be\/brocante\/wp-json\/wp\/v2\/media\/1092"}],"wp:attachment":[{"href":"https:\/\/legrenierdelatour.be\/brocante\/wp-json\/wp\/v2\/media?parent=1095"}],"wp:term":[{"taxonomy":"product_brand","embeddable":true,"href":"https:\/\/legrenierdelatour.be\/brocante\/wp-json\/wp\/v2\/product_brand?post=1095"},{"taxonomy":"product_cat","embeddable":true,"href":"https:\/\/legrenierdelatour.be\/brocante\/wp-json\/wp\/v2\/product_cat?post=1095"},{"taxonomy":"product_tag","embeddable":true,"href":"https:\/\/legrenierdelatour.be\/brocante\/wp-json\/wp\/v2\/product_tag?post=1095"}],"curies":[{"name":"wp","href":"https:\/\/api.w.org\/{rel}","templated":true}]}}