{"id":10941,"date":"2025-07-15T17:42:08","date_gmt":"2025-07-15T15:42:08","guid":{"rendered":"https:\/\/legrenierdelatour.be\/brocante\/?post_type=product&#038;p=10941"},"modified":"2025-07-15T17:42:08","modified_gmt":"2025-07-15T15:42:08","slug":"assiette-laurier-boch-freres","status":"publish","type":"product","link":"https:\/\/legrenierdelatour.be\/brocante\/produit\/assiette-laurier-boch-freres\/","title":{"rendered":"Assiette \u00ab\u00a0Laurier\u00a0\u00bb, Boch Fr\u00e8res"},"content":{"rendered":"<p>Assiette en fa\u00efence (23 cm de diam\u00e8tre) portant la d\u00e9coration Laurier, produite par Boch Fr\u00e8res (cachet sous l\u2019assiette). Ce d\u00e9cor a \u00e9t\u00e9 cr\u00e9\u00e9 par Emile Voituron (1871-1922) en 1916, repris par Tournai par la suite.<\/p>\n<div>R\u00e9f 44.10<\/div>\n","protected":false},"excerpt":{"rendered":"<p>Assiette en fa\u00efence (23 cm de diam\u00e8tre) portant la d\u00e9coration Laurier, produite par Boch Fr\u00e8res (cachet sous l\u2019assiette). Ce d\u00e9cor a \u00e9t\u00e9 cr\u00e9\u00e9 par Emile Voituron (1871-1922) en 1916, repris par Tournai par la suite. R\u00e9f 44.10<\/p>\n","protected":false},"featured_media":10942,"comment_status":"open","ping_status":"closed","template":"","meta":{"neve_meta_sidebar":"","neve_meta_container":"","neve_meta_enable_content_width":"off","neve_meta_content_width":100,"neve_meta_title_alignment":"","neve_meta_author_avatar":"","neve_post_elements_order":"","neve_meta_disable_header":"","neve_meta_disable_footer":"","neve_meta_disable_title":""},"product_brand":[],"product_cat":[37,175,16],"product_tag":[],"class_list":{"0":"post-10941","1":"product","2":"type-product","3":"status-publish","4":"has-post-thumbnail","6":"product_cat-belgique","7":"product_cat-boch","8":"product_cat-ceramique","10":"first","11":"instock","12":"shipping-taxable","13":"purchasable","14":"product-type-simple"},"_links":{"self":[{"href":"https:\/\/legrenierdelatour.be\/brocante\/wp-json\/wp\/v2\/product\/10941","targetHints":{"allow":["GET"]}}],"collection":[{"href":"https:\/\/legrenierdelatour.be\/brocante\/wp-json\/wp\/v2\/product"}],"about":[{"href":"https:\/\/legrenierdelatour.be\/brocante\/wp-json\/wp\/v2\/types\/product"}],"replies":[{"embeddable":true,"href":"https:\/\/legrenierdelatour.be\/brocante\/wp-json\/wp\/v2\/comments?post=10941"}],"wp:featuredmedia":[{"embeddable":true,"href":"https:\/\/legrenierdelatour.be\/brocante\/wp-json\/wp\/v2\/media\/10942"}],"wp:attachment":[{"href":"https:\/\/legrenierdelatour.be\/brocante\/wp-json\/wp\/v2\/media?parent=10941"}],"wp:term":[{"taxonomy":"product_brand","embeddable":true,"href":"https:\/\/legrenierdelatour.be\/brocante\/wp-json\/wp\/v2\/product_brand?post=10941"},{"taxonomy":"product_cat","embeddable":true,"href":"https:\/\/legrenierdelatour.be\/brocante\/wp-json\/wp\/v2\/product_cat?post=10941"},{"taxonomy":"product_tag","embeddable":true,"href":"https:\/\/legrenierdelatour.be\/brocante\/wp-json\/wp\/v2\/product_tag?post=10941"}],"curies":[{"name":"wp","href":"https:\/\/api.w.org\/{rel}","templated":true}]}}