{"id":10932,"date":"2025-07-15T11:56:44","date_gmt":"2025-07-15T09:56:44","guid":{"rendered":"https:\/\/legrenierdelatour.be\/brocante\/?post_type=product&#038;p=10932"},"modified":"2025-07-15T11:56:44","modified_gmt":"2025-07-15T09:56:44","slug":"protege-allumettes-en-etain-athenee-royal-arlon-1987","status":"publish","type":"product","link":"https:\/\/legrenierdelatour.be\/brocante\/produit\/protege-allumettes-en-etain-athenee-royal-arlon-1987\/","title":{"rendered":"Prot\u00e8ge-allumettes en \u00e9tain, Ath\u00e9n\u00e9e Royal Arlon 1987"},"content":{"rendered":"<p>Prot\u00e8ge bo\u00eete d\u2019allumettes (11&#215;6,5 cm) \u00a0en \u00e9tain avec une repr\u00e9sentation du \u00ab\u00a0Magister\u00a0\u00bb et la mention \u00ab\u00a0Ath\u00e9n\u00e9e Royal Arlon\u00a0\u00bb \u00ab\u00a01837-1987\u00a0\u00bb . Il a \u00e9t\u00e9 \u00e9dit\u00e9 pour les 150 ans de l\u2019Ath\u00e9n\u00e9e Royale d\u2019Arlon.<\/p>\n<div>R\u00e9f 44.09<\/div>\n","protected":false},"excerpt":{"rendered":"<p>Prot\u00e8ge bo\u00eete d\u2019allumettes (11&#215;6,5 cm) \u00a0en \u00e9tain avec une repr\u00e9sentation du \u00ab\u00a0Magister\u00a0\u00bb et la mention \u00ab\u00a0Ath\u00e9n\u00e9e Royal Arlon\u00a0\u00bb \u00ab\u00a01837-1987\u00a0\u00bb . Il a \u00e9t\u00e9 \u00e9dit\u00e9 pour les 150 ans de l\u2019Ath\u00e9n\u00e9e Royale d\u2019Arlon. R\u00e9f 44.09<\/p>\n","protected":false},"featured_media":10933,"comment_status":"open","ping_status":"closed","template":"","meta":{"neve_meta_sidebar":"","neve_meta_container":"","neve_meta_enable_content_width":"off","neve_meta_content_width":100,"neve_meta_title_alignment":"","neve_meta_author_avatar":"","neve_post_elements_order":"","neve_meta_disable_header":"","neve_meta_disable_footer":"","neve_meta_disable_title":""},"product_brand":[],"product_cat":[110,109,31],"product_tag":[],"class_list":{"0":"post-10932","1":"product","2":"type-product","3":"status-publish","4":"has-post-thumbnail","6":"product_cat-etain","7":"product_cat-metal","8":"product_cat-pays-darlon","10":"first","11":"instock","12":"shipping-taxable","13":"purchasable","14":"product-type-simple"},"_links":{"self":[{"href":"https:\/\/legrenierdelatour.be\/brocante\/wp-json\/wp\/v2\/product\/10932","targetHints":{"allow":["GET"]}}],"collection":[{"href":"https:\/\/legrenierdelatour.be\/brocante\/wp-json\/wp\/v2\/product"}],"about":[{"href":"https:\/\/legrenierdelatour.be\/brocante\/wp-json\/wp\/v2\/types\/product"}],"replies":[{"embeddable":true,"href":"https:\/\/legrenierdelatour.be\/brocante\/wp-json\/wp\/v2\/comments?post=10932"}],"wp:featuredmedia":[{"embeddable":true,"href":"https:\/\/legrenierdelatour.be\/brocante\/wp-json\/wp\/v2\/media\/10933"}],"wp:attachment":[{"href":"https:\/\/legrenierdelatour.be\/brocante\/wp-json\/wp\/v2\/media?parent=10932"}],"wp:term":[{"taxonomy":"product_brand","embeddable":true,"href":"https:\/\/legrenierdelatour.be\/brocante\/wp-json\/wp\/v2\/product_brand?post=10932"},{"taxonomy":"product_cat","embeddable":true,"href":"https:\/\/legrenierdelatour.be\/brocante\/wp-json\/wp\/v2\/product_cat?post=10932"},{"taxonomy":"product_tag","embeddable":true,"href":"https:\/\/legrenierdelatour.be\/brocante\/wp-json\/wp\/v2\/product_tag?post=10932"}],"curies":[{"name":"wp","href":"https:\/\/api.w.org\/{rel}","templated":true}]}}