{"id":10924,"date":"2025-07-15T10:51:23","date_gmt":"2025-07-15T08:51:23","guid":{"rendered":"https:\/\/legrenierdelatour.be\/brocante\/?post_type=product&#038;p=10924"},"modified":"2025-07-15T10:51:23","modified_gmt":"2025-07-15T08:51:23","slug":"photographie-la-fenaison-rodesch","status":"publish","type":"product","link":"https:\/\/legrenierdelatour.be\/brocante\/produit\/photographie-la-fenaison-rodesch\/","title":{"rendered":"Photographie, La fenaison, Rodesch"},"content":{"rendered":"<p>Belle photographie (19&#215;13 cm) d\u2019un paysanne dans la fenaison, sign\u00e9e en bas \u00e0 droite \u00ab\u00a0Rodesch\u00a0\u00bb, photographe arlonais et dat\u00e9e de 1940. Elle est annot\u00e9e \u00e0 l\u2019arri\u00e8re.<\/p>\n<div>R\u00e9f 44.05<\/div>\n","protected":false},"excerpt":{"rendered":"<p>Belle photographie (19&#215;13 cm) d\u2019un paysanne dans la fenaison, sign\u00e9e en bas \u00e0 droite \u00ab\u00a0Rodesch\u00a0\u00bb, photographe arlonais et dat\u00e9e de 1940. Elle est annot\u00e9e \u00e0 l\u2019arri\u00e8re. R\u00e9f 44.05<\/p>\n","protected":false},"featured_media":10925,"comment_status":"open","ping_status":"closed","template":"","meta":{"neve_meta_sidebar":"","neve_meta_container":"","neve_meta_enable_content_width":"off","neve_meta_content_width":100,"neve_meta_title_alignment":"","neve_meta_author_avatar":"","neve_post_elements_order":"","neve_meta_disable_header":"","neve_meta_disable_footer":"","neve_meta_disable_title":""},"product_brand":[],"product_cat":[31,167],"product_tag":[],"class_list":{"0":"post-10924","1":"product","2":"type-product","3":"status-publish","4":"has-post-thumbnail","6":"product_cat-pays-darlon","7":"product_cat-peintures-et-sculptures","9":"first","10":"instock","11":"shipping-taxable","12":"purchasable","13":"product-type-simple"},"_links":{"self":[{"href":"https:\/\/legrenierdelatour.be\/brocante\/wp-json\/wp\/v2\/product\/10924","targetHints":{"allow":["GET"]}}],"collection":[{"href":"https:\/\/legrenierdelatour.be\/brocante\/wp-json\/wp\/v2\/product"}],"about":[{"href":"https:\/\/legrenierdelatour.be\/brocante\/wp-json\/wp\/v2\/types\/product"}],"replies":[{"embeddable":true,"href":"https:\/\/legrenierdelatour.be\/brocante\/wp-json\/wp\/v2\/comments?post=10924"}],"wp:featuredmedia":[{"embeddable":true,"href":"https:\/\/legrenierdelatour.be\/brocante\/wp-json\/wp\/v2\/media\/10925"}],"wp:attachment":[{"href":"https:\/\/legrenierdelatour.be\/brocante\/wp-json\/wp\/v2\/media?parent=10924"}],"wp:term":[{"taxonomy":"product_brand","embeddable":true,"href":"https:\/\/legrenierdelatour.be\/brocante\/wp-json\/wp\/v2\/product_brand?post=10924"},{"taxonomy":"product_cat","embeddable":true,"href":"https:\/\/legrenierdelatour.be\/brocante\/wp-json\/wp\/v2\/product_cat?post=10924"},{"taxonomy":"product_tag","embeddable":true,"href":"https:\/\/legrenierdelatour.be\/brocante\/wp-json\/wp\/v2\/product_tag?post=10924"}],"curies":[{"name":"wp","href":"https:\/\/api.w.org\/{rel}","templated":true}]}}