{"id":10920,"date":"2025-07-15T10:47:54","date_gmt":"2025-07-15T08:47:54","guid":{"rendered":"https:\/\/legrenierdelatour.be\/brocante\/?post_type=product&#038;p=10920"},"modified":"2025-07-15T10:47:54","modified_gmt":"2025-07-15T08:47:54","slug":"photographie-sant-donat-arlon-signee","status":"publish","type":"product","link":"https:\/\/legrenierdelatour.be\/brocante\/produit\/photographie-sant-donat-arlon-signee\/","title":{"rendered":"Photographie Sant Donat Arlon, sign\u00e9e"},"content":{"rendered":"<p>Belle photographie (26&#215;20 cm cadre compris) de l\u2019Eglise Saint Donat \u00e0 Arlon. Elle est sign\u00e9e en bas \u00e0 gauche d\u2019un photographe inconnu. Elle est annot\u00e9e \u00e0 l\u2019arri\u00e8re.<\/p>\n<div>R\u00e9f 44.04<\/div>\n","protected":false},"excerpt":{"rendered":"<p>Belle photographie (26&#215;20 cm cadre compris) de l\u2019Eglise Saint Donat \u00e0 Arlon. Elle est sign\u00e9e en bas \u00e0 gauche d\u2019un photographe inconnu. Elle est annot\u00e9e \u00e0 l\u2019arri\u00e8re. R\u00e9f 44.04<\/p>\n","protected":false},"featured_media":10921,"comment_status":"open","ping_status":"closed","template":"","meta":{"neve_meta_sidebar":"","neve_meta_container":"","neve_meta_enable_content_width":"off","neve_meta_content_width":100,"neve_meta_title_alignment":"","neve_meta_author_avatar":"","neve_post_elements_order":"","neve_meta_disable_header":"","neve_meta_disable_footer":"","neve_meta_disable_title":""},"product_brand":[],"product_cat":[31,167],"product_tag":[],"class_list":{"0":"post-10920","1":"product","2":"type-product","3":"status-publish","4":"has-post-thumbnail","6":"product_cat-pays-darlon","7":"product_cat-peintures-et-sculptures","9":"first","10":"instock","11":"shipping-taxable","12":"purchasable","13":"product-type-simple"},"_links":{"self":[{"href":"https:\/\/legrenierdelatour.be\/brocante\/wp-json\/wp\/v2\/product\/10920","targetHints":{"allow":["GET"]}}],"collection":[{"href":"https:\/\/legrenierdelatour.be\/brocante\/wp-json\/wp\/v2\/product"}],"about":[{"href":"https:\/\/legrenierdelatour.be\/brocante\/wp-json\/wp\/v2\/types\/product"}],"replies":[{"embeddable":true,"href":"https:\/\/legrenierdelatour.be\/brocante\/wp-json\/wp\/v2\/comments?post=10920"}],"wp:featuredmedia":[{"embeddable":true,"href":"https:\/\/legrenierdelatour.be\/brocante\/wp-json\/wp\/v2\/media\/10921"}],"wp:attachment":[{"href":"https:\/\/legrenierdelatour.be\/brocante\/wp-json\/wp\/v2\/media?parent=10920"}],"wp:term":[{"taxonomy":"product_brand","embeddable":true,"href":"https:\/\/legrenierdelatour.be\/brocante\/wp-json\/wp\/v2\/product_brand?post=10920"},{"taxonomy":"product_cat","embeddable":true,"href":"https:\/\/legrenierdelatour.be\/brocante\/wp-json\/wp\/v2\/product_cat?post=10920"},{"taxonomy":"product_tag","embeddable":true,"href":"https:\/\/legrenierdelatour.be\/brocante\/wp-json\/wp\/v2\/product_tag?post=10920"}],"curies":[{"name":"wp","href":"https:\/\/api.w.org\/{rel}","templated":true}]}}