{"id":10873,"date":"2025-07-06T17:55:55","date_gmt":"2025-07-06T15:55:55","guid":{"rendered":"https:\/\/legrenierdelatour.be\/brocante\/?post_type=product&#038;p=10873"},"modified":"2025-07-06T18:05:39","modified_gmt":"2025-07-06T16:05:39","slug":"aquarelle-maison-isolee-alain-baudson","status":"publish","type":"product","link":"https:\/\/legrenierdelatour.be\/brocante\/produit\/aquarelle-maison-isolee-alain-baudson\/","title":{"rendered":"Aquarelle \u00ab\u00a0Maison isol\u00e9e\u00a0\u00bb, Alain Baudson"},"content":{"rendered":"<p>Aquarelle (51&#215;41 cm cadre compris) d\u2019une maison isol\u00e9e, sign\u00e9e en bas \u00e0 gauche A. Baudson et dat\u00e9e 1994. Alain Baudson (n\u00e9 en 1963 \u00e0 St Mard) est passionn\u00e9 tr\u00e8s jeune par le dessin, notamment \u00e0 l\u2019encre de chine. Longtemps autodidacte, il suit des cours du soir \u00e0 Virton puis est l\u2019\u00e9l\u00e8ve de Pierre Chariot pendant de nombreuses ann\u00e9es. L\u2019aquarelle devient son moyen d\u2019expression, et il peint de vastes paysages, avec un travail fin et soign\u00e9. Il poss\u00e8de une galerie \u00ab L\u2019Ocre bleue \u00bb \u00e0 Avioth. Alain Baudson aime aussi transmettre son art via des cours.<\/p>\n<div>R\u00e9f 43.80<\/div>\n","protected":false},"excerpt":{"rendered":"<p>Aquarelle (51&#215;41 cm cadre compris) d\u2019une maison isol\u00e9e, sign\u00e9e en bas \u00e0 gauche A. Baudson et dat\u00e9e 1994. Alain Baudson (n\u00e9 en 1963 \u00e0 St Mard) est passionn\u00e9 tr\u00e8s jeune par le dessin, notamment \u00e0 l\u2019encre de chine. Longtemps autodidacte, il suit des cours du soir \u00e0 Virton puis est l\u2019\u00e9l\u00e8ve de Pierre Chariot pendant&hellip;&nbsp;<a href=\"https:\/\/legrenierdelatour.be\/brocante\/produit\/aquarelle-maison-isolee-alain-baudson\/\" class=\"\" rel=\"bookmark\">Lire la suite &raquo;<span class=\"screen-reader-text\">Aquarelle \u00ab\u00a0Maison isol\u00e9e\u00a0\u00bb, Alain Baudson<\/span><\/a><\/p>\n","protected":false},"featured_media":10845,"comment_status":"open","ping_status":"closed","template":"","meta":{"neve_meta_sidebar":"","neve_meta_container":"","neve_meta_enable_content_width":"off","neve_meta_content_width":100,"neve_meta_title_alignment":"","neve_meta_author_avatar":"","neve_post_elements_order":"","neve_meta_disable_header":"","neve_meta_disable_footer":"","neve_meta_disable_title":""},"product_brand":[],"product_cat":[31,167],"product_tag":[],"class_list":{"0":"post-10873","1":"product","2":"type-product","3":"status-publish","4":"has-post-thumbnail","6":"product_cat-pays-darlon","7":"product_cat-peintures-et-sculptures","9":"first","10":"instock","11":"shipping-taxable","12":"purchasable","13":"product-type-simple"},"_links":{"self":[{"href":"https:\/\/legrenierdelatour.be\/brocante\/wp-json\/wp\/v2\/product\/10873","targetHints":{"allow":["GET"]}}],"collection":[{"href":"https:\/\/legrenierdelatour.be\/brocante\/wp-json\/wp\/v2\/product"}],"about":[{"href":"https:\/\/legrenierdelatour.be\/brocante\/wp-json\/wp\/v2\/types\/product"}],"replies":[{"embeddable":true,"href":"https:\/\/legrenierdelatour.be\/brocante\/wp-json\/wp\/v2\/comments?post=10873"}],"wp:featuredmedia":[{"embeddable":true,"href":"https:\/\/legrenierdelatour.be\/brocante\/wp-json\/wp\/v2\/media\/10845"}],"wp:attachment":[{"href":"https:\/\/legrenierdelatour.be\/brocante\/wp-json\/wp\/v2\/media?parent=10873"}],"wp:term":[{"taxonomy":"product_brand","embeddable":true,"href":"https:\/\/legrenierdelatour.be\/brocante\/wp-json\/wp\/v2\/product_brand?post=10873"},{"taxonomy":"product_cat","embeddable":true,"href":"https:\/\/legrenierdelatour.be\/brocante\/wp-json\/wp\/v2\/product_cat?post=10873"},{"taxonomy":"product_tag","embeddable":true,"href":"https:\/\/legrenierdelatour.be\/brocante\/wp-json\/wp\/v2\/product_tag?post=10873"}],"curies":[{"name":"wp","href":"https:\/\/api.w.org\/{rel}","templated":true}]}}