{"id":10841,"date":"2025-07-01T14:53:19","date_gmt":"2025-07-01T12:53:19","guid":{"rendered":"https:\/\/legrenierdelatour.be\/brocante\/?post_type=product&#038;p=10841"},"modified":"2025-07-01T14:53:20","modified_gmt":"2025-07-01T12:53:20","slug":"souvenir-de-communion-selange-1933-tramp-art","status":"publish","type":"product","link":"https:\/\/legrenierdelatour.be\/brocante\/produit\/souvenir-de-communion-selange-1933-tramp-art\/","title":{"rendered":"\u00ab\u00a0Souvenir de Communion\u00a0\u00bb, S\u00e9lange 1933, Tramp Art"},"content":{"rendered":"<p>Cadre (43&#215;36 cm cadre compris) pour une Souvenir de Communion Solennelle \u00e0 S\u00e9lange en 1933. L\u2019encadrement est en Tramp Art.\u00a0Tramp Art : il s&rsquo;agit d&rsquo;une forme d&rsquo;art populaire, cr\u00e9ation d&rsquo;objets de culte ou de d\u00e9coration, \u00e0 base de mat\u00e9riaux r\u00e9cup\u00e9r\u00e9s tels des bo\u00eetes \u00e0 cigares, caisses de transport&#8230; Ces objets \u00e9taient fabriqu\u00e9s \u00e0 la maison avec un simple couteau, et \u00e9taient fort appr\u00e9ci\u00e9s de 1870 et 1940.<\/p>\n<div>R\u00e9f 43.73<\/div>\n","protected":false},"excerpt":{"rendered":"<p>Cadre (43&#215;36 cm cadre compris) pour une Souvenir de Communion Solennelle \u00e0 S\u00e9lange en 1933. L\u2019encadrement est en Tramp Art.\u00a0Tramp Art : il s&rsquo;agit d&rsquo;une forme d&rsquo;art populaire, cr\u00e9ation d&rsquo;objets de culte ou de d\u00e9coration, \u00e0 base de mat\u00e9riaux r\u00e9cup\u00e9r\u00e9s tels des bo\u00eetes \u00e0 cigares, caisses de transport&#8230; Ces objets \u00e9taient fabriqu\u00e9s \u00e0 la maison&hellip;&nbsp;<a href=\"https:\/\/legrenierdelatour.be\/brocante\/produit\/souvenir-de-communion-selange-1933-tramp-art\/\" class=\"\" rel=\"bookmark\">Lire la suite &raquo;<span class=\"screen-reader-text\">\u00ab\u00a0Souvenir de Communion\u00a0\u00bb, S\u00e9lange 1933, Tramp Art<\/span><\/a><\/p>\n","protected":false},"featured_media":10821,"comment_status":"open","ping_status":"closed","template":"","meta":{"neve_meta_sidebar":"","neve_meta_container":"","neve_meta_enable_content_width":"off","neve_meta_content_width":100,"neve_meta_title_alignment":"","neve_meta_author_avatar":"","neve_post_elements_order":"","neve_meta_disable_header":"","neve_meta_disable_footer":"","neve_meta_disable_title":""},"product_brand":[],"product_cat":[31,167,34],"product_tag":[],"class_list":{"0":"post-10841","1":"product","2":"type-product","3":"status-publish","4":"has-post-thumbnail","6":"product_cat-pays-darlon","7":"product_cat-peintures-et-sculptures","8":"product_cat-religiosa","10":"first","11":"instock","12":"shipping-taxable","13":"purchasable","14":"product-type-simple"},"_links":{"self":[{"href":"https:\/\/legrenierdelatour.be\/brocante\/wp-json\/wp\/v2\/product\/10841","targetHints":{"allow":["GET"]}}],"collection":[{"href":"https:\/\/legrenierdelatour.be\/brocante\/wp-json\/wp\/v2\/product"}],"about":[{"href":"https:\/\/legrenierdelatour.be\/brocante\/wp-json\/wp\/v2\/types\/product"}],"replies":[{"embeddable":true,"href":"https:\/\/legrenierdelatour.be\/brocante\/wp-json\/wp\/v2\/comments?post=10841"}],"wp:featuredmedia":[{"embeddable":true,"href":"https:\/\/legrenierdelatour.be\/brocante\/wp-json\/wp\/v2\/media\/10821"}],"wp:attachment":[{"href":"https:\/\/legrenierdelatour.be\/brocante\/wp-json\/wp\/v2\/media?parent=10841"}],"wp:term":[{"taxonomy":"product_brand","embeddable":true,"href":"https:\/\/legrenierdelatour.be\/brocante\/wp-json\/wp\/v2\/product_brand?post=10841"},{"taxonomy":"product_cat","embeddable":true,"href":"https:\/\/legrenierdelatour.be\/brocante\/wp-json\/wp\/v2\/product_cat?post=10841"},{"taxonomy":"product_tag","embeddable":true,"href":"https:\/\/legrenierdelatour.be\/brocante\/wp-json\/wp\/v2\/product_tag?post=10841"}],"curies":[{"name":"wp","href":"https:\/\/api.w.org\/{rel}","templated":true}]}}