{"id":10837,"date":"2025-07-01T14:24:33","date_gmt":"2025-07-01T12:24:33","guid":{"rendered":"https:\/\/legrenierdelatour.be\/brocante\/?post_type=product&#038;p=10837"},"modified":"2025-07-01T14:24:34","modified_gmt":"2025-07-01T12:24:34","slug":"penture-nature-morte-a-la-pipe-maurice-mathias","status":"publish","type":"product","link":"https:\/\/legrenierdelatour.be\/brocante\/produit\/penture-nature-morte-a-la-pipe-maurice-mathias\/","title":{"rendered":"Penture \u00ab\u00a0Nature Morte \u00e0 la pipe\u00a0\u00bb, Maurice Mathias"},"content":{"rendered":"<p>Peinture \u00e0 l\u2019huile (50&#215;37 cm) d\u2019une Nature Morte avec pipe. Elle est sign\u00e9e en bas \u00e0 droite M Mathias et dat\u00e9e 1946. Cette peinture a \u00e9 mini trous et des craquelures d\u2019\u00e2ge. Maurice Mathias (1912 Marbehan &#8211; 2006 St Mard) apprend \u00e0 peindre et dessiner \u00e0 l\u2019Acad\u00e9mie des Beaux Arts d\u2019Arlon, dans les ateliers J.J. Bischops \u00e0 Li\u00e8ge et de Pierre Paulus \u00e0 Bruxelles. El\u00e8ve de Lucien Bidaine, il fait partie de ce qu\u2019on pourrait appeler l\u2019 \u00ab Ecole arlonaise du Paysage \u00bb. Dans son atelier \u00e0 Arlon (r L\u00e9on Castillon 39) et \u00e0 Parette, il utilise les couleurs franches appliqu\u00e9es au couteau, pr\u00e9f\u00e9r\u00e9 aux pinceaux.<\/p>\n<div>R\u00e9f 43.71<\/div>\n","protected":false},"excerpt":{"rendered":"<p>Peinture \u00e0 l\u2019huile (50&#215;37 cm) d\u2019une Nature Morte avec pipe. Elle est sign\u00e9e en bas \u00e0 droite M Mathias et dat\u00e9e 1946. Cette peinture a \u00e9 mini trous et des craquelures d\u2019\u00e2ge. Maurice Mathias (1912 Marbehan &#8211; 2006 St Mard) apprend \u00e0 peindre et dessiner \u00e0 l\u2019Acad\u00e9mie des Beaux Arts d\u2019Arlon, dans les ateliers J.J.&hellip;&nbsp;<a href=\"https:\/\/legrenierdelatour.be\/brocante\/produit\/penture-nature-morte-a-la-pipe-maurice-mathias\/\" class=\"\" rel=\"bookmark\">Lire la suite &raquo;<span class=\"screen-reader-text\">Penture \u00ab\u00a0Nature Morte \u00e0 la pipe\u00a0\u00bb, Maurice Mathias<\/span><\/a><\/p>\n","protected":false},"featured_media":10823,"comment_status":"open","ping_status":"closed","template":"","meta":{"neve_meta_sidebar":"","neve_meta_container":"","neve_meta_enable_content_width":"off","neve_meta_content_width":100,"neve_meta_title_alignment":"","neve_meta_author_avatar":"","neve_post_elements_order":"","neve_meta_disable_header":"","neve_meta_disable_footer":"","neve_meta_disable_title":""},"product_brand":[],"product_cat":[31,167],"product_tag":[],"class_list":{"0":"post-10837","1":"product","2":"type-product","3":"status-publish","4":"has-post-thumbnail","6":"product_cat-pays-darlon","7":"product_cat-peintures-et-sculptures","9":"first","10":"instock","11":"shipping-taxable","12":"purchasable","13":"product-type-simple"},"_links":{"self":[{"href":"https:\/\/legrenierdelatour.be\/brocante\/wp-json\/wp\/v2\/product\/10837","targetHints":{"allow":["GET"]}}],"collection":[{"href":"https:\/\/legrenierdelatour.be\/brocante\/wp-json\/wp\/v2\/product"}],"about":[{"href":"https:\/\/legrenierdelatour.be\/brocante\/wp-json\/wp\/v2\/types\/product"}],"replies":[{"embeddable":true,"href":"https:\/\/legrenierdelatour.be\/brocante\/wp-json\/wp\/v2\/comments?post=10837"}],"wp:featuredmedia":[{"embeddable":true,"href":"https:\/\/legrenierdelatour.be\/brocante\/wp-json\/wp\/v2\/media\/10823"}],"wp:attachment":[{"href":"https:\/\/legrenierdelatour.be\/brocante\/wp-json\/wp\/v2\/media?parent=10837"}],"wp:term":[{"taxonomy":"product_brand","embeddable":true,"href":"https:\/\/legrenierdelatour.be\/brocante\/wp-json\/wp\/v2\/product_brand?post=10837"},{"taxonomy":"product_cat","embeddable":true,"href":"https:\/\/legrenierdelatour.be\/brocante\/wp-json\/wp\/v2\/product_cat?post=10837"},{"taxonomy":"product_tag","embeddable":true,"href":"https:\/\/legrenierdelatour.be\/brocante\/wp-json\/wp\/v2\/product_tag?post=10837"}],"curies":[{"name":"wp","href":"https:\/\/api.w.org\/{rel}","templated":true}]}}