{"id":10833,"date":"2025-07-01T13:59:09","date_gmt":"2025-07-01T11:59:09","guid":{"rendered":"https:\/\/legrenierdelatour.be\/brocante\/?post_type=product&#038;p=10833"},"modified":"2025-12-19T17:28:41","modified_gmt":"2025-12-19T16:28:41","slug":"feuille-en-ceramique-carte-darelerland","status":"publish","type":"product","link":"https:\/\/legrenierdelatour.be\/brocante\/produit\/feuille-en-ceramique-carte-darelerland\/","title":{"rendered":"Feuille en c\u00e9ramique, carte d&rsquo;Arelerland"},"content":{"rendered":"<p>Belle plaque c\u00e9ramique (32&#215;24 cm) en forme de feuille \u00e0 suspendre. Elle porte une carte de l\u2019Arelerland, avec les diff\u00e9rents villages. Elle porte la mention \u00ab Looss Dech Nit Ausstr\u00e4ichen, Hal Fest Un d\u2019Arelerland \u00bb. Elle est sign\u00e9e au verso, num\u00e9rot\u00e9e 40 et elle porte la date Hondel 1987. C\u2019est une oeuvre d\u2019Emma Schroeder c\u00e9ramiste de Hondelange. Elle est en parfait \u00e9tat.<\/p>\n<div>R\u00e9f 43.68<\/div>\n","protected":false},"excerpt":{"rendered":"<p>Belle plaque c\u00e9ramique (32&#215;24 cm) en forme de feuille \u00e0 suspendre. Elle porte une carte de l\u2019Arelerland, avec les diff\u00e9rents villages. Elle porte la mention \u00ab Looss Dech Nit Ausstr\u00e4ichen, Hal Fest Un d\u2019Arelerland \u00bb. Elle est sign\u00e9e au verso, num\u00e9rot\u00e9e 40 et elle porte la date Hondel 1987. C\u2019est une oeuvre d\u2019Emma Schroeder c\u00e9ramiste&hellip;&nbsp;<a href=\"https:\/\/legrenierdelatour.be\/brocante\/produit\/feuille-en-ceramique-carte-darelerland\/\" class=\"\" rel=\"bookmark\">Lire la suite &raquo;<span class=\"screen-reader-text\">Feuille en c\u00e9ramique, carte d&rsquo;Arelerland<\/span><\/a><\/p>\n","protected":false},"featured_media":10830,"comment_status":"open","ping_status":"closed","template":"","meta":{"neve_meta_sidebar":"","neve_meta_container":"","neve_meta_enable_content_width":"off","neve_meta_content_width":100,"neve_meta_title_alignment":"","neve_meta_author_avatar":"","neve_post_elements_order":"","neve_meta_disable_header":"","neve_meta_disable_footer":"","neve_meta_disable_title":""},"product_brand":[],"product_cat":[37,16,31,167],"product_tag":[],"class_list":{"0":"post-10833","1":"product","2":"type-product","3":"status-publish","4":"has-post-thumbnail","6":"product_cat-belgique","7":"product_cat-ceramique","8":"product_cat-pays-darlon","9":"product_cat-peintures-et-sculptures","11":"first","12":"instock","13":"shipping-taxable","14":"purchasable","15":"product-type-simple"},"_links":{"self":[{"href":"https:\/\/legrenierdelatour.be\/brocante\/wp-json\/wp\/v2\/product\/10833","targetHints":{"allow":["GET"]}}],"collection":[{"href":"https:\/\/legrenierdelatour.be\/brocante\/wp-json\/wp\/v2\/product"}],"about":[{"href":"https:\/\/legrenierdelatour.be\/brocante\/wp-json\/wp\/v2\/types\/product"}],"replies":[{"embeddable":true,"href":"https:\/\/legrenierdelatour.be\/brocante\/wp-json\/wp\/v2\/comments?post=10833"}],"wp:featuredmedia":[{"embeddable":true,"href":"https:\/\/legrenierdelatour.be\/brocante\/wp-json\/wp\/v2\/media\/10830"}],"wp:attachment":[{"href":"https:\/\/legrenierdelatour.be\/brocante\/wp-json\/wp\/v2\/media?parent=10833"}],"wp:term":[{"taxonomy":"product_brand","embeddable":true,"href":"https:\/\/legrenierdelatour.be\/brocante\/wp-json\/wp\/v2\/product_brand?post=10833"},{"taxonomy":"product_cat","embeddable":true,"href":"https:\/\/legrenierdelatour.be\/brocante\/wp-json\/wp\/v2\/product_cat?post=10833"},{"taxonomy":"product_tag","embeddable":true,"href":"https:\/\/legrenierdelatour.be\/brocante\/wp-json\/wp\/v2\/product_tag?post=10833"}],"curies":[{"name":"wp","href":"https:\/\/api.w.org\/{rel}","templated":true}]}}