{"id":10831,"date":"2025-07-01T13:57:56","date_gmt":"2025-07-01T11:57:56","guid":{"rendered":"https:\/\/legrenierdelatour.be\/brocante\/?post_type=product&#038;p=10831"},"modified":"2025-07-01T13:57:57","modified_gmt":"2025-07-01T11:57:57","slug":"aquarelle-paysage-r-de-moreau-de-gerbehaye-1994","status":"publish","type":"product","link":"https:\/\/legrenierdelatour.be\/brocante\/produit\/aquarelle-paysage-r-de-moreau-de-gerbehaye-1994\/","title":{"rendered":"Aquarelle \u00ab\u00a0Paysage\u00a0\u00bb, R. de Moreau de Gerbehaye, 1994"},"content":{"rendered":"<p>Aquarelle (43&#215;33 cm cadre compris) d\u2019un paysage avec rivi\u00e8re et bouleaux. Cette aquarelle est d\u00e9dicac\u00e9e : \u00ab A Monsiuer et Madame Moxhet avec nos remerciements \u00bb et sign\u00e9e R. de Moreau de Gerbehaye, 1994. Cet artiste a fait diverses aquarelles, notamment dans la r\u00e9gion de Virton.\u00a0Il s\u2019agit sans doute de Ren\u00e9 Lucien de Moreau de Gerbehaye, n\u00e9 \u00e0 Virton en 1908 et d\u00e9c\u00e9d\u00e9 en 2007 \u00e0 Beaufays.<\/p>\n<div>R\u00e9f 43.67<\/div>\n","protected":false},"excerpt":{"rendered":"<p>Aquarelle (43&#215;33 cm cadre compris) d\u2019un paysage avec rivi\u00e8re et bouleaux. Cette aquarelle est d\u00e9dicac\u00e9e : \u00ab A Monsiuer et Madame Moxhet avec nos remerciements \u00bb et sign\u00e9e R. de Moreau de Gerbehaye, 1994. Cet artiste a fait diverses aquarelles, notamment dans la r\u00e9gion de Virton.\u00a0Il s\u2019agit sans doute de Ren\u00e9 Lucien de Moreau de&hellip;&nbsp;<a href=\"https:\/\/legrenierdelatour.be\/brocante\/produit\/aquarelle-paysage-r-de-moreau-de-gerbehaye-1994\/\" class=\"\" rel=\"bookmark\">Lire la suite &raquo;<span class=\"screen-reader-text\">Aquarelle \u00ab\u00a0Paysage\u00a0\u00bb, R. de Moreau de Gerbehaye, 1994<\/span><\/a><\/p>\n","protected":false},"featured_media":10832,"comment_status":"open","ping_status":"closed","template":"","meta":{"neve_meta_sidebar":"","neve_meta_container":"","neve_meta_enable_content_width":"off","neve_meta_content_width":100,"neve_meta_title_alignment":"","neve_meta_author_avatar":"","neve_post_elements_order":"","neve_meta_disable_header":"","neve_meta_disable_footer":"","neve_meta_disable_title":""},"product_brand":[],"product_cat":[31,167],"product_tag":[],"class_list":{"0":"post-10831","1":"product","2":"type-product","3":"status-publish","4":"has-post-thumbnail","6":"product_cat-pays-darlon","7":"product_cat-peintures-et-sculptures","9":"first","10":"instock","11":"shipping-taxable","12":"purchasable","13":"product-type-simple"},"_links":{"self":[{"href":"https:\/\/legrenierdelatour.be\/brocante\/wp-json\/wp\/v2\/product\/10831","targetHints":{"allow":["GET"]}}],"collection":[{"href":"https:\/\/legrenierdelatour.be\/brocante\/wp-json\/wp\/v2\/product"}],"about":[{"href":"https:\/\/legrenierdelatour.be\/brocante\/wp-json\/wp\/v2\/types\/product"}],"replies":[{"embeddable":true,"href":"https:\/\/legrenierdelatour.be\/brocante\/wp-json\/wp\/v2\/comments?post=10831"}],"wp:featuredmedia":[{"embeddable":true,"href":"https:\/\/legrenierdelatour.be\/brocante\/wp-json\/wp\/v2\/media\/10832"}],"wp:attachment":[{"href":"https:\/\/legrenierdelatour.be\/brocante\/wp-json\/wp\/v2\/media?parent=10831"}],"wp:term":[{"taxonomy":"product_brand","embeddable":true,"href":"https:\/\/legrenierdelatour.be\/brocante\/wp-json\/wp\/v2\/product_brand?post=10831"},{"taxonomy":"product_cat","embeddable":true,"href":"https:\/\/legrenierdelatour.be\/brocante\/wp-json\/wp\/v2\/product_cat?post=10831"},{"taxonomy":"product_tag","embeddable":true,"href":"https:\/\/legrenierdelatour.be\/brocante\/wp-json\/wp\/v2\/product_tag?post=10831"}],"curies":[{"name":"wp","href":"https:\/\/api.w.org\/{rel}","templated":true}]}}