{"id":10810,"date":"2025-07-01T11:40:43","date_gmt":"2025-07-01T09:40:43","guid":{"rendered":"https:\/\/legrenierdelatour.be\/brocante\/?post_type=product&#038;p=10810"},"modified":"2026-03-16T23:37:23","modified_gmt":"2026-03-16T22:37:23","slug":"peinture-eglise-am-lorge","status":"publish","type":"product","link":"https:\/\/legrenierdelatour.be\/brocante\/produit\/peinture-eglise-am-lorge\/","title":{"rendered":"Peinture \u00ab\u00a0Eglise\u00a0\u00bb, AM Lorg\u00e9"},"content":{"rendered":"<p>Peinture (44&#215;32 cm cadre compris) repr\u00e9sentant une \u00e9glise non identifi\u00e9e. Cette peinture est sign\u00e9e en bas \u00e0 droite AM Lorg\u00e9 (Anne-Marie Lorg\u00e9 1934-2004?).<\/p>\n<div>R\u00e9f 43.66<\/div>\n","protected":false},"excerpt":{"rendered":"<p>Peinture (44&#215;32 cm cadre compris) repr\u00e9sentant une \u00e9glise non identifi\u00e9e. Cette peinture est sign\u00e9e en bas \u00e0 droite AM Lorg\u00e9 (Anne-Marie Lorg\u00e9 1934-2004?). R\u00e9f 43.66<\/p>\n","protected":false},"featured_media":10813,"comment_status":"open","ping_status":"closed","template":"","meta":{"neve_meta_sidebar":"","neve_meta_container":"","neve_meta_enable_content_width":"off","neve_meta_content_width":100,"neve_meta_title_alignment":"","neve_meta_author_avatar":"","neve_post_elements_order":"","neve_meta_disable_header":"","neve_meta_disable_footer":"","neve_meta_disable_title":""},"product_brand":[],"product_cat":[167],"product_tag":[],"class_list":{"0":"post-10810","1":"product","2":"type-product","3":"status-publish","4":"has-post-thumbnail","6":"product_cat-peintures-et-sculptures","8":"first","9":"instock","10":"shipping-taxable","11":"purchasable","12":"product-type-simple"},"_links":{"self":[{"href":"https:\/\/legrenierdelatour.be\/brocante\/wp-json\/wp\/v2\/product\/10810","targetHints":{"allow":["GET"]}}],"collection":[{"href":"https:\/\/legrenierdelatour.be\/brocante\/wp-json\/wp\/v2\/product"}],"about":[{"href":"https:\/\/legrenierdelatour.be\/brocante\/wp-json\/wp\/v2\/types\/product"}],"replies":[{"embeddable":true,"href":"https:\/\/legrenierdelatour.be\/brocante\/wp-json\/wp\/v2\/comments?post=10810"}],"wp:featuredmedia":[{"embeddable":true,"href":"https:\/\/legrenierdelatour.be\/brocante\/wp-json\/wp\/v2\/media\/10813"}],"wp:attachment":[{"href":"https:\/\/legrenierdelatour.be\/brocante\/wp-json\/wp\/v2\/media?parent=10810"}],"wp:term":[{"taxonomy":"product_brand","embeddable":true,"href":"https:\/\/legrenierdelatour.be\/brocante\/wp-json\/wp\/v2\/product_brand?post=10810"},{"taxonomy":"product_cat","embeddable":true,"href":"https:\/\/legrenierdelatour.be\/brocante\/wp-json\/wp\/v2\/product_cat?post=10810"},{"taxonomy":"product_tag","embeddable":true,"href":"https:\/\/legrenierdelatour.be\/brocante\/wp-json\/wp\/v2\/product_tag?post=10810"}],"curies":[{"name":"wp","href":"https:\/\/api.w.org\/{rel}","templated":true}]}}