{"id":10798,"date":"2025-06-30T18:08:50","date_gmt":"2025-06-30T16:08:50","guid":{"rendered":"https:\/\/legrenierdelatour.be\/brocante\/?post_type=product&#038;p=10798"},"modified":"2025-06-30T18:08:50","modified_gmt":"2025-06-30T16:08:50","slug":"aquarelle-bouquet-de-fleurs-marie-howet-1918","status":"publish","type":"product","link":"https:\/\/legrenierdelatour.be\/brocante\/produit\/aquarelle-bouquet-de-fleurs-marie-howet-1918\/","title":{"rendered":"Aquarelle \u00ab\u00a0Bouquet de fleurs\u00a0\u00bb, Marie Howet 1918"},"content":{"rendered":"<p>Aquarelle (50&#215;38 cm cadre compris) repr\u00e9sentant un bouquet de fleurs dans un vase. Il est sign\u00e9 M.Howet en bas \u00e0 droite. Il porte derri\u00e8re la mention \u00ab\u00a0Fleurs offertes par Marie 14-8-1918\u00a0\u00bb, ainsi que la date \u00ab\u00a016-08-18\u00a0\u00bb.\u00a0Marie Howet (1897-1984) d\u2019origine libramontoise, fait partie de ces artistes consid\u00e9r\u00e9s comme fondateurs de l\u2019\u00e9cole de Vresse. Son \u0153uvre est \u00e9clectique mais toujours de haute qualit\u00e9.\u00a0La guerre interrompt ses \u00e9tudes artistiques\u00a0\u00e0 l\u2019Acad\u00e9mie des Beaux-Arts de Bruxelles,\u00a0qu\u2019elle poursuit plus tard \u00e0 Paris, o\u00f9 elle se r\u00e9fugie avec sa famille. La guerre termin\u00e9e, elle installe son atelier \u00e0 Rochehaut, le \u00ab petit vatican \u00bb. Elle est la premi\u00e8re femme \u00e0 recevoir le Prix de Rome en 1922.\u00a0Elle travaille \u00e0 la gouache, \u00e0 l\u2019huile, \u00e0 l\u2019aquarelle, au fusain ou au crayon des paysages d\u2019Ardenne, de Gr\u00e8ce ou d\u2019Italie, des natures mortes, des nus, des portraits ou des fleurs.\u00a0Marie Howet est consid\u00e9r\u00e9e comme \u00e9tant l\u2019une des plus grandes artistes de l\u2019\u00c9cole de Vresse. Dans chacune de ses \u0153uvres, on ressent sa parfaite ma\u00eetrise technique, beaucoup d\u2019\u00e9motions, et ses \u0153uvres d\u00e9gagent une puissance tout \u00e0 fait impressionnante.<\/p>\n<div>R\u00e9f 43.63<\/div>\n","protected":false},"excerpt":{"rendered":"<p>Aquarelle (50&#215;38 cm cadre compris) repr\u00e9sentant un bouquet de fleurs dans un vase. Il est sign\u00e9 M.Howet en bas \u00e0 droite. Il porte derri\u00e8re la mention \u00ab\u00a0Fleurs offertes par Marie 14-8-1918\u00a0\u00bb, ainsi que la date \u00ab\u00a016-08-18\u00a0\u00bb.\u00a0Marie Howet (1897-1984) d\u2019origine libramontoise, fait partie de ces artistes consid\u00e9r\u00e9s comme fondateurs de l\u2019\u00e9cole de Vresse. Son \u0153uvre est&hellip;&nbsp;<a href=\"https:\/\/legrenierdelatour.be\/brocante\/produit\/aquarelle-bouquet-de-fleurs-marie-howet-1918\/\" class=\"\" rel=\"bookmark\">Lire la suite &raquo;<span class=\"screen-reader-text\">Aquarelle \u00ab\u00a0Bouquet de fleurs\u00a0\u00bb, Marie Howet 1918<\/span><\/a><\/p>\n","protected":false},"featured_media":10805,"comment_status":"open","ping_status":"closed","template":"","meta":{"neve_meta_sidebar":"","neve_meta_container":"","neve_meta_enable_content_width":"off","neve_meta_content_width":100,"neve_meta_title_alignment":"","neve_meta_author_avatar":"","neve_post_elements_order":"","neve_meta_disable_header":"","neve_meta_disable_footer":"","neve_meta_disable_title":""},"product_brand":[],"product_cat":[31,167],"product_tag":[],"class_list":{"0":"post-10798","1":"product","2":"type-product","3":"status-publish","4":"has-post-thumbnail","6":"product_cat-pays-darlon","7":"product_cat-peintures-et-sculptures","9":"first","10":"instock","11":"shipping-taxable","12":"purchasable","13":"product-type-simple"},"_links":{"self":[{"href":"https:\/\/legrenierdelatour.be\/brocante\/wp-json\/wp\/v2\/product\/10798","targetHints":{"allow":["GET"]}}],"collection":[{"href":"https:\/\/legrenierdelatour.be\/brocante\/wp-json\/wp\/v2\/product"}],"about":[{"href":"https:\/\/legrenierdelatour.be\/brocante\/wp-json\/wp\/v2\/types\/product"}],"replies":[{"embeddable":true,"href":"https:\/\/legrenierdelatour.be\/brocante\/wp-json\/wp\/v2\/comments?post=10798"}],"wp:featuredmedia":[{"embeddable":true,"href":"https:\/\/legrenierdelatour.be\/brocante\/wp-json\/wp\/v2\/media\/10805"}],"wp:attachment":[{"href":"https:\/\/legrenierdelatour.be\/brocante\/wp-json\/wp\/v2\/media?parent=10798"}],"wp:term":[{"taxonomy":"product_brand","embeddable":true,"href":"https:\/\/legrenierdelatour.be\/brocante\/wp-json\/wp\/v2\/product_brand?post=10798"},{"taxonomy":"product_cat","embeddable":true,"href":"https:\/\/legrenierdelatour.be\/brocante\/wp-json\/wp\/v2\/product_cat?post=10798"},{"taxonomy":"product_tag","embeddable":true,"href":"https:\/\/legrenierdelatour.be\/brocante\/wp-json\/wp\/v2\/product_tag?post=10798"}],"curies":[{"name":"wp","href":"https:\/\/api.w.org\/{rel}","templated":true}]}}