{"id":10792,"date":"2025-06-30T16:55:34","date_gmt":"2025-06-30T14:55:34","guid":{"rendered":"https:\/\/legrenierdelatour.be\/brocante\/?post_type=product&#038;p=10792"},"modified":"2025-06-30T16:55:34","modified_gmt":"2025-06-30T14:55:34","slug":"dessous-de-bouteille-en-verre-et-metal-vintage","status":"publish","type":"product","link":"https:\/\/legrenierdelatour.be\/brocante\/produit\/dessous-de-bouteille-en-verre-et-metal-vintage\/","title":{"rendered":"Dessous de bouteille en verre et m\u00e9tal vintage"},"content":{"rendered":"<p>Dessous de bouteille (12 cm de diam\u00e8tre) en verre et argent aec une d\u00e9coration florale en m\u00e9tal. Ils datent sans doute des ann\u00e9es 1960-70.<\/p>\n<p>Ils sont vendus \u00e0 la pi\u00e8ce au prix de 15\u20ac.<\/p>\n<div>R\u00e9f 43.51<\/div>\n","protected":false},"excerpt":{"rendered":"<p>Dessous de bouteille (12 cm de diam\u00e8tre) en verre et argent aec une d\u00e9coration florale en m\u00e9tal. Ils datent sans doute des ann\u00e9es 1960-70. Ils sont vendus \u00e0 la pi\u00e8ce au prix de 15\u20ac. R\u00e9f 43.51<\/p>\n","protected":false},"featured_media":10794,"comment_status":"open","ping_status":"closed","template":"","meta":{"neve_meta_sidebar":"","neve_meta_container":"","neve_meta_enable_content_width":"off","neve_meta_content_width":100,"neve_meta_title_alignment":"","neve_meta_author_avatar":"","neve_post_elements_order":"","neve_meta_disable_header":"","neve_meta_disable_footer":"","neve_meta_disable_title":""},"product_brand":[],"product_cat":[15],"product_tag":[],"class_list":{"0":"post-10792","1":"product","2":"type-product","3":"status-publish","4":"has-post-thumbnail","6":"product_cat-non-classe","8":"first","9":"instock","10":"shipping-taxable","11":"purchasable","12":"product-type-simple"},"_links":{"self":[{"href":"https:\/\/legrenierdelatour.be\/brocante\/wp-json\/wp\/v2\/product\/10792","targetHints":{"allow":["GET"]}}],"collection":[{"href":"https:\/\/legrenierdelatour.be\/brocante\/wp-json\/wp\/v2\/product"}],"about":[{"href":"https:\/\/legrenierdelatour.be\/brocante\/wp-json\/wp\/v2\/types\/product"}],"replies":[{"embeddable":true,"href":"https:\/\/legrenierdelatour.be\/brocante\/wp-json\/wp\/v2\/comments?post=10792"}],"wp:featuredmedia":[{"embeddable":true,"href":"https:\/\/legrenierdelatour.be\/brocante\/wp-json\/wp\/v2\/media\/10794"}],"wp:attachment":[{"href":"https:\/\/legrenierdelatour.be\/brocante\/wp-json\/wp\/v2\/media?parent=10792"}],"wp:term":[{"taxonomy":"product_brand","embeddable":true,"href":"https:\/\/legrenierdelatour.be\/brocante\/wp-json\/wp\/v2\/product_brand?post=10792"},{"taxonomy":"product_cat","embeddable":true,"href":"https:\/\/legrenierdelatour.be\/brocante\/wp-json\/wp\/v2\/product_cat?post=10792"},{"taxonomy":"product_tag","embeddable":true,"href":"https:\/\/legrenierdelatour.be\/brocante\/wp-json\/wp\/v2\/product_tag?post=10792"}],"curies":[{"name":"wp","href":"https:\/\/api.w.org\/{rel}","templated":true}]}}