{"id":10788,"date":"2025-06-30T16:37:11","date_gmt":"2025-06-30T14:37:11","guid":{"rendered":"https:\/\/legrenierdelatour.be\/brocante\/?post_type=product&#038;p=10788"},"modified":"2025-06-30T16:37:11","modified_gmt":"2025-06-30T14:37:11","slug":"assiette-napoleon-boch-la-louviere-4","status":"publish","type":"product","link":"https:\/\/legrenierdelatour.be\/brocante\/produit\/assiette-napoleon-boch-la-louviere-4\/","title":{"rendered":"Assiette \u00ab\u00a0Napol\u00e9on\u00a0\u00bb, Boch La Louvi\u00e8re"},"content":{"rendered":"<p>Assiettes \u00e0 soupe (23 cm de diam\u00e8tre) \u00a0en fa\u00efence, d\u00e9cor\u00e9e d\u2019une impression d\u2019une sc\u00e8ne des batailles de Napol\u00e9on. D\u2019apr\u00e8s le cachet, ces assiettes datent sans doute de la fin du 19\u00e8 si\u00e8cle.<\/p>\n<div>6 assiettes disponibles : Massena devant Z\u00fcrich, La Bataille d\u2019I\u00e9na, 2 de la Bataille de Friedland, 2 de Napol\u00e9on devant Madrid.<\/div>\n<div>Elles sont vendues \u00e0 la pi\u00e8ce au prix de 20\u20ac pi\u00e8ce.<\/div>\n<div>R\u00e9f 43.50<\/div>\n","protected":false},"excerpt":{"rendered":"<p>Assiettes \u00e0 soupe (23 cm de diam\u00e8tre) \u00a0en fa\u00efence, d\u00e9cor\u00e9e d\u2019une impression d\u2019une sc\u00e8ne des batailles de Napol\u00e9on. D\u2019apr\u00e8s le cachet, ces assiettes datent sans doute de la fin du 19\u00e8 si\u00e8cle. 6 assiettes disponibles : Massena devant Z\u00fcrich, La Bataille d\u2019I\u00e9na, 2 de la Bataille de Friedland, 2 de Napol\u00e9on devant Madrid. Elles sont&hellip;&nbsp;<a href=\"https:\/\/legrenierdelatour.be\/brocante\/produit\/assiette-napoleon-boch-la-louviere-4\/\" class=\"\" rel=\"bookmark\">Lire la suite &raquo;<span class=\"screen-reader-text\">Assiette \u00ab\u00a0Napol\u00e9on\u00a0\u00bb, Boch La Louvi\u00e8re<\/span><\/a><\/p>\n","protected":false},"featured_media":10790,"comment_status":"open","ping_status":"closed","template":"","meta":{"neve_meta_sidebar":"","neve_meta_container":"","neve_meta_enable_content_width":"off","neve_meta_content_width":100,"neve_meta_title_alignment":"","neve_meta_author_avatar":"","neve_post_elements_order":"","neve_meta_disable_header":"","neve_meta_disable_footer":"","neve_meta_disable_title":""},"product_brand":[],"product_cat":[37,175,16],"product_tag":[],"class_list":{"0":"post-10788","1":"product","2":"type-product","3":"status-publish","4":"has-post-thumbnail","6":"product_cat-belgique","7":"product_cat-boch","8":"product_cat-ceramique","10":"first","11":"instock","12":"shipping-taxable","13":"purchasable","14":"product-type-simple"},"_links":{"self":[{"href":"https:\/\/legrenierdelatour.be\/brocante\/wp-json\/wp\/v2\/product\/10788","targetHints":{"allow":["GET"]}}],"collection":[{"href":"https:\/\/legrenierdelatour.be\/brocante\/wp-json\/wp\/v2\/product"}],"about":[{"href":"https:\/\/legrenierdelatour.be\/brocante\/wp-json\/wp\/v2\/types\/product"}],"replies":[{"embeddable":true,"href":"https:\/\/legrenierdelatour.be\/brocante\/wp-json\/wp\/v2\/comments?post=10788"}],"wp:featuredmedia":[{"embeddable":true,"href":"https:\/\/legrenierdelatour.be\/brocante\/wp-json\/wp\/v2\/media\/10790"}],"wp:attachment":[{"href":"https:\/\/legrenierdelatour.be\/brocante\/wp-json\/wp\/v2\/media?parent=10788"}],"wp:term":[{"taxonomy":"product_brand","embeddable":true,"href":"https:\/\/legrenierdelatour.be\/brocante\/wp-json\/wp\/v2\/product_brand?post=10788"},{"taxonomy":"product_cat","embeddable":true,"href":"https:\/\/legrenierdelatour.be\/brocante\/wp-json\/wp\/v2\/product_cat?post=10788"},{"taxonomy":"product_tag","embeddable":true,"href":"https:\/\/legrenierdelatour.be\/brocante\/wp-json\/wp\/v2\/product_tag?post=10788"}],"curies":[{"name":"wp","href":"https:\/\/api.w.org\/{rel}","templated":true}]}}