{"id":10786,"date":"2025-06-30T16:09:06","date_gmt":"2025-06-30T14:09:06","guid":{"rendered":"https:\/\/legrenierdelatour.be\/brocante\/?post_type=product&#038;p=10786"},"modified":"2025-06-30T16:09:07","modified_gmt":"2025-06-30T14:09:07","slug":"bouteilles-commemoratives-bataille-des-ardennes-1994","status":"publish","type":"product","link":"https:\/\/legrenierdelatour.be\/brocante\/produit\/bouteilles-commemoratives-bataille-des-ardennes-1994\/","title":{"rendered":"Bouteilles comm\u00e9moratives Bataille des Ardennes 1994"},"content":{"rendered":"<p>Bouteilles de vin comm\u00e9moratives : une bouteille comm\u00e9morant le 50\u00e8 anniversaire du jour J, datant de 1994 et une autre comm\u00e9morant le 50 \u00e8 anniversaire de la Bataille des Ardennes en 1994. Les bouteilles sont encore bouchonn\u00e9es.<\/p>\n<p>Elles sont vendues \u00e0 30\u20ac pi\u00e8ce.<\/p>\n<div>R\u00e9f 43.40<\/div>\n","protected":false},"excerpt":{"rendered":"<p>Bouteilles de vin comm\u00e9moratives : une bouteille comm\u00e9morant le 50\u00e8 anniversaire du jour J, datant de 1994 et une autre comm\u00e9morant le 50 \u00e8 anniversaire de la Bataille des Ardennes en 1994. Les bouteilles sont encore bouchonn\u00e9es. Elles sont vendues \u00e0 30\u20ac pi\u00e8ce. R\u00e9f 43.40<\/p>\n","protected":false},"featured_media":10787,"comment_status":"open","ping_status":"closed","template":"","meta":{"neve_meta_sidebar":"","neve_meta_container":"","neve_meta_enable_content_width":"off","neve_meta_content_width":100,"neve_meta_title_alignment":"","neve_meta_author_avatar":"","neve_post_elements_order":"","neve_meta_disable_header":"","neve_meta_disable_footer":"","neve_meta_disable_title":""},"product_brand":[],"product_cat":[31],"product_tag":[],"class_list":{"0":"post-10786","1":"product","2":"type-product","3":"status-publish","4":"has-post-thumbnail","6":"product_cat-pays-darlon","8":"first","9":"instock","10":"shipping-taxable","11":"purchasable","12":"product-type-simple"},"_links":{"self":[{"href":"https:\/\/legrenierdelatour.be\/brocante\/wp-json\/wp\/v2\/product\/10786","targetHints":{"allow":["GET"]}}],"collection":[{"href":"https:\/\/legrenierdelatour.be\/brocante\/wp-json\/wp\/v2\/product"}],"about":[{"href":"https:\/\/legrenierdelatour.be\/brocante\/wp-json\/wp\/v2\/types\/product"}],"replies":[{"embeddable":true,"href":"https:\/\/legrenierdelatour.be\/brocante\/wp-json\/wp\/v2\/comments?post=10786"}],"wp:featuredmedia":[{"embeddable":true,"href":"https:\/\/legrenierdelatour.be\/brocante\/wp-json\/wp\/v2\/media\/10787"}],"wp:attachment":[{"href":"https:\/\/legrenierdelatour.be\/brocante\/wp-json\/wp\/v2\/media?parent=10786"}],"wp:term":[{"taxonomy":"product_brand","embeddable":true,"href":"https:\/\/legrenierdelatour.be\/brocante\/wp-json\/wp\/v2\/product_brand?post=10786"},{"taxonomy":"product_cat","embeddable":true,"href":"https:\/\/legrenierdelatour.be\/brocante\/wp-json\/wp\/v2\/product_cat?post=10786"},{"taxonomy":"product_tag","embeddable":true,"href":"https:\/\/legrenierdelatour.be\/brocante\/wp-json\/wp\/v2\/product_tag?post=10786"}],"curies":[{"name":"wp","href":"https:\/\/api.w.org\/{rel}","templated":true}]}}