{"id":10785,"date":"2025-06-30T14:39:50","date_gmt":"2025-06-30T12:39:50","guid":{"rendered":"https:\/\/legrenierdelatour.be\/brocante\/?post_type=product&#038;p=10785"},"modified":"2025-06-30T14:39:50","modified_gmt":"2025-06-30T12:39:50","slug":"assiette-napoleon-boch-la-louviere-3","status":"publish","type":"product","link":"https:\/\/legrenierdelatour.be\/brocante\/produit\/assiette-napoleon-boch-la-louviere-3\/","title":{"rendered":"Assiette \u00ab\u00a0Napoleon\u00a0\u00bb, Boch La Louvi\u00e8re"},"content":{"rendered":"<p>Belle assiette parlante (20,5 cm de diam\u00e8tre) portant une sc\u00e8ne de la Bataille de Napoleon \u00e0 I\u00e9na en 1806, Napoleon, d\u2019apr\u00e8s un tableau de Horace Vernet (1789-1863). La gravure est en couleur; Le cachet dessous est de couleur verte. La bordure est dor\u00e9e.<\/p>\n<div>R\u00e9f 43.46<\/div>\n","protected":false},"excerpt":{"rendered":"<p>Belle assiette parlante (20,5 cm de diam\u00e8tre) portant une sc\u00e8ne de la Bataille de Napoleon \u00e0 I\u00e9na en 1806, Napoleon, d\u2019apr\u00e8s un tableau de Horace Vernet (1789-1863). La gravure est en couleur; Le cachet dessous est de couleur verte. La bordure est dor\u00e9e. R\u00e9f 43.46<\/p>\n","protected":false},"featured_media":10781,"comment_status":"open","ping_status":"closed","template":"","meta":{"neve_meta_sidebar":"","neve_meta_container":"","neve_meta_enable_content_width":"off","neve_meta_content_width":100,"neve_meta_title_alignment":"","neve_meta_author_avatar":"","neve_post_elements_order":"","neve_meta_disable_header":"","neve_meta_disable_footer":"","neve_meta_disable_title":""},"product_brand":[],"product_cat":[37,175,16],"product_tag":[],"class_list":{"0":"post-10785","1":"product","2":"type-product","3":"status-publish","4":"has-post-thumbnail","6":"product_cat-belgique","7":"product_cat-boch","8":"product_cat-ceramique","10":"first","11":"instock","12":"shipping-taxable","13":"purchasable","14":"product-type-simple"},"_links":{"self":[{"href":"https:\/\/legrenierdelatour.be\/brocante\/wp-json\/wp\/v2\/product\/10785","targetHints":{"allow":["GET"]}}],"collection":[{"href":"https:\/\/legrenierdelatour.be\/brocante\/wp-json\/wp\/v2\/product"}],"about":[{"href":"https:\/\/legrenierdelatour.be\/brocante\/wp-json\/wp\/v2\/types\/product"}],"replies":[{"embeddable":true,"href":"https:\/\/legrenierdelatour.be\/brocante\/wp-json\/wp\/v2\/comments?post=10785"}],"wp:featuredmedia":[{"embeddable":true,"href":"https:\/\/legrenierdelatour.be\/brocante\/wp-json\/wp\/v2\/media\/10781"}],"wp:attachment":[{"href":"https:\/\/legrenierdelatour.be\/brocante\/wp-json\/wp\/v2\/media?parent=10785"}],"wp:term":[{"taxonomy":"product_brand","embeddable":true,"href":"https:\/\/legrenierdelatour.be\/brocante\/wp-json\/wp\/v2\/product_brand?post=10785"},{"taxonomy":"product_cat","embeddable":true,"href":"https:\/\/legrenierdelatour.be\/brocante\/wp-json\/wp\/v2\/product_cat?post=10785"},{"taxonomy":"product_tag","embeddable":true,"href":"https:\/\/legrenierdelatour.be\/brocante\/wp-json\/wp\/v2\/product_tag?post=10785"}],"curies":[{"name":"wp","href":"https:\/\/api.w.org\/{rel}","templated":true}]}}