{"id":10784,"date":"2025-06-30T14:11:41","date_gmt":"2025-06-30T12:11:41","guid":{"rendered":"https:\/\/legrenierdelatour.be\/brocante\/?post_type=product&#038;p=10784"},"modified":"2025-06-30T14:11:41","modified_gmt":"2025-06-30T12:11:41","slug":"soupiere-vert-clair-villeroy-boch-luxembourg","status":"publish","type":"product","link":"https:\/\/legrenierdelatour.be\/brocante\/produit\/soupiere-vert-clair-villeroy-boch-luxembourg\/","title":{"rendered":"Soupi\u00e8re vert clair, Villeroy &#038; Boch Luxembourg"},"content":{"rendered":"<p>Grande soupi\u00e8re (24 cm de diam\u00e8tre\/24 cm de haut avec couvercle) vert clair, issue de la manufacture Villeroy et Boch Septfontaine. D\u2019apr\u00e8s le cachet, elle date sans doute du d\u00e9but du 20\u00e8 si\u00e8cle. Elle est en bon \u00e9tat.<\/p>\n<div>R\u00e9f 43.45<\/div>\n","protected":false},"excerpt":{"rendered":"<p>Grande soupi\u00e8re (24 cm de diam\u00e8tre\/24 cm de haut avec couvercle) vert clair, issue de la manufacture Villeroy et Boch Septfontaine. D\u2019apr\u00e8s le cachet, elle date sans doute du d\u00e9but du 20\u00e8 si\u00e8cle. Elle est en bon \u00e9tat. R\u00e9f 43.45<\/p>\n","protected":false},"featured_media":10783,"comment_status":"open","ping_status":"closed","template":"","meta":{"neve_meta_sidebar":"","neve_meta_container":"","neve_meta_enable_content_width":"off","neve_meta_content_width":100,"neve_meta_title_alignment":"","neve_meta_author_avatar":"","neve_post_elements_order":"","neve_meta_disable_header":"","neve_meta_disable_footer":"","neve_meta_disable_title":""},"product_brand":[],"product_cat":[172,16,165,29],"product_tag":[],"class_list":{"0":"post-10784","1":"product","2":"type-product","3":"status-publish","4":"has-post-thumbnail","6":"product_cat-en-cuisine","7":"product_cat-ceramique","8":"product_cat-luxembourg","9":"product_cat-villeroy-boch","11":"first","12":"instock","13":"shipping-taxable","14":"purchasable","15":"product-type-simple"},"_links":{"self":[{"href":"https:\/\/legrenierdelatour.be\/brocante\/wp-json\/wp\/v2\/product\/10784","targetHints":{"allow":["GET"]}}],"collection":[{"href":"https:\/\/legrenierdelatour.be\/brocante\/wp-json\/wp\/v2\/product"}],"about":[{"href":"https:\/\/legrenierdelatour.be\/brocante\/wp-json\/wp\/v2\/types\/product"}],"replies":[{"embeddable":true,"href":"https:\/\/legrenierdelatour.be\/brocante\/wp-json\/wp\/v2\/comments?post=10784"}],"wp:featuredmedia":[{"embeddable":true,"href":"https:\/\/legrenierdelatour.be\/brocante\/wp-json\/wp\/v2\/media\/10783"}],"wp:attachment":[{"href":"https:\/\/legrenierdelatour.be\/brocante\/wp-json\/wp\/v2\/media?parent=10784"}],"wp:term":[{"taxonomy":"product_brand","embeddable":true,"href":"https:\/\/legrenierdelatour.be\/brocante\/wp-json\/wp\/v2\/product_brand?post=10784"},{"taxonomy":"product_cat","embeddable":true,"href":"https:\/\/legrenierdelatour.be\/brocante\/wp-json\/wp\/v2\/product_cat?post=10784"},{"taxonomy":"product_tag","embeddable":true,"href":"https:\/\/legrenierdelatour.be\/brocante\/wp-json\/wp\/v2\/product_tag?post=10784"}],"curies":[{"name":"wp","href":"https:\/\/api.w.org\/{rel}","templated":true}]}}