{"id":10769,"date":"2025-06-30T13:23:40","date_gmt":"2025-06-30T11:23:40","guid":{"rendered":"https:\/\/legrenierdelatour.be\/brocante\/?post_type=product&#038;p=10769"},"modified":"2025-06-30T13:23:40","modified_gmt":"2025-06-30T11:23:40","slug":"cafetiere-brune-villeroy-boch","status":"publish","type":"product","link":"https:\/\/legrenierdelatour.be\/brocante\/produit\/cafetiere-brune-villeroy-boch\/","title":{"rendered":"Cafeti\u00e8re brune Villeroy &#038; Boch"},"content":{"rendered":"<p>Cafeti\u00e8re (21 cm couvercle compris) de couleur brune, portant dessous le cachet en creux \u00ab\u00a0Villeroy &amp; Boch, Made in Luxembourg \u00bb, datant des ann\u00e9es 1960 et portant le num\u00e9ro de taille 2. Elle est en parfait \u00e9tat.<\/p>\n<div>R\u00e9f 43.41<\/div>\n","protected":false},"excerpt":{"rendered":"<p>Cafeti\u00e8re (21 cm couvercle compris) de couleur brune, portant dessous le cachet en creux \u00ab\u00a0Villeroy &amp; Boch, Made in Luxembourg \u00bb, datant des ann\u00e9es 1960 et portant le num\u00e9ro de taille 2. Elle est en parfait \u00e9tat. R\u00e9f 43.41<\/p>\n","protected":false},"featured_media":10773,"comment_status":"open","ping_status":"closed","template":"","meta":{"neve_meta_sidebar":"","neve_meta_container":"","neve_meta_enable_content_width":"off","neve_meta_content_width":100,"neve_meta_title_alignment":"","neve_meta_author_avatar":"","neve_post_elements_order":"","neve_meta_disable_header":"","neve_meta_disable_footer":"","neve_meta_disable_title":""},"product_brand":[],"product_cat":[172,16,165,29],"product_tag":[],"class_list":{"0":"post-10769","1":"product","2":"type-product","3":"status-publish","4":"has-post-thumbnail","6":"product_cat-en-cuisine","7":"product_cat-ceramique","8":"product_cat-luxembourg","9":"product_cat-villeroy-boch","11":"first","12":"instock","13":"shipping-taxable","14":"purchasable","15":"product-type-simple"},"_links":{"self":[{"href":"https:\/\/legrenierdelatour.be\/brocante\/wp-json\/wp\/v2\/product\/10769","targetHints":{"allow":["GET"]}}],"collection":[{"href":"https:\/\/legrenierdelatour.be\/brocante\/wp-json\/wp\/v2\/product"}],"about":[{"href":"https:\/\/legrenierdelatour.be\/brocante\/wp-json\/wp\/v2\/types\/product"}],"replies":[{"embeddable":true,"href":"https:\/\/legrenierdelatour.be\/brocante\/wp-json\/wp\/v2\/comments?post=10769"}],"wp:featuredmedia":[{"embeddable":true,"href":"https:\/\/legrenierdelatour.be\/brocante\/wp-json\/wp\/v2\/media\/10773"}],"wp:attachment":[{"href":"https:\/\/legrenierdelatour.be\/brocante\/wp-json\/wp\/v2\/media?parent=10769"}],"wp:term":[{"taxonomy":"product_brand","embeddable":true,"href":"https:\/\/legrenierdelatour.be\/brocante\/wp-json\/wp\/v2\/product_brand?post=10769"},{"taxonomy":"product_cat","embeddable":true,"href":"https:\/\/legrenierdelatour.be\/brocante\/wp-json\/wp\/v2\/product_cat?post=10769"},{"taxonomy":"product_tag","embeddable":true,"href":"https:\/\/legrenierdelatour.be\/brocante\/wp-json\/wp\/v2\/product_tag?post=10769"}],"curies":[{"name":"wp","href":"https:\/\/api.w.org\/{rel}","templated":true}]}}