{"id":10765,"date":"2025-06-30T13:17:47","date_gmt":"2025-06-30T11:17:47","guid":{"rendered":"https:\/\/legrenierdelatour.be\/brocante\/?post_type=product&#038;p=10765"},"modified":"2025-06-30T13:17:47","modified_gmt":"2025-06-30T11:17:47","slug":"sculpture-en-bronze-levrier-couche","status":"publish","type":"product","link":"https:\/\/legrenierdelatour.be\/brocante\/produit\/sculpture-en-bronze-levrier-couche\/","title":{"rendered":"Sculpture en bronze, l\u00e9vrier couch\u00e9"},"content":{"rendered":"<p>Petite sculpture en bronze sur socle de marbre (19&#215;9 cm x10 cm de haut) d\u2019un l\u00e9vrier portant un collier avec fleurs stylis\u00e9es. Ce bronze date sans doute de la premi\u00e8re moiti\u00e9 du XX\u00e8 si\u00e8cle.<\/p>\n<div>R\u00e9f 43.40<\/div>\n","protected":false},"excerpt":{"rendered":"<p>Petite sculpture en bronze sur socle de marbre (19&#215;9 cm x10 cm de haut) d\u2019un l\u00e9vrier portant un collier avec fleurs stylis\u00e9es. Ce bronze date sans doute de la premi\u00e8re moiti\u00e9 du XX\u00e8 si\u00e8cle. R\u00e9f 43.40<\/p>\n","protected":false},"featured_media":10768,"comment_status":"open","ping_status":"closed","template":"","meta":{"neve_meta_sidebar":"","neve_meta_container":"","neve_meta_enable_content_width":"off","neve_meta_content_width":100,"neve_meta_title_alignment":"","neve_meta_author_avatar":"","neve_post_elements_order":"","neve_meta_disable_header":"","neve_meta_disable_footer":"","neve_meta_disable_title":""},"product_brand":[],"product_cat":[167],"product_tag":[],"class_list":{"0":"post-10765","1":"product","2":"type-product","3":"status-publish","4":"has-post-thumbnail","6":"product_cat-peintures-et-sculptures","8":"first","9":"instock","10":"shipping-taxable","11":"purchasable","12":"product-type-simple"},"_links":{"self":[{"href":"https:\/\/legrenierdelatour.be\/brocante\/wp-json\/wp\/v2\/product\/10765","targetHints":{"allow":["GET"]}}],"collection":[{"href":"https:\/\/legrenierdelatour.be\/brocante\/wp-json\/wp\/v2\/product"}],"about":[{"href":"https:\/\/legrenierdelatour.be\/brocante\/wp-json\/wp\/v2\/types\/product"}],"replies":[{"embeddable":true,"href":"https:\/\/legrenierdelatour.be\/brocante\/wp-json\/wp\/v2\/comments?post=10765"}],"wp:featuredmedia":[{"embeddable":true,"href":"https:\/\/legrenierdelatour.be\/brocante\/wp-json\/wp\/v2\/media\/10768"}],"wp:attachment":[{"href":"https:\/\/legrenierdelatour.be\/brocante\/wp-json\/wp\/v2\/media?parent=10765"}],"wp:term":[{"taxonomy":"product_brand","embeddable":true,"href":"https:\/\/legrenierdelatour.be\/brocante\/wp-json\/wp\/v2\/product_brand?post=10765"},{"taxonomy":"product_cat","embeddable":true,"href":"https:\/\/legrenierdelatour.be\/brocante\/wp-json\/wp\/v2\/product_cat?post=10765"},{"taxonomy":"product_tag","embeddable":true,"href":"https:\/\/legrenierdelatour.be\/brocante\/wp-json\/wp\/v2\/product_tag?post=10765"}],"curies":[{"name":"wp","href":"https:\/\/api.w.org\/{rel}","templated":true}]}}