{"id":10759,"date":"2025-06-21T17:12:24","date_gmt":"2025-06-21T15:12:24","guid":{"rendered":"https:\/\/legrenierdelatour.be\/brocante\/?post_type=product&#038;p=10759"},"modified":"2025-06-21T17:12:45","modified_gmt":"2025-06-21T15:12:45","slug":"gravure-chateau-de-hollenfels-van-der-hecht","status":"publish","type":"product","link":"https:\/\/legrenierdelatour.be\/brocante\/produit\/gravure-chateau-de-hollenfels-van-der-hecht\/","title":{"rendered":"Gravure \u00ab\u00a0Ch\u00e2teau de Hollenfels\u00a0\u00bb Van der Hecht"},"content":{"rendered":"<div>Gravure (24&#215;27 cm cadre compris; 13&#215;16 cm hors cadre) \u00ab\u00a0Ch\u00e2teau de Holle,fels, dans le Luxembourg\u00a0\u00bb Dessin de Vanderhhecht (sign\u00e9 dans la planche en bas \u00e0 gauche).Cette gravure date du milieu du 19\u00e8 si\u00e8cle et est coloris\u00e9e. Guillaume Victor Van der Hecht (Brixelles 1817-1891) est un peintre paysagiste, lithographe et dessinateur romantique.<\/div>\n<div>R\u00e9f 43.32<\/div>\n","protected":false},"excerpt":{"rendered":"<p>Gravure (24&#215;27 cm cadre compris; 13&#215;16 cm hors cadre) \u00ab\u00a0Ch\u00e2teau de Holle,fels, dans le Luxembourg\u00a0\u00bb Dessin de Vanderhhecht (sign\u00e9 dans la planche en bas \u00e0 gauche).Cette gravure date du milieu du 19\u00e8 si\u00e8cle et est coloris\u00e9e. Guillaume Victor Van der Hecht (Brixelles 1817-1891) est un peintre paysagiste, lithographe et dessinateur romantique. R\u00e9f 43.32<\/p>\n","protected":false},"featured_media":10760,"comment_status":"open","ping_status":"closed","template":"","meta":{"neve_meta_sidebar":"","neve_meta_container":"","neve_meta_enable_content_width":"off","neve_meta_content_width":100,"neve_meta_title_alignment":"","neve_meta_author_avatar":"","neve_post_elements_order":"","neve_meta_disable_header":"","neve_meta_disable_footer":"","neve_meta_disable_title":""},"product_brand":[],"product_cat":[166,167],"product_tag":[],"class_list":{"0":"post-10759","1":"product","2":"type-product","3":"status-publish","4":"has-post-thumbnail","6":"product_cat-luxemburgensia-luxemburgensia","7":"product_cat-peintures-et-sculptures","9":"first","10":"instock","11":"shipping-taxable","12":"purchasable","13":"product-type-simple"},"_links":{"self":[{"href":"https:\/\/legrenierdelatour.be\/brocante\/wp-json\/wp\/v2\/product\/10759","targetHints":{"allow":["GET"]}}],"collection":[{"href":"https:\/\/legrenierdelatour.be\/brocante\/wp-json\/wp\/v2\/product"}],"about":[{"href":"https:\/\/legrenierdelatour.be\/brocante\/wp-json\/wp\/v2\/types\/product"}],"replies":[{"embeddable":true,"href":"https:\/\/legrenierdelatour.be\/brocante\/wp-json\/wp\/v2\/comments?post=10759"}],"wp:featuredmedia":[{"embeddable":true,"href":"https:\/\/legrenierdelatour.be\/brocante\/wp-json\/wp\/v2\/media\/10760"}],"wp:attachment":[{"href":"https:\/\/legrenierdelatour.be\/brocante\/wp-json\/wp\/v2\/media?parent=10759"}],"wp:term":[{"taxonomy":"product_brand","embeddable":true,"href":"https:\/\/legrenierdelatour.be\/brocante\/wp-json\/wp\/v2\/product_brand?post=10759"},{"taxonomy":"product_cat","embeddable":true,"href":"https:\/\/legrenierdelatour.be\/brocante\/wp-json\/wp\/v2\/product_cat?post=10759"},{"taxonomy":"product_tag","embeddable":true,"href":"https:\/\/legrenierdelatour.be\/brocante\/wp-json\/wp\/v2\/product_tag?post=10759"}],"curies":[{"name":"wp","href":"https:\/\/api.w.org\/{rel}","templated":true}]}}