{"id":10755,"date":"2025-06-21T16:56:31","date_gmt":"2025-06-21T14:56:31","guid":{"rendered":"https:\/\/legrenierdelatour.be\/brocante\/?post_type=product&#038;p=10755"},"modified":"2025-06-21T16:56:32","modified_gmt":"2025-06-21T14:56:32","slug":"gravure-le-wachet-saint-leger-1989-jacques-jacob","status":"publish","type":"product","link":"https:\/\/legrenierdelatour.be\/brocante\/produit\/gravure-le-wachet-saint-leger-1989-jacques-jacob\/","title":{"rendered":"Gravure \u00ab\u00a0Le Wachet Saint L\u00e9ger 1989\u00a0\u00bb, Jacques Jacob"},"content":{"rendered":"<p>Gravure (28&#215;23 cm cadre compris) \u00abLe Cachet Saint L\u00e9ger 1989 \u00bb, sign\u00e9 en bas \u00e0 gauche Jacob J.E.L. Cette gravure est num\u00e9rot\u00e9e 5\/65.\u00a0\u00a0Jacques E.L Jacob est un artiste n\u00e9 en Gaume 1949. D\u00e8s 1985, ses oeuvres sont expos\u00e9es en Europe, Am\u00e9rique, Asie. Il a cr\u00e9\u00e9 sa propre acad\u00e9mie et forme de nombreux artistes. Acteur de th\u00e9\u00e2tre et \u00e9crivain (Rien ne sert d\u2019oublier, Le manteau noir\u2026), il cr\u00e9e en 2003 les \u00e9ditions Am\u00e9thyste.<\/p>\n<div>R\u00e9f 43.31<\/div>\n","protected":false},"excerpt":{"rendered":"<p>Gravure (28&#215;23 cm cadre compris) \u00abLe Cachet Saint L\u00e9ger 1989 \u00bb, sign\u00e9 en bas \u00e0 gauche Jacob J.E.L. Cette gravure est num\u00e9rot\u00e9e 5\/65.\u00a0\u00a0Jacques E.L Jacob est un artiste n\u00e9 en Gaume 1949. D\u00e8s 1985, ses oeuvres sont expos\u00e9es en Europe, Am\u00e9rique, Asie. Il a cr\u00e9\u00e9 sa propre acad\u00e9mie et forme de nombreux artistes. Acteur de&hellip;&nbsp;<a href=\"https:\/\/legrenierdelatour.be\/brocante\/produit\/gravure-le-wachet-saint-leger-1989-jacques-jacob\/\" class=\"\" rel=\"bookmark\">Lire la suite &raquo;<span class=\"screen-reader-text\">Gravure \u00ab\u00a0Le Wachet Saint L\u00e9ger 1989\u00a0\u00bb, Jacques Jacob<\/span><\/a><\/p>\n","protected":false},"featured_media":10756,"comment_status":"open","ping_status":"closed","template":"","meta":{"neve_meta_sidebar":"","neve_meta_container":"","neve_meta_enable_content_width":"off","neve_meta_content_width":100,"neve_meta_title_alignment":"","neve_meta_author_avatar":"","neve_post_elements_order":"","neve_meta_disable_header":"","neve_meta_disable_footer":"","neve_meta_disable_title":""},"product_brand":[],"product_cat":[31,167],"product_tag":[],"class_list":{"0":"post-10755","1":"product","2":"type-product","3":"status-publish","4":"has-post-thumbnail","6":"product_cat-pays-darlon","7":"product_cat-peintures-et-sculptures","9":"first","10":"instock","11":"shipping-taxable","12":"purchasable","13":"product-type-simple"},"_links":{"self":[{"href":"https:\/\/legrenierdelatour.be\/brocante\/wp-json\/wp\/v2\/product\/10755","targetHints":{"allow":["GET"]}}],"collection":[{"href":"https:\/\/legrenierdelatour.be\/brocante\/wp-json\/wp\/v2\/product"}],"about":[{"href":"https:\/\/legrenierdelatour.be\/brocante\/wp-json\/wp\/v2\/types\/product"}],"replies":[{"embeddable":true,"href":"https:\/\/legrenierdelatour.be\/brocante\/wp-json\/wp\/v2\/comments?post=10755"}],"wp:featuredmedia":[{"embeddable":true,"href":"https:\/\/legrenierdelatour.be\/brocante\/wp-json\/wp\/v2\/media\/10756"}],"wp:attachment":[{"href":"https:\/\/legrenierdelatour.be\/brocante\/wp-json\/wp\/v2\/media?parent=10755"}],"wp:term":[{"taxonomy":"product_brand","embeddable":true,"href":"https:\/\/legrenierdelatour.be\/brocante\/wp-json\/wp\/v2\/product_brand?post=10755"},{"taxonomy":"product_cat","embeddable":true,"href":"https:\/\/legrenierdelatour.be\/brocante\/wp-json\/wp\/v2\/product_cat?post=10755"},{"taxonomy":"product_tag","embeddable":true,"href":"https:\/\/legrenierdelatour.be\/brocante\/wp-json\/wp\/v2\/product_tag?post=10755"}],"curies":[{"name":"wp","href":"https:\/\/api.w.org\/{rel}","templated":true}]}}