{"id":10749,"date":"2025-06-21T16:07:09","date_gmt":"2025-06-21T14:07:09","guid":{"rendered":"https:\/\/legrenierdelatour.be\/brocante\/?post_type=product&#038;p=10749"},"modified":"2025-06-21T16:07:10","modified_gmt":"2025-06-21T14:07:10","slug":"tasse-arcopal-vichy","status":"publish","type":"product","link":"https:\/\/legrenierdelatour.be\/brocante\/produit\/tasse-arcopal-vichy\/","title":{"rendered":"Tasse Arcopal \u00ab\u00a0Vichy\u00a0\u00bb"},"content":{"rendered":"<p>Grande tasse (6 cm de haut et 9 cm de diam\u00e8tre) en Arcopal, fabriqu\u00e9e en France dans les ann\u00e9es 1970. Elle fait partie de la collection \u00ab\u00a0Vichy \u00bb. Deux bleues et une rougesont disponibles au prix de 6\u20ac pi\u00e8ce.<\/p>\n<p>R\u00e9f 43.22<\/p>\n","protected":false},"excerpt":{"rendered":"<p>Grande tasse (6 cm de haut et 9 cm de diam\u00e8tre) en Arcopal, fabriqu\u00e9e en France dans les ann\u00e9es 1970. Elle fait partie de la collection \u00ab\u00a0Vichy \u00bb. Deux bleues et une rougesont disponibles au prix de 6\u20ac pi\u00e8ce. R\u00e9f 43.22<\/p>\n","protected":false},"featured_media":10750,"comment_status":"open","ping_status":"closed","template":"","meta":{"neve_meta_sidebar":"","neve_meta_container":"","neve_meta_enable_content_width":"off","neve_meta_content_width":100,"neve_meta_title_alignment":"","neve_meta_author_avatar":"","neve_post_elements_order":"","neve_meta_disable_header":"","neve_meta_disable_footer":"","neve_meta_disable_title":""},"product_brand":[],"product_cat":[115,172,163,22],"product_tag":[],"class_list":{"0":"post-10749","1":"product","2":"type-product","3":"status-publish","4":"has-post-thumbnail","6":"product_cat-arcopal","7":"product_cat-en-cuisine","8":"product_cat-productions-francaises","9":"product_cat-verrerie","11":"first","12":"instock","13":"shipping-taxable","14":"purchasable","15":"product-type-simple"},"_links":{"self":[{"href":"https:\/\/legrenierdelatour.be\/brocante\/wp-json\/wp\/v2\/product\/10749","targetHints":{"allow":["GET"]}}],"collection":[{"href":"https:\/\/legrenierdelatour.be\/brocante\/wp-json\/wp\/v2\/product"}],"about":[{"href":"https:\/\/legrenierdelatour.be\/brocante\/wp-json\/wp\/v2\/types\/product"}],"replies":[{"embeddable":true,"href":"https:\/\/legrenierdelatour.be\/brocante\/wp-json\/wp\/v2\/comments?post=10749"}],"wp:featuredmedia":[{"embeddable":true,"href":"https:\/\/legrenierdelatour.be\/brocante\/wp-json\/wp\/v2\/media\/10750"}],"wp:attachment":[{"href":"https:\/\/legrenierdelatour.be\/brocante\/wp-json\/wp\/v2\/media?parent=10749"}],"wp:term":[{"taxonomy":"product_brand","embeddable":true,"href":"https:\/\/legrenierdelatour.be\/brocante\/wp-json\/wp\/v2\/product_brand?post=10749"},{"taxonomy":"product_cat","embeddable":true,"href":"https:\/\/legrenierdelatour.be\/brocante\/wp-json\/wp\/v2\/product_cat?post=10749"},{"taxonomy":"product_tag","embeddable":true,"href":"https:\/\/legrenierdelatour.be\/brocante\/wp-json\/wp\/v2\/product_tag?post=10749"}],"curies":[{"name":"wp","href":"https:\/\/api.w.org\/{rel}","templated":true}]}}