{"id":10739,"date":"2025-06-16T17:32:32","date_gmt":"2025-06-16T15:32:32","guid":{"rendered":"https:\/\/legrenierdelatour.be\/brocante\/?post_type=product&#038;p=10739"},"modified":"2025-06-16T17:32:32","modified_gmt":"2025-06-16T15:32:32","slug":"tasses-sous-tasses-et-assiettes-en-verre-de-couleur-vereco","status":"publish","type":"product","link":"https:\/\/legrenierdelatour.be\/brocante\/produit\/tasses-sous-tasses-et-assiettes-en-verre-de-couleur-vereco\/","title":{"rendered":"Tasses, sous-tasses et assiettes en verre de couleur, Vereco"},"content":{"rendered":"<p>Tasses (11 cm), sous-tasses (15 cm) et assiettes \u00e0 dessert (19 cm) en verre, faites en France par la manufacture V\u00e9r\u00e9co, dans les ann\u00e9es 1970.<\/p>\n<div>Sont disponibles : 2 tasses bleues, 3 jaunes, 4 vertes; 2 sous-tasses bleues, 3 jaunes, 5 vertes; 2 assiettes bleues, 2 jaunes, 2 vertes.<\/div>\n<div>Ils sont vendus \u00e0 la pi\u00e8ce au prix de 3\u20ac les tasses et assiettes, 2\u20ac la sous-tasse.<\/div>\n<div>R\u00e9f 28.11<\/div>\n","protected":false},"excerpt":{"rendered":"<p>Tasses (11 cm), sous-tasses (15 cm) et assiettes \u00e0 dessert (19 cm) en verre, faites en France par la manufacture V\u00e9r\u00e9co, dans les ann\u00e9es 1970. Sont disponibles : 2 tasses bleues, 3 jaunes, 4 vertes; 2 sous-tasses bleues, 3 jaunes, 5 vertes; 2 assiettes bleues, 2 jaunes, 2 vertes. Ils sont vendus \u00e0 la pi\u00e8ce&hellip;&nbsp;<a href=\"https:\/\/legrenierdelatour.be\/brocante\/produit\/tasses-sous-tasses-et-assiettes-en-verre-de-couleur-vereco\/\" class=\"\" rel=\"bookmark\">Lire la suite &raquo;<span class=\"screen-reader-text\">Tasses, sous-tasses et assiettes en verre de couleur, Vereco<\/span><\/a><\/p>\n","protected":false},"featured_media":10741,"comment_status":"open","ping_status":"closed","template":"","meta":{"neve_meta_sidebar":"","neve_meta_container":"","neve_meta_enable_content_width":"off","neve_meta_content_width":100,"neve_meta_title_alignment":"","neve_meta_author_avatar":"","neve_post_elements_order":"","neve_meta_disable_header":"","neve_meta_disable_footer":"","neve_meta_disable_title":""},"product_brand":[],"product_cat":[172,163,22],"product_tag":[],"class_list":{"0":"post-10739","1":"product","2":"type-product","3":"status-publish","4":"has-post-thumbnail","6":"product_cat-en-cuisine","7":"product_cat-productions-francaises","8":"product_cat-verrerie","10":"first","11":"instock","12":"shipping-taxable","13":"purchasable","14":"product-type-simple"},"_links":{"self":[{"href":"https:\/\/legrenierdelatour.be\/brocante\/wp-json\/wp\/v2\/product\/10739","targetHints":{"allow":["GET"]}}],"collection":[{"href":"https:\/\/legrenierdelatour.be\/brocante\/wp-json\/wp\/v2\/product"}],"about":[{"href":"https:\/\/legrenierdelatour.be\/brocante\/wp-json\/wp\/v2\/types\/product"}],"replies":[{"embeddable":true,"href":"https:\/\/legrenierdelatour.be\/brocante\/wp-json\/wp\/v2\/comments?post=10739"}],"wp:featuredmedia":[{"embeddable":true,"href":"https:\/\/legrenierdelatour.be\/brocante\/wp-json\/wp\/v2\/media\/10741"}],"wp:attachment":[{"href":"https:\/\/legrenierdelatour.be\/brocante\/wp-json\/wp\/v2\/media?parent=10739"}],"wp:term":[{"taxonomy":"product_brand","embeddable":true,"href":"https:\/\/legrenierdelatour.be\/brocante\/wp-json\/wp\/v2\/product_brand?post=10739"},{"taxonomy":"product_cat","embeddable":true,"href":"https:\/\/legrenierdelatour.be\/brocante\/wp-json\/wp\/v2\/product_cat?post=10739"},{"taxonomy":"product_tag","embeddable":true,"href":"https:\/\/legrenierdelatour.be\/brocante\/wp-json\/wp\/v2\/product_tag?post=10739"}],"curies":[{"name":"wp","href":"https:\/\/api.w.org\/{rel}","templated":true}]}}