{"id":10731,"date":"2025-06-14T09:41:09","date_gmt":"2025-06-14T07:41:09","guid":{"rendered":"https:\/\/legrenierdelatour.be\/brocante\/?post_type=product&#038;p=10731"},"modified":"2025-08-08T17:10:33","modified_gmt":"2025-08-08T15:10:33","slug":"gravure-arlon-lincendie-en-1785-stefens","status":"publish","type":"product","link":"https:\/\/legrenierdelatour.be\/brocante\/produit\/gravure-arlon-lincendie-en-1785-stefens\/","title":{"rendered":"Gravure \u00ab\u00a0Arlon-L&rsquo;incendie en 1785\u00a0\u00bb, Jean Depiesse"},"content":{"rendered":"<p>Gravure (32&#215;25 cm) de \u00ab Arlon L\u2019incendie en 1785 \u00bb, sign\u00e9e en bas \u00e0 gauche Depiesse.DEPIESSE Jean (1935) est originaire d&rsquo;Arlon (Belgique). Ce dessinateur, a pass\u00e9 son enfance en Gaume. Revenu dans sa ville natale comme enseignant, il a consacr\u00e9 une grande partie de ses activit\u00e9s aux probl\u00e8mes \u00e9cologiques. Amoureux de la terre luxembourgeoise , il parcourt les campagnes en tous sens avec une sensibilit\u00e9 toujours en \u00e9veil, notant sur ses carnets de croquis les impressions fugaces des instants privil\u00e9gi\u00e9s pour ses belles aquarelles. Il en a r\u00e9alis\u00e9es de tr\u00e8s nombreuses pour illustrer la vie des gallo-romains d\u2019Orolaunum virus pour le compte du Mus\u00e9e arch\u00e9ologique d\u2019Arlon. \u00a0Il a dessin\u00e9 \u00e9galement pour les 150 ans de chemin de fer \u00e0 Arlon, et pour celle relative \u00e0 l\u2019histoire de l\u2019imprimerie.<\/p>\n<div>R\u00e9f 43.15<\/div>\n","protected":false},"excerpt":{"rendered":"<p>Gravure (32&#215;25 cm) de \u00ab Arlon L\u2019incendie en 1785 \u00bb, sign\u00e9e en bas \u00e0 gauche Depiesse.DEPIESSE Jean (1935) est originaire d&rsquo;Arlon (Belgique). Ce dessinateur, a pass\u00e9 son enfance en Gaume. Revenu dans sa ville natale comme enseignant, il a consacr\u00e9 une grande partie de ses activit\u00e9s aux probl\u00e8mes \u00e9cologiques. Amoureux de la terre luxembourgeoise ,&hellip;&nbsp;<a href=\"https:\/\/legrenierdelatour.be\/brocante\/produit\/gravure-arlon-lincendie-en-1785-stefens\/\" class=\"\" rel=\"bookmark\">Lire la suite &raquo;<span class=\"screen-reader-text\">Gravure \u00ab\u00a0Arlon-L&rsquo;incendie en 1785\u00a0\u00bb, Jean Depiesse<\/span><\/a><\/p>\n","protected":false},"featured_media":10715,"comment_status":"open","ping_status":"closed","template":"","meta":{"neve_meta_sidebar":"","neve_meta_container":"","neve_meta_enable_content_width":"off","neve_meta_content_width":100,"neve_meta_title_alignment":"","neve_meta_author_avatar":"","neve_post_elements_order":"","neve_meta_disable_header":"","neve_meta_disable_footer":"","neve_meta_disable_title":""},"product_brand":[],"product_cat":[31,167],"product_tag":[],"class_list":{"0":"post-10731","1":"product","2":"type-product","3":"status-publish","4":"has-post-thumbnail","6":"product_cat-pays-darlon","7":"product_cat-peintures-et-sculptures","9":"first","10":"instock","11":"shipping-taxable","12":"purchasable","13":"product-type-simple"},"_links":{"self":[{"href":"https:\/\/legrenierdelatour.be\/brocante\/wp-json\/wp\/v2\/product\/10731","targetHints":{"allow":["GET"]}}],"collection":[{"href":"https:\/\/legrenierdelatour.be\/brocante\/wp-json\/wp\/v2\/product"}],"about":[{"href":"https:\/\/legrenierdelatour.be\/brocante\/wp-json\/wp\/v2\/types\/product"}],"replies":[{"embeddable":true,"href":"https:\/\/legrenierdelatour.be\/brocante\/wp-json\/wp\/v2\/comments?post=10731"}],"wp:featuredmedia":[{"embeddable":true,"href":"https:\/\/legrenierdelatour.be\/brocante\/wp-json\/wp\/v2\/media\/10715"}],"wp:attachment":[{"href":"https:\/\/legrenierdelatour.be\/brocante\/wp-json\/wp\/v2\/media?parent=10731"}],"wp:term":[{"taxonomy":"product_brand","embeddable":true,"href":"https:\/\/legrenierdelatour.be\/brocante\/wp-json\/wp\/v2\/product_brand?post=10731"},{"taxonomy":"product_cat","embeddable":true,"href":"https:\/\/legrenierdelatour.be\/brocante\/wp-json\/wp\/v2\/product_cat?post=10731"},{"taxonomy":"product_tag","embeddable":true,"href":"https:\/\/legrenierdelatour.be\/brocante\/wp-json\/wp\/v2\/product_tag?post=10731"}],"curies":[{"name":"wp","href":"https:\/\/api.w.org\/{rel}","templated":true}]}}