{"id":10728,"date":"2025-06-14T09:09:15","date_gmt":"2025-06-14T07:09:15","guid":{"rendered":"https:\/\/legrenierdelatour.be\/brocante\/?post_type=product&#038;p=10728"},"modified":"2025-06-14T09:09:16","modified_gmt":"2025-06-14T07:09:16","slug":"aquarelle-interieur-a-saint-mard-jean-penis","status":"publish","type":"product","link":"https:\/\/legrenierdelatour.be\/brocante\/produit\/aquarelle-interieur-a-saint-mard-jean-penis\/","title":{"rendered":"Aquarelle Int\u00e9rieur \u00e0 Saint Mard, Jean Penis"},"content":{"rendered":"<p>Aquarelle (24&#215;33 cm cadre compris) d\u2019un int\u00e9rieur de maison, sans doute \u00e0 Saint Mard. Cette aquarelle est sign\u00e9e en bas \u00e0 droite J.Penis et dat\u00e9e de 1943. Il s\u2019agit de Jean Penis, un artiste amateur de Saint Mard.<\/p>\n<div>R\u00e9f 43.12<\/div>\n","protected":false},"excerpt":{"rendered":"<p>Aquarelle (24&#215;33 cm cadre compris) d\u2019un int\u00e9rieur de maison, sans doute \u00e0 Saint Mard. Cette aquarelle est sign\u00e9e en bas \u00e0 droite J.Penis et dat\u00e9e de 1943. Il s\u2019agit de Jean Penis, un artiste amateur de Saint Mard. R\u00e9f 43.12<\/p>\n","protected":false},"featured_media":10725,"comment_status":"open","ping_status":"closed","template":"","meta":{"neve_meta_sidebar":"","neve_meta_container":"","neve_meta_enable_content_width":"off","neve_meta_content_width":100,"neve_meta_title_alignment":"","neve_meta_author_avatar":"","neve_post_elements_order":"","neve_meta_disable_header":"","neve_meta_disable_footer":"","neve_meta_disable_title":""},"product_brand":[],"product_cat":[31,167],"product_tag":[],"class_list":{"0":"post-10728","1":"product","2":"type-product","3":"status-publish","4":"has-post-thumbnail","6":"product_cat-pays-darlon","7":"product_cat-peintures-et-sculptures","9":"first","10":"instock","11":"shipping-taxable","12":"purchasable","13":"product-type-simple"},"_links":{"self":[{"href":"https:\/\/legrenierdelatour.be\/brocante\/wp-json\/wp\/v2\/product\/10728","targetHints":{"allow":["GET"]}}],"collection":[{"href":"https:\/\/legrenierdelatour.be\/brocante\/wp-json\/wp\/v2\/product"}],"about":[{"href":"https:\/\/legrenierdelatour.be\/brocante\/wp-json\/wp\/v2\/types\/product"}],"replies":[{"embeddable":true,"href":"https:\/\/legrenierdelatour.be\/brocante\/wp-json\/wp\/v2\/comments?post=10728"}],"wp:featuredmedia":[{"embeddable":true,"href":"https:\/\/legrenierdelatour.be\/brocante\/wp-json\/wp\/v2\/media\/10725"}],"wp:attachment":[{"href":"https:\/\/legrenierdelatour.be\/brocante\/wp-json\/wp\/v2\/media?parent=10728"}],"wp:term":[{"taxonomy":"product_brand","embeddable":true,"href":"https:\/\/legrenierdelatour.be\/brocante\/wp-json\/wp\/v2\/product_brand?post=10728"},{"taxonomy":"product_cat","embeddable":true,"href":"https:\/\/legrenierdelatour.be\/brocante\/wp-json\/wp\/v2\/product_cat?post=10728"},{"taxonomy":"product_tag","embeddable":true,"href":"https:\/\/legrenierdelatour.be\/brocante\/wp-json\/wp\/v2\/product_tag?post=10728"}],"curies":[{"name":"wp","href":"https:\/\/api.w.org\/{rel}","templated":true}]}}