{"id":10726,"date":"2025-06-14T09:01:10","date_gmt":"2025-06-14T07:01:10","guid":{"rendered":"https:\/\/legrenierdelatour.be\/brocante\/?post_type=product&#038;p=10726"},"modified":"2025-06-14T09:01:10","modified_gmt":"2025-06-14T07:01:10","slug":"aquarelle-saint-mard-jean-penis","status":"publish","type":"product","link":"https:\/\/legrenierdelatour.be\/brocante\/produit\/aquarelle-saint-mard-jean-penis\/","title":{"rendered":"Aquarelle \u00ab\u00a0Saint Mard\u00a0\u00bb, Jean Penis"},"content":{"rendered":"<p>Aquarelle (24&#215;33 cm cadre compris) d\u2019une maison gaumaise, probablement \u00e0 Saint Mard. Cette aquarelle est sign\u00e9e en bas \u00e0 droite J.Penis et dat\u00e9e de 1943. Il s\u2019agit de Jean Penis, un artiste amateur de Saint Mard.<\/p>\n<div>R\u00e9f 43.10<\/div>\n","protected":false},"excerpt":{"rendered":"<p>Aquarelle (24&#215;33 cm cadre compris) d\u2019une maison gaumaise, probablement \u00e0 Saint Mard. Cette aquarelle est sign\u00e9e en bas \u00e0 droite J.Penis et dat\u00e9e de 1943. Il s\u2019agit de Jean Penis, un artiste amateur de Saint Mard. R\u00e9f 43.10<\/p>\n","protected":false},"featured_media":10721,"comment_status":"open","ping_status":"closed","template":"","meta":{"neve_meta_sidebar":"","neve_meta_container":"","neve_meta_enable_content_width":"off","neve_meta_content_width":100,"neve_meta_title_alignment":"","neve_meta_author_avatar":"","neve_post_elements_order":"","neve_meta_disable_header":"","neve_meta_disable_footer":"","neve_meta_disable_title":""},"product_brand":[],"product_cat":[31,167],"product_tag":[],"class_list":{"0":"post-10726","1":"product","2":"type-product","3":"status-publish","4":"has-post-thumbnail","6":"product_cat-pays-darlon","7":"product_cat-peintures-et-sculptures","9":"first","10":"instock","11":"shipping-taxable","12":"purchasable","13":"product-type-simple"},"_links":{"self":[{"href":"https:\/\/legrenierdelatour.be\/brocante\/wp-json\/wp\/v2\/product\/10726","targetHints":{"allow":["GET"]}}],"collection":[{"href":"https:\/\/legrenierdelatour.be\/brocante\/wp-json\/wp\/v2\/product"}],"about":[{"href":"https:\/\/legrenierdelatour.be\/brocante\/wp-json\/wp\/v2\/types\/product"}],"replies":[{"embeddable":true,"href":"https:\/\/legrenierdelatour.be\/brocante\/wp-json\/wp\/v2\/comments?post=10726"}],"wp:featuredmedia":[{"embeddable":true,"href":"https:\/\/legrenierdelatour.be\/brocante\/wp-json\/wp\/v2\/media\/10721"}],"wp:attachment":[{"href":"https:\/\/legrenierdelatour.be\/brocante\/wp-json\/wp\/v2\/media?parent=10726"}],"wp:term":[{"taxonomy":"product_brand","embeddable":true,"href":"https:\/\/legrenierdelatour.be\/brocante\/wp-json\/wp\/v2\/product_brand?post=10726"},{"taxonomy":"product_cat","embeddable":true,"href":"https:\/\/legrenierdelatour.be\/brocante\/wp-json\/wp\/v2\/product_cat?post=10726"},{"taxonomy":"product_tag","embeddable":true,"href":"https:\/\/legrenierdelatour.be\/brocante\/wp-json\/wp\/v2\/product_tag?post=10726"}],"curies":[{"name":"wp","href":"https:\/\/api.w.org\/{rel}","templated":true}]}}