{"id":10708,"date":"2025-06-12T17:09:44","date_gmt":"2025-06-12T15:09:44","guid":{"rendered":"https:\/\/legrenierdelatour.be\/brocante\/?post_type=product&#038;p=10708"},"modified":"2025-06-12T17:09:44","modified_gmt":"2025-06-12T15:09:44","slug":"tasse-souvenir-1ere-communion-boch","status":"publish","type":"product","link":"https:\/\/legrenierdelatour.be\/brocante\/produit\/tasse-souvenir-1ere-communion-boch\/","title":{"rendered":"Tasse \u00ab\u00a0Souvenir 1\u00e8re Communion\u00a0\u00bb Boch"},"content":{"rendered":"<p>Tasse en fa\u00efence (6 cm de haut) portant un dessin de communiant \u00ab\u00a0Souvenir de 1\u00e8re Communion. Cette assiette a \u00e9t\u00e9 produite par Boch La Louvi\u00e8re dans les ann\u00e9es 1940.<\/p>\n<div>R\u00e9f 43.06<\/div>\n","protected":false},"excerpt":{"rendered":"<p>Tasse en fa\u00efence (6 cm de haut) portant un dessin de communiant \u00ab\u00a0Souvenir de 1\u00e8re Communion. Cette assiette a \u00e9t\u00e9 produite par Boch La Louvi\u00e8re dans les ann\u00e9es 1940. R\u00e9f 43.06<\/p>\n","protected":false},"featured_media":10707,"comment_status":"open","ping_status":"closed","template":"","meta":{"neve_meta_sidebar":"","neve_meta_container":"","neve_meta_enable_content_width":"off","neve_meta_content_width":100,"neve_meta_title_alignment":"","neve_meta_author_avatar":"","neve_post_elements_order":"","neve_meta_disable_header":"","neve_meta_disable_footer":"","neve_meta_disable_title":""},"product_brand":[],"product_cat":[37,175,16,34],"product_tag":[],"class_list":{"0":"post-10708","1":"product","2":"type-product","3":"status-publish","4":"has-post-thumbnail","6":"product_cat-belgique","7":"product_cat-boch","8":"product_cat-ceramique","9":"product_cat-religiosa","11":"first","12":"instock","13":"shipping-taxable","14":"purchasable","15":"product-type-simple"},"_links":{"self":[{"href":"https:\/\/legrenierdelatour.be\/brocante\/wp-json\/wp\/v2\/product\/10708","targetHints":{"allow":["GET"]}}],"collection":[{"href":"https:\/\/legrenierdelatour.be\/brocante\/wp-json\/wp\/v2\/product"}],"about":[{"href":"https:\/\/legrenierdelatour.be\/brocante\/wp-json\/wp\/v2\/types\/product"}],"replies":[{"embeddable":true,"href":"https:\/\/legrenierdelatour.be\/brocante\/wp-json\/wp\/v2\/comments?post=10708"}],"wp:featuredmedia":[{"embeddable":true,"href":"https:\/\/legrenierdelatour.be\/brocante\/wp-json\/wp\/v2\/media\/10707"}],"wp:attachment":[{"href":"https:\/\/legrenierdelatour.be\/brocante\/wp-json\/wp\/v2\/media?parent=10708"}],"wp:term":[{"taxonomy":"product_brand","embeddable":true,"href":"https:\/\/legrenierdelatour.be\/brocante\/wp-json\/wp\/v2\/product_brand?post=10708"},{"taxonomy":"product_cat","embeddable":true,"href":"https:\/\/legrenierdelatour.be\/brocante\/wp-json\/wp\/v2\/product_cat?post=10708"},{"taxonomy":"product_tag","embeddable":true,"href":"https:\/\/legrenierdelatour.be\/brocante\/wp-json\/wp\/v2\/product_tag?post=10708"}],"curies":[{"name":"wp","href":"https:\/\/api.w.org\/{rel}","templated":true}]}}