{"id":10701,"date":"2025-06-04T17:22:42","date_gmt":"2025-06-04T15:22:42","guid":{"rendered":"https:\/\/legrenierdelatour.be\/brocante\/?post_type=product&#038;p=10701"},"modified":"2025-06-04T17:22:43","modified_gmt":"2025-06-04T15:22:43","slug":"cruche-a-vin-en-gres-de-westerwald","status":"publish","type":"product","link":"https:\/\/legrenierdelatour.be\/brocante\/produit\/cruche-a-vin-en-gres-de-westerwald\/","title":{"rendered":"Cruche \u00e0 vin en gr\u00e8s de Westerwald"},"content":{"rendered":"<p>Cruche \u00e0 eau ou vin \u00a0(27 cm de haut) en gr\u00e8s de Westerwald (Allemagne) portant le num\u00e9ro 424 dessous. Elle porte des sc\u00e8nes mythologiques. Elle est dans un \u00e9tat impeccable.<\/p>\n<div>R\u00e9f 42.98<\/div>\n","protected":false},"excerpt":{"rendered":"<p>Cruche \u00e0 eau ou vin \u00a0(27 cm de haut) en gr\u00e8s de Westerwald (Allemagne) portant le num\u00e9ro 424 dessous. Elle porte des sc\u00e8nes mythologiques. Elle est dans un \u00e9tat impeccable. R\u00e9f 42.98<\/p>\n","protected":false},"featured_media":10702,"comment_status":"open","ping_status":"closed","template":"","meta":{"neve_meta_sidebar":"","neve_meta_container":"","neve_meta_enable_content_width":"off","neve_meta_content_width":100,"neve_meta_title_alignment":"","neve_meta_author_avatar":"","neve_post_elements_order":"","neve_meta_disable_header":"","neve_meta_disable_footer":"","neve_meta_disable_title":""},"product_brand":[],"product_cat":[48,16],"product_tag":[],"class_list":{"0":"post-10701","1":"product","2":"type-product","3":"status-publish","4":"has-post-thumbnail","6":"product_cat-allemagne","7":"product_cat-ceramique","9":"first","10":"instock","11":"shipping-taxable","12":"purchasable","13":"product-type-simple"},"_links":{"self":[{"href":"https:\/\/legrenierdelatour.be\/brocante\/wp-json\/wp\/v2\/product\/10701","targetHints":{"allow":["GET"]}}],"collection":[{"href":"https:\/\/legrenierdelatour.be\/brocante\/wp-json\/wp\/v2\/product"}],"about":[{"href":"https:\/\/legrenierdelatour.be\/brocante\/wp-json\/wp\/v2\/types\/product"}],"replies":[{"embeddable":true,"href":"https:\/\/legrenierdelatour.be\/brocante\/wp-json\/wp\/v2\/comments?post=10701"}],"wp:featuredmedia":[{"embeddable":true,"href":"https:\/\/legrenierdelatour.be\/brocante\/wp-json\/wp\/v2\/media\/10702"}],"wp:attachment":[{"href":"https:\/\/legrenierdelatour.be\/brocante\/wp-json\/wp\/v2\/media?parent=10701"}],"wp:term":[{"taxonomy":"product_brand","embeddable":true,"href":"https:\/\/legrenierdelatour.be\/brocante\/wp-json\/wp\/v2\/product_brand?post=10701"},{"taxonomy":"product_cat","embeddable":true,"href":"https:\/\/legrenierdelatour.be\/brocante\/wp-json\/wp\/v2\/product_cat?post=10701"},{"taxonomy":"product_tag","embeddable":true,"href":"https:\/\/legrenierdelatour.be\/brocante\/wp-json\/wp\/v2\/product_tag?post=10701"}],"curies":[{"name":"wp","href":"https:\/\/api.w.org\/{rel}","templated":true}]}}