{"id":10677,"date":"2025-05-30T15:34:06","date_gmt":"2025-05-30T13:34:06","guid":{"rendered":"https:\/\/legrenierdelatour.be\/brocante\/?post_type=product&#038;p=10677"},"modified":"2025-05-30T15:34:07","modified_gmt":"2025-05-30T13:34:07","slug":"mug-petange-ateliers-kraizbierg","status":"publish","type":"product","link":"https:\/\/legrenierdelatour.be\/brocante\/produit\/mug-petange-ateliers-kraizbierg\/","title":{"rendered":"Mug P\u00e9tange, Ateliers Kraizbierg"},"content":{"rendered":"<p>Mug en c\u00e9ramique artisanale (12 cm de haut) \u00e9dit\u00e9 pour \u00ab\u00a0P\u00e9tange, Motivation commune\u00a0\u00bb et r\u00e9alis\u00e9 par les ateliers Kraizbierg \u00e0 Dudelange.<\/p>\n<div>R\u00e9f 42.81<\/div>\n","protected":false},"excerpt":{"rendered":"<p>Mug en c\u00e9ramique artisanale (12 cm de haut) \u00e9dit\u00e9 pour \u00ab\u00a0P\u00e9tange, Motivation commune\u00a0\u00bb et r\u00e9alis\u00e9 par les ateliers Kraizbierg \u00e0 Dudelange. R\u00e9f 42.81<\/p>\n","protected":false},"featured_media":10678,"comment_status":"open","ping_status":"closed","template":"","meta":{"neve_meta_sidebar":"","neve_meta_container":"","neve_meta_enable_content_width":"off","neve_meta_content_width":100,"neve_meta_title_alignment":"","neve_meta_author_avatar":"","neve_post_elements_order":"","neve_meta_disable_header":"","neve_meta_disable_footer":"","neve_meta_disable_title":""},"product_brand":[],"product_cat":[16,165],"product_tag":[],"class_list":{"0":"post-10677","1":"product","2":"type-product","3":"status-publish","4":"has-post-thumbnail","6":"product_cat-ceramique","7":"product_cat-luxembourg","9":"first","10":"instock","11":"shipping-taxable","12":"purchasable","13":"product-type-simple"},"_links":{"self":[{"href":"https:\/\/legrenierdelatour.be\/brocante\/wp-json\/wp\/v2\/product\/10677","targetHints":{"allow":["GET"]}}],"collection":[{"href":"https:\/\/legrenierdelatour.be\/brocante\/wp-json\/wp\/v2\/product"}],"about":[{"href":"https:\/\/legrenierdelatour.be\/brocante\/wp-json\/wp\/v2\/types\/product"}],"replies":[{"embeddable":true,"href":"https:\/\/legrenierdelatour.be\/brocante\/wp-json\/wp\/v2\/comments?post=10677"}],"wp:featuredmedia":[{"embeddable":true,"href":"https:\/\/legrenierdelatour.be\/brocante\/wp-json\/wp\/v2\/media\/10678"}],"wp:attachment":[{"href":"https:\/\/legrenierdelatour.be\/brocante\/wp-json\/wp\/v2\/media?parent=10677"}],"wp:term":[{"taxonomy":"product_brand","embeddable":true,"href":"https:\/\/legrenierdelatour.be\/brocante\/wp-json\/wp\/v2\/product_brand?post=10677"},{"taxonomy":"product_cat","embeddable":true,"href":"https:\/\/legrenierdelatour.be\/brocante\/wp-json\/wp\/v2\/product_cat?post=10677"},{"taxonomy":"product_tag","embeddable":true,"href":"https:\/\/legrenierdelatour.be\/brocante\/wp-json\/wp\/v2\/product_tag?post=10677"}],"curies":[{"name":"wp","href":"https:\/\/api.w.org\/{rel}","templated":true}]}}