{"id":10676,"date":"2025-05-30T15:22:44","date_gmt":"2025-05-30T13:22:44","guid":{"rendered":"https:\/\/legrenierdelatour.be\/brocante\/?post_type=product&#038;p=10676"},"modified":"2025-05-30T15:22:45","modified_gmt":"2025-05-30T13:22:45","slug":"petite-assiette-en-etain-st-donat-arlon","status":"publish","type":"product","link":"https:\/\/legrenierdelatour.be\/brocante\/produit\/petite-assiette-en-etain-st-donat-arlon\/","title":{"rendered":"Petite assiette en \u00e9tain St Donat Arlon"},"content":{"rendered":"<p>Petite assiette en \u00e9tain (15 cm de diam\u00e8tre) \u00e9dit\u00e9e par l\u2019Office de tourisme du Pays d\u2019Arlon. La gravure est sign\u00e9e P.M.<\/p>\n<div>R\u00e9f 42.79<\/div>\n","protected":false},"excerpt":{"rendered":"<p>Petite assiette en \u00e9tain (15 cm de diam\u00e8tre) \u00e9dit\u00e9e par l\u2019Office de tourisme du Pays d\u2019Arlon. La gravure est sign\u00e9e P.M. R\u00e9f 42.79<\/p>\n","protected":false},"featured_media":10672,"comment_status":"open","ping_status":"closed","template":"","meta":{"neve_meta_sidebar":"","neve_meta_container":"","neve_meta_enable_content_width":"off","neve_meta_content_width":100,"neve_meta_title_alignment":"","neve_meta_author_avatar":"","neve_post_elements_order":"","neve_meta_disable_header":"","neve_meta_disable_footer":"","neve_meta_disable_title":""},"product_brand":[],"product_cat":[110,31],"product_tag":[],"class_list":{"0":"post-10676","1":"product","2":"type-product","3":"status-publish","4":"has-post-thumbnail","6":"product_cat-etain","7":"product_cat-pays-darlon","9":"first","10":"instock","11":"shipping-taxable","12":"purchasable","13":"product-type-simple"},"_links":{"self":[{"href":"https:\/\/legrenierdelatour.be\/brocante\/wp-json\/wp\/v2\/product\/10676","targetHints":{"allow":["GET"]}}],"collection":[{"href":"https:\/\/legrenierdelatour.be\/brocante\/wp-json\/wp\/v2\/product"}],"about":[{"href":"https:\/\/legrenierdelatour.be\/brocante\/wp-json\/wp\/v2\/types\/product"}],"replies":[{"embeddable":true,"href":"https:\/\/legrenierdelatour.be\/brocante\/wp-json\/wp\/v2\/comments?post=10676"}],"wp:featuredmedia":[{"embeddable":true,"href":"https:\/\/legrenierdelatour.be\/brocante\/wp-json\/wp\/v2\/media\/10672"}],"wp:attachment":[{"href":"https:\/\/legrenierdelatour.be\/brocante\/wp-json\/wp\/v2\/media?parent=10676"}],"wp:term":[{"taxonomy":"product_brand","embeddable":true,"href":"https:\/\/legrenierdelatour.be\/brocante\/wp-json\/wp\/v2\/product_brand?post=10676"},{"taxonomy":"product_cat","embeddable":true,"href":"https:\/\/legrenierdelatour.be\/brocante\/wp-json\/wp\/v2\/product_cat?post=10676"},{"taxonomy":"product_tag","embeddable":true,"href":"https:\/\/legrenierdelatour.be\/brocante\/wp-json\/wp\/v2\/product_tag?post=10676"}],"curies":[{"name":"wp","href":"https:\/\/api.w.org\/{rel}","templated":true}]}}