{"id":10665,"date":"2025-05-27T18:42:02","date_gmt":"2025-05-27T16:42:02","guid":{"rendered":"https:\/\/legrenierdelatour.be\/brocante\/?post_type=product&#038;p=10665"},"modified":"2025-07-03T16:34:10","modified_gmt":"2025-07-03T14:34:10","slug":"peinture-village-h-comes","status":"publish","type":"product","link":"https:\/\/legrenierdelatour.be\/brocante\/produit\/peinture-village-h-comes\/","title":{"rendered":"Peinture \u00ab\u00a0Village\u00a0\u00bb, H. Comes"},"content":{"rendered":"<p>Belle peinture sur toile (59 x 9 cm cadre compris) repr\u00e9sentant la Chapelle ND de Clairefontaine. Elle est sign\u00e9e en bas \u00e0 droite A.Colles. Armand Colles (1927-1983) est un artiste arlonnais, proche de Maurice Mathias, qui a beaucoup peint en sa compagnie. Cette peinture a \u00e9t\u00e9 encadr\u00e9e \u00e0 Arlon.<\/p>\n<div>R\u00e9f 42.71<\/div>\n","protected":false},"excerpt":{"rendered":"<p>Belle peinture sur toile (59 x 9 cm cadre compris) repr\u00e9sentant la Chapelle ND de Clairefontaine. Elle est sign\u00e9e en bas \u00e0 droite A.Colles. Armand Colles (1927-1983) est un artiste arlonnais, proche de Maurice Mathias, qui a beaucoup peint en sa compagnie. Cette peinture a \u00e9t\u00e9 encadr\u00e9e \u00e0 Arlon. R\u00e9f 42.71<\/p>\n","protected":false},"featured_media":10660,"comment_status":"open","ping_status":"closed","template":"","meta":{"neve_meta_sidebar":"","neve_meta_container":"","neve_meta_enable_content_width":"off","neve_meta_content_width":100,"neve_meta_title_alignment":"","neve_meta_author_avatar":"","neve_post_elements_order":"","neve_meta_disable_header":"","neve_meta_disable_footer":"","neve_meta_disable_title":""},"product_brand":[],"product_cat":[31,167],"product_tag":[],"class_list":{"0":"post-10665","1":"product","2":"type-product","3":"status-publish","4":"has-post-thumbnail","6":"product_cat-pays-darlon","7":"product_cat-peintures-et-sculptures","9":"first","10":"instock","11":"shipping-taxable","12":"purchasable","13":"product-type-simple"},"_links":{"self":[{"href":"https:\/\/legrenierdelatour.be\/brocante\/wp-json\/wp\/v2\/product\/10665","targetHints":{"allow":["GET"]}}],"collection":[{"href":"https:\/\/legrenierdelatour.be\/brocante\/wp-json\/wp\/v2\/product"}],"about":[{"href":"https:\/\/legrenierdelatour.be\/brocante\/wp-json\/wp\/v2\/types\/product"}],"replies":[{"embeddable":true,"href":"https:\/\/legrenierdelatour.be\/brocante\/wp-json\/wp\/v2\/comments?post=10665"}],"wp:featuredmedia":[{"embeddable":true,"href":"https:\/\/legrenierdelatour.be\/brocante\/wp-json\/wp\/v2\/media\/10660"}],"wp:attachment":[{"href":"https:\/\/legrenierdelatour.be\/brocante\/wp-json\/wp\/v2\/media?parent=10665"}],"wp:term":[{"taxonomy":"product_brand","embeddable":true,"href":"https:\/\/legrenierdelatour.be\/brocante\/wp-json\/wp\/v2\/product_brand?post=10665"},{"taxonomy":"product_cat","embeddable":true,"href":"https:\/\/legrenierdelatour.be\/brocante\/wp-json\/wp\/v2\/product_cat?post=10665"},{"taxonomy":"product_tag","embeddable":true,"href":"https:\/\/legrenierdelatour.be\/brocante\/wp-json\/wp\/v2\/product_tag?post=10665"}],"curies":[{"name":"wp","href":"https:\/\/api.w.org\/{rel}","templated":true}]}}