{"id":10664,"date":"2025-05-27T18:30:18","date_gmt":"2025-05-27T16:30:18","guid":{"rendered":"https:\/\/legrenierdelatour.be\/brocante\/?post_type=product&#038;p=10664"},"modified":"2025-05-27T18:30:19","modified_gmt":"2025-05-27T16:30:19","slug":"aquarelle-chassepierre-nelly-mary","status":"publish","type":"product","link":"https:\/\/legrenierdelatour.be\/brocante\/produit\/aquarelle-chassepierre-nelly-mary\/","title":{"rendered":"Aquarelle \u00ab\u00a0Chassepierre\u00a0\u00bb, Nelly Mary"},"content":{"rendered":"<p>Belle aquarelle (39&#215;32 cm cadre compris) du Village de Chassepierre, sign\u00e9e Nelly Mary. L&rsquo;encadrement a \u00e9t\u00e9 fait par les ateliers Glaudot \u00e0 Virton. Nelly Mary (Nelly, Denise, Maria Debreux) (1933 Termes-2022 Puilly-et-Charbeaux) autodidacte, elle s\u2019int\u00e9ressait surtout \u00e0 la nature et aux d\u00e9tails de son entourage. Elle a particip\u00e9 \u00e0 diff\u00e9rentes expositions, \u00e0 Florenville, Sainte-C\u00e9cile, Virton\u2026<\/p>\n<div>R\u00e9f 42.70<\/div>\n","protected":false},"excerpt":{"rendered":"<p>Belle aquarelle (39&#215;32 cm cadre compris) du Village de Chassepierre, sign\u00e9e Nelly Mary. L&rsquo;encadrement a \u00e9t\u00e9 fait par les ateliers Glaudot \u00e0 Virton. Nelly Mary (Nelly, Denise, Maria Debreux) (1933 Termes-2022 Puilly-et-Charbeaux) autodidacte, elle s\u2019int\u00e9ressait surtout \u00e0 la nature et aux d\u00e9tails de son entourage. Elle a particip\u00e9 \u00e0 diff\u00e9rentes expositions, \u00e0 Florenville, Sainte-C\u00e9cile, Virton\u2026&hellip;&nbsp;<a href=\"https:\/\/legrenierdelatour.be\/brocante\/produit\/aquarelle-chassepierre-nelly-mary\/\" class=\"\" rel=\"bookmark\">Lire la suite &raquo;<span class=\"screen-reader-text\">Aquarelle \u00ab\u00a0Chassepierre\u00a0\u00bb, Nelly Mary<\/span><\/a><\/p>\n","protected":false},"featured_media":10663,"comment_status":"open","ping_status":"closed","template":"","meta":{"neve_meta_sidebar":"","neve_meta_container":"","neve_meta_enable_content_width":"off","neve_meta_content_width":100,"neve_meta_title_alignment":"","neve_meta_author_avatar":"","neve_post_elements_order":"","neve_meta_disable_header":"","neve_meta_disable_footer":"","neve_meta_disable_title":""},"product_brand":[],"product_cat":[31,167],"product_tag":[],"class_list":{"0":"post-10664","1":"product","2":"type-product","3":"status-publish","4":"has-post-thumbnail","6":"product_cat-pays-darlon","7":"product_cat-peintures-et-sculptures","9":"first","10":"instock","11":"shipping-taxable","12":"purchasable","13":"product-type-simple"},"_links":{"self":[{"href":"https:\/\/legrenierdelatour.be\/brocante\/wp-json\/wp\/v2\/product\/10664","targetHints":{"allow":["GET"]}}],"collection":[{"href":"https:\/\/legrenierdelatour.be\/brocante\/wp-json\/wp\/v2\/product"}],"about":[{"href":"https:\/\/legrenierdelatour.be\/brocante\/wp-json\/wp\/v2\/types\/product"}],"replies":[{"embeddable":true,"href":"https:\/\/legrenierdelatour.be\/brocante\/wp-json\/wp\/v2\/comments?post=10664"}],"wp:featuredmedia":[{"embeddable":true,"href":"https:\/\/legrenierdelatour.be\/brocante\/wp-json\/wp\/v2\/media\/10663"}],"wp:attachment":[{"href":"https:\/\/legrenierdelatour.be\/brocante\/wp-json\/wp\/v2\/media?parent=10664"}],"wp:term":[{"taxonomy":"product_brand","embeddable":true,"href":"https:\/\/legrenierdelatour.be\/brocante\/wp-json\/wp\/v2\/product_brand?post=10664"},{"taxonomy":"product_cat","embeddable":true,"href":"https:\/\/legrenierdelatour.be\/brocante\/wp-json\/wp\/v2\/product_cat?post=10664"},{"taxonomy":"product_tag","embeddable":true,"href":"https:\/\/legrenierdelatour.be\/brocante\/wp-json\/wp\/v2\/product_tag?post=10664"}],"curies":[{"name":"wp","href":"https:\/\/api.w.org\/{rel}","templated":true}]}}