{"id":10653,"date":"2025-05-27T18:14:22","date_gmt":"2025-05-27T16:14:22","guid":{"rendered":"https:\/\/legrenierdelatour.be\/brocante\/?post_type=product&#038;p=10653"},"modified":"2025-05-27T18:14:23","modified_gmt":"2025-05-27T16:14:23","slug":"peinture-nature-morte-leopold-desloges","status":"publish","type":"product","link":"https:\/\/legrenierdelatour.be\/brocante\/produit\/peinture-nature-morte-leopold-desloges\/","title":{"rendered":"Peinture \u00ab\u00a0Nature morte\u00a0\u00bb, L\u00e9opold Desloges"},"content":{"rendered":"<p>Peinture acrylique sur panneau (90&#215;49 cm cadre compris) portant une repr\u00e9sentation de Nature morte. Elle est sign\u00e9e en bas \u00e0 gauche L. Desloges. L\u00e9opold Desloges (Popol) est un artiste arlonais qui y a v\u00e9cu, travaill\u00e9 et dessin\u00e9 \u00e0 Arlon (Arlon 1912-Arlon 2020). Il a essentiellement peint et esquiss\u00e9 sa ville d\u2019Arlon. L\u00e9opold Desloges \u00e9tait peintre en b\u00e2timent et avait son magasin \u00e0 la Grand Place, il \u00e9tait \u00e9galement artiste. Il a particip\u00e9 \u00e0 une expo r\u00e9trospective en 2006 \u00e0 La Clairi\u00e8re.<\/p>\n<div>R\u00e9f 42.69<\/div>\n","protected":false},"excerpt":{"rendered":"<p>Peinture acrylique sur panneau (90&#215;49 cm cadre compris) portant une repr\u00e9sentation de Nature morte. Elle est sign\u00e9e en bas \u00e0 gauche L. Desloges. L\u00e9opold Desloges (Popol) est un artiste arlonais qui y a v\u00e9cu, travaill\u00e9 et dessin\u00e9 \u00e0 Arlon (Arlon 1912-Arlon 2020). Il a essentiellement peint et esquiss\u00e9 sa ville d\u2019Arlon. L\u00e9opold Desloges \u00e9tait peintre&hellip;&nbsp;<a href=\"https:\/\/legrenierdelatour.be\/brocante\/produit\/peinture-nature-morte-leopold-desloges\/\" class=\"\" rel=\"bookmark\">Lire la suite &raquo;<span class=\"screen-reader-text\">Peinture \u00ab\u00a0Nature morte\u00a0\u00bb, L\u00e9opold Desloges<\/span><\/a><\/p>\n","protected":false},"featured_media":10656,"comment_status":"open","ping_status":"closed","template":"","meta":{"neve_meta_sidebar":"","neve_meta_container":"","neve_meta_enable_content_width":"off","neve_meta_content_width":100,"neve_meta_title_alignment":"","neve_meta_author_avatar":"","neve_post_elements_order":"","neve_meta_disable_header":"","neve_meta_disable_footer":"","neve_meta_disable_title":""},"product_brand":[],"product_cat":[31,167],"product_tag":[],"class_list":{"0":"post-10653","1":"product","2":"type-product","3":"status-publish","4":"has-post-thumbnail","6":"product_cat-pays-darlon","7":"product_cat-peintures-et-sculptures","9":"first","10":"instock","11":"shipping-taxable","12":"purchasable","13":"product-type-simple"},"_links":{"self":[{"href":"https:\/\/legrenierdelatour.be\/brocante\/wp-json\/wp\/v2\/product\/10653","targetHints":{"allow":["GET"]}}],"collection":[{"href":"https:\/\/legrenierdelatour.be\/brocante\/wp-json\/wp\/v2\/product"}],"about":[{"href":"https:\/\/legrenierdelatour.be\/brocante\/wp-json\/wp\/v2\/types\/product"}],"replies":[{"embeddable":true,"href":"https:\/\/legrenierdelatour.be\/brocante\/wp-json\/wp\/v2\/comments?post=10653"}],"wp:featuredmedia":[{"embeddable":true,"href":"https:\/\/legrenierdelatour.be\/brocante\/wp-json\/wp\/v2\/media\/10656"}],"wp:attachment":[{"href":"https:\/\/legrenierdelatour.be\/brocante\/wp-json\/wp\/v2\/media?parent=10653"}],"wp:term":[{"taxonomy":"product_brand","embeddable":true,"href":"https:\/\/legrenierdelatour.be\/brocante\/wp-json\/wp\/v2\/product_brand?post=10653"},{"taxonomy":"product_cat","embeddable":true,"href":"https:\/\/legrenierdelatour.be\/brocante\/wp-json\/wp\/v2\/product_cat?post=10653"},{"taxonomy":"product_tag","embeddable":true,"href":"https:\/\/legrenierdelatour.be\/brocante\/wp-json\/wp\/v2\/product_tag?post=10653"}],"curies":[{"name":"wp","href":"https:\/\/api.w.org\/{rel}","templated":true}]}}