{"id":10648,"date":"2025-05-26T16:59:35","date_gmt":"2025-05-26T14:59:35","guid":{"rendered":"https:\/\/legrenierdelatour.be\/brocante\/?post_type=product&#038;p=10648"},"modified":"2025-09-13T11:06:34","modified_gmt":"2025-09-13T09:06:34","slug":"tasse-en-faience-fine-ancien-testament-boch-freres-1870","status":"publish","type":"product","link":"https:\/\/legrenierdelatour.be\/brocante\/produit\/tasse-en-faience-fine-ancien-testament-boch-freres-1870\/","title":{"rendered":"Tasse en fa\u00efence fine \u00ab\u00a0Ancien Testament\u00a0\u00bb, Boch Fr\u00e8res 1870"},"content":{"rendered":"<p>Tasse en faience fine (8,5 cm de haut) portant des sc\u00e8nes de l\u2019Ancien Testament. Elle porte le cachet de Boch Fr\u00e8res \u00e0 La Louvi\u00e8re. Les dessins viennent de gravures de H. Mouzin en 1870, 1871 et 1872.<\/p>\n<div>R\u00e9f 42.67<\/div>\n","protected":false},"excerpt":{"rendered":"<p>Tasse en faience fine (8,5 cm de haut) portant des sc\u00e8nes de l\u2019Ancien Testament. Elle porte le cachet de Boch Fr\u00e8res \u00e0 La Louvi\u00e8re. Les dessins viennent de gravures de H. Mouzin en 1870, 1871 et 1872. R\u00e9f 42.67<\/p>\n","protected":false},"featured_media":10640,"comment_status":"open","ping_status":"closed","template":"","meta":{"neve_meta_sidebar":"","neve_meta_container":"","neve_meta_enable_content_width":"off","neve_meta_content_width":100,"neve_meta_title_alignment":"","neve_meta_author_avatar":"","neve_post_elements_order":"","neve_meta_disable_header":"","neve_meta_disable_footer":"","neve_meta_disable_title":""},"product_brand":[],"product_cat":[37,175,16,34],"product_tag":[],"class_list":{"0":"post-10648","1":"product","2":"type-product","3":"status-publish","4":"has-post-thumbnail","6":"product_cat-belgique","7":"product_cat-boch","8":"product_cat-ceramique","9":"product_cat-religiosa","11":"first","12":"instock","13":"shipping-taxable","14":"purchasable","15":"product-type-simple"},"_links":{"self":[{"href":"https:\/\/legrenierdelatour.be\/brocante\/wp-json\/wp\/v2\/product\/10648","targetHints":{"allow":["GET"]}}],"collection":[{"href":"https:\/\/legrenierdelatour.be\/brocante\/wp-json\/wp\/v2\/product"}],"about":[{"href":"https:\/\/legrenierdelatour.be\/brocante\/wp-json\/wp\/v2\/types\/product"}],"replies":[{"embeddable":true,"href":"https:\/\/legrenierdelatour.be\/brocante\/wp-json\/wp\/v2\/comments?post=10648"}],"wp:featuredmedia":[{"embeddable":true,"href":"https:\/\/legrenierdelatour.be\/brocante\/wp-json\/wp\/v2\/media\/10640"}],"wp:attachment":[{"href":"https:\/\/legrenierdelatour.be\/brocante\/wp-json\/wp\/v2\/media?parent=10648"}],"wp:term":[{"taxonomy":"product_brand","embeddable":true,"href":"https:\/\/legrenierdelatour.be\/brocante\/wp-json\/wp\/v2\/product_brand?post=10648"},{"taxonomy":"product_cat","embeddable":true,"href":"https:\/\/legrenierdelatour.be\/brocante\/wp-json\/wp\/v2\/product_cat?post=10648"},{"taxonomy":"product_tag","embeddable":true,"href":"https:\/\/legrenierdelatour.be\/brocante\/wp-json\/wp\/v2\/product_tag?post=10648"}],"curies":[{"name":"wp","href":"https:\/\/api.w.org\/{rel}","templated":true}]}}