{"id":10639,"date":"2025-05-26T13:01:11","date_gmt":"2025-05-26T11:01:11","guid":{"rendered":"https:\/\/legrenierdelatour.be\/brocante\/?post_type=product&#038;p=10639"},"modified":"2025-05-26T13:01:12","modified_gmt":"2025-05-26T11:01:12","slug":"globe-de-lampe-a-decor-de-fleurs","status":"publish","type":"product","link":"https:\/\/legrenierdelatour.be\/brocante\/produit\/globe-de-lampe-a-decor-de-fleurs\/","title":{"rendered":"Globe de lampe \u00e0 d\u00e9cor de fleurs"},"content":{"rendered":"<p>Globe de lampe en verre opalin (25 cm de diam\u00e8tre) avec un beau d\u00e9cor de petites fleurs s\u00e9rigraphi\u00e9es. Il date sans doute des ann\u00e9es 1950-60.<\/p>\n<div>R\u00e9f 42.63<\/div>\n","protected":false},"excerpt":{"rendered":"<p>Globe de lampe en verre opalin (25 cm de diam\u00e8tre) avec un beau d\u00e9cor de petites fleurs s\u00e9rigraphi\u00e9es. Il date sans doute des ann\u00e9es 1950-60. R\u00e9f 42.63<\/p>\n","protected":false},"featured_media":10646,"comment_status":"open","ping_status":"closed","template":"","meta":{"neve_meta_sidebar":"","neve_meta_container":"","neve_meta_enable_content_width":"off","neve_meta_content_width":100,"neve_meta_title_alignment":"","neve_meta_author_avatar":"","neve_post_elements_order":"","neve_meta_disable_header":"","neve_meta_disable_footer":"","neve_meta_disable_title":""},"product_brand":[],"product_cat":[24,22],"product_tag":[],"class_list":{"0":"post-10639","1":"product","2":"type-product","3":"status-publish","4":"has-post-thumbnail","6":"product_cat-luminaires","7":"product_cat-verrerie","9":"first","10":"instock","11":"shipping-taxable","12":"purchasable","13":"product-type-simple"},"_links":{"self":[{"href":"https:\/\/legrenierdelatour.be\/brocante\/wp-json\/wp\/v2\/product\/10639","targetHints":{"allow":["GET"]}}],"collection":[{"href":"https:\/\/legrenierdelatour.be\/brocante\/wp-json\/wp\/v2\/product"}],"about":[{"href":"https:\/\/legrenierdelatour.be\/brocante\/wp-json\/wp\/v2\/types\/product"}],"replies":[{"embeddable":true,"href":"https:\/\/legrenierdelatour.be\/brocante\/wp-json\/wp\/v2\/comments?post=10639"}],"wp:featuredmedia":[{"embeddable":true,"href":"https:\/\/legrenierdelatour.be\/brocante\/wp-json\/wp\/v2\/media\/10646"}],"wp:attachment":[{"href":"https:\/\/legrenierdelatour.be\/brocante\/wp-json\/wp\/v2\/media?parent=10639"}],"wp:term":[{"taxonomy":"product_brand","embeddable":true,"href":"https:\/\/legrenierdelatour.be\/brocante\/wp-json\/wp\/v2\/product_brand?post=10639"},{"taxonomy":"product_cat","embeddable":true,"href":"https:\/\/legrenierdelatour.be\/brocante\/wp-json\/wp\/v2\/product_cat?post=10639"},{"taxonomy":"product_tag","embeddable":true,"href":"https:\/\/legrenierdelatour.be\/brocante\/wp-json\/wp\/v2\/product_tag?post=10639"}],"curies":[{"name":"wp","href":"https:\/\/api.w.org\/{rel}","templated":true}]}}