{"id":10635,"date":"2025-05-25T18:50:56","date_gmt":"2025-05-25T16:50:56","guid":{"rendered":"https:\/\/legrenierdelatour.be\/brocante\/?post_type=product&#038;p=10635"},"modified":"2025-05-25T18:50:57","modified_gmt":"2025-05-25T16:50:57","slug":"groupe-de-musiciens-en-porcelaine","status":"publish","type":"product","link":"https:\/\/legrenierdelatour.be\/brocante\/produit\/groupe-de-musiciens-en-porcelaine\/","title":{"rendered":"Groupe de musiciens en porcelaine"},"content":{"rendered":"<p>Groupe en porcelaine compos\u00e9 d\u2019un pianiste et de deux chanteuses (10 cm de haut) . Il n\u2019y a pas de marque visible permettant d\u2019identifier la manufacture. L\u2019ensemble est en tr\u00e8s bon \u00e9tat.<\/p>\n<div>R\u00e9f 42.61<\/div>\n","protected":false},"excerpt":{"rendered":"<p>Groupe en porcelaine compos\u00e9 d\u2019un pianiste et de deux chanteuses (10 cm de haut) . Il n\u2019y a pas de marque visible permettant d\u2019identifier la manufacture. L\u2019ensemble est en tr\u00e8s bon \u00e9tat. R\u00e9f 42.61<\/p>\n","protected":false},"featured_media":10636,"comment_status":"open","ping_status":"closed","template":"","meta":{"neve_meta_sidebar":"","neve_meta_container":"","neve_meta_enable_content_width":"off","neve_meta_content_width":100,"neve_meta_title_alignment":"","neve_meta_author_avatar":"","neve_post_elements_order":"","neve_meta_disable_header":"","neve_meta_disable_footer":"","neve_meta_disable_title":""},"product_brand":[],"product_cat":[16,167],"product_tag":[],"class_list":{"0":"post-10635","1":"product","2":"type-product","3":"status-publish","4":"has-post-thumbnail","6":"product_cat-ceramique","7":"product_cat-peintures-et-sculptures","9":"first","10":"instock","11":"shipping-taxable","12":"purchasable","13":"product-type-simple"},"_links":{"self":[{"href":"https:\/\/legrenierdelatour.be\/brocante\/wp-json\/wp\/v2\/product\/10635","targetHints":{"allow":["GET"]}}],"collection":[{"href":"https:\/\/legrenierdelatour.be\/brocante\/wp-json\/wp\/v2\/product"}],"about":[{"href":"https:\/\/legrenierdelatour.be\/brocante\/wp-json\/wp\/v2\/types\/product"}],"replies":[{"embeddable":true,"href":"https:\/\/legrenierdelatour.be\/brocante\/wp-json\/wp\/v2\/comments?post=10635"}],"wp:featuredmedia":[{"embeddable":true,"href":"https:\/\/legrenierdelatour.be\/brocante\/wp-json\/wp\/v2\/media\/10636"}],"wp:attachment":[{"href":"https:\/\/legrenierdelatour.be\/brocante\/wp-json\/wp\/v2\/media?parent=10635"}],"wp:term":[{"taxonomy":"product_brand","embeddable":true,"href":"https:\/\/legrenierdelatour.be\/brocante\/wp-json\/wp\/v2\/product_brand?post=10635"},{"taxonomy":"product_cat","embeddable":true,"href":"https:\/\/legrenierdelatour.be\/brocante\/wp-json\/wp\/v2\/product_cat?post=10635"},{"taxonomy":"product_tag","embeddable":true,"href":"https:\/\/legrenierdelatour.be\/brocante\/wp-json\/wp\/v2\/product_tag?post=10635"}],"curies":[{"name":"wp","href":"https:\/\/api.w.org\/{rel}","templated":true}]}}